{"id":39105,"date":"2025-07-16T19:52:36","date_gmt":"2025-07-17T00:52:36","guid":{"rendered":"https:\/\/amberadvocate.org\/aiic\/alerta-amber-en-el-pais-indio\/"},"modified":"2026-01-26T18:41:24","modified_gmt":"2026-01-27T00:41:24","slug":"alerta-amber-en-el-pais-indio","status":"publish","type":"page","link":"https:\/\/amberadvocate.org\/es\/alerta-amber-en-el-pais-indio\/","title":{"rendered":"Alerta AMBER en el Pa\u00eds Indio"},"content":{"rendered":"<div id=\"pl-39105\"  class=\"panel-layout\" ><div id=\"pg-39105-0\"  class=\"panel-grid panel-no-style\" ><div id=\"pgc-39105-0-0\"  class=\"panel-grid-cell\" ><div id=\"panel-39105-0-0-0\" class=\"so-panel widget widget_title-widget panel-first-child\" data-index=\"0\" ><div\n\t\t\t\n\t\t\tclass=\"so-widget-title-widget so-widget-title-widget-default-d75171398898-39105\"\n\t\t\t\n\t\t>\n<!-- AA Title Widget debug: name=AA Widget ID_187218014065c12a3fa6cd3156073157: title | title=\"Welcome to the AMBER Alert in Indian Country Homepage!\" -->\n\r\n<div class=\"aa-title-widget-container\">\r\n\t<div class=\"aa-title-widget-title\">\r\n\t\t<h2 class=\"default center-align\">El Programa del Equipo de Respuesta a la Sustracci\u00f3n de Menores (CART):<\/h2>\t<\/div>\r\n\t<div class=\"aa-title-widget-subtitle subhead default center-align\">\r\n\t\t\t<\/div>\r\n<\/div>\r\n\t\t\t\r\n\r\n<\/div><\/div><div id=\"panel-39105-0-0-1\" class=\"so-panel widget widget_sow-editor panel-last-child\" data-index=\"1\" ><div\n\t\t\t\n\t\t\tclass=\"so-widget-sow-editor so-widget-sow-editor-base\"\n\t\t\t\n\t\t>\n<div class=\"siteorigin-widget-tinymce textwidget\">\n\t<p class=\"p2\">Aqu\u00ed puedes explorar los recursos de formaci\u00f3n, asistencia t\u00e9cnica y protecci\u00f3n de menores de la Alerta AMBER en el Pa\u00eds Indio (AIIC) para Tribus reconocidas a nivel federal, Aldeas Nativas de Alaska y comunidades de todo el pa\u00eds en su labor de proteger a los ni\u00f1os y recuperar con seguridad a los que est\u00e1n en peligro, desaparecidos o han sido secuestrados. Si tienes m\u00e1s preguntas o necesidades relacionadas con la AIIC, env\u00edanos un correo electr\u00f3nico a <a href=\"mailto:askamber@fvtc.edu\">askamber@fvtc.edu,<\/a> y en el asunto incluye \"Consulta AIIC\". <\/p>\n<p>&nbsp;<\/p>\n<\/div>\n<\/div><\/div><\/div><\/div><div id=\"pg-39105-1\"  class=\"panel-grid panel-no-style\" ><div id=\"pgc-39105-1-0\"  class=\"panel-grid-cell panel-grid-cell-empty\" ><\/div><div id=\"pgc-39105-1-1\"  class=\"panel-grid-cell panel-grid-cell-mobile-last\" ><div id=\"panel-39105-1-1-0\" class=\"widget_text so-panel widget widget_custom_html panel-first-child\" data-index=\"2\" ><div class=\"textwidget custom-html-widget\"><div class=\"responsive-embed\">\n<iframe src=\"https:\/\/player.vimeo.com\/video\/1101255686?h=7b31160a0e&amp;title=0&amp;byline=0&amp;portrait=0&amp;badge=0&amp;autopause=0&amp;player_id=0&amp;app_id=58479\" width=\"1920\" height=\"1080\" frameborder=\"0\" allow=\"autoplay; fullscreen; picture-in-picture; clipboard-write; encrypted-media; web-share\" referrerpolicy=\"strict-origin-when-cross-origin\" title=\"Enfrentarse a una epidemia: Empat\u00eda, capacitaci\u00f3n y educaci\u00f3n\"><\/iframe>\n<\/div><\/div><\/div><div id=\"panel-39105-1-1-1\" class=\"so-panel widget widget_title-widget panel-last-child\" data-index=\"3\" ><div\n\t\t\t\n\t\t\tclass=\"so-widget-title-widget so-widget-title-widget-default-d75171398898-39105\"\n\t\t\t\n\t\t>\n<!-- AA Title Widget debug: name=AA Widget ID_20738972026876f949414d3866740133: title | title=\"Confronting an Epidemic: Empathy, Empowerment &amp; Education\" -->\n\r\n<div class=\"aa-title-widget-container\">\r\n\t<div class=\"aa-title-widget-title\">\r\n\t\t<h3 class=\"default center-align\">Confronting an Epidemic: Empathy, Empowerment &amp; Education<\/h3>\t<\/div>\r\n\t<div class=\"aa-title-widget-subtitle subhead default center-align\">\r\n\t\t\t<\/div>\r\n<\/div>\r\n\t\t\t\r\n\r\n<\/div><\/div><\/div><div id=\"pgc-39105-1-2\"  class=\"panel-grid-cell panel-grid-cell-empty\" ><\/div><\/div><div id=\"pg-39105-2\"  class=\"panel-grid panel-no-style\" ><div id=\"pgc-39105-2-0\"  class=\"panel-grid-cell\" ><div id=\"panel-39105-2-0-0\" class=\"widget_text so-panel widget widget_custom_html panel-first-child\" data-index=\"4\" ><div class=\"textwidget custom-html-widget\"><div class=\"responsive-embed\">\n<iframe src=\"https:\/\/player.vimeo.com\/video\/1101254854?h=88cb19b788&amp;title=0&amp;byline=0&amp;portrait=0&amp;badge=0&amp;autopause=0&amp;player_id=0&amp;app_id=58479\" width=\"1920\" height=\"1080\" frameborder=\"0\" allow=\"autoplay; fullscreen; picture-in-picture; clipboard-write; encrypted-media; web-share\" title=\"Necesitamos ayudarnos mutuamente: Tiende la mano\"><\/iframe>\n<\/div><\/div><\/div><div id=\"panel-39105-2-0-1\" class=\"so-panel widget widget_title-widget panel-last-child\" data-index=\"5\" ><div\n\t\t\t\n\t\t\tclass=\"so-widget-title-widget so-widget-title-widget-default-d75171398898-39105\"\n\t\t\t\n\t\t>\n<!-- AA Title Widget debug: name=AA Widget ID_8662697406876f95d10f80156065030: title | title=\"We Need to Help Each Other: Reach Out\" -->\n\r\n<div class=\"aa-title-widget-container\">\r\n\t<div class=\"aa-title-widget-title\">\r\n\t\t<h3 class=\"default center-align\">We Need to Help Each Other: Reach Out<\/h3>\t<\/div>\r\n\t<div class=\"aa-title-widget-subtitle subhead default center-align\">\r\n\t\t\t<\/div>\r\n<\/div>\r\n\t\t\t\r\n\r\n<\/div><\/div><\/div><div id=\"pgc-39105-2-1\"  class=\"panel-grid-cell\" ><div id=\"panel-39105-2-1-0\" class=\"widget_text so-panel widget widget_custom_html panel-first-child\" data-index=\"6\" ><div class=\"textwidget custom-html-widget\"><div class=\"responsive-embed\">\n<iframe src=\"https:\/\/player.vimeo.com\/video\/1101253210?h=a8e00d49f8&amp;title=0&amp;byline=0&amp;portrait=0&amp;badge=0&amp;autopause=0&amp;player_id=0&amp;app_id=58479\" width=\"1920\" height=\"1080\" frameborder=\"0\" allow=\"autoplay; fullscreen; picture-in-picture; clipboard-write; encrypted-media; web-share\" title=\"El conocimiento es poder: act\u00faa\"><\/iframe>\n<\/div><\/div><\/div><div id=\"panel-39105-2-1-1\" class=\"so-panel widget widget_title-widget panel-last-child\" data-index=\"7\" ><div\n\t\t\t\n\t\t\tclass=\"so-widget-title-widget so-widget-title-widget-default-d75171398898-39105\"\n\t\t\t\n\t\t>\n<!-- AA Title Widget debug: name=AA Widget ID_1336576766876f961f1afb156009812: title | title=\"Knowledge is Power: Take Action\" -->\n\r\n<div class=\"aa-title-widget-container\">\r\n\t<div class=\"aa-title-widget-title\">\r\n\t\t<h3 class=\"default center-align\">Knowledge is Power: Take Action<\/h3>\t<\/div>\r\n\t<div class=\"aa-title-widget-subtitle subhead default center-align\">\r\n\t\t\t<\/div>\r\n<\/div>\r\n\t\t\t\r\n\r\n<\/div><\/div><\/div><\/div><div id=\"pg-39105-3\"  class=\"panel-grid panel-has-style\" ><div class=\"siteorigin-panels-stretch panel-row-style panel-row-style-for-39105-3\" data-stretch-type=\"full-width-stretch\" ><div id=\"pgc-39105-3-0\"  class=\"panel-grid-cell\" ><div id=\"panel-39105-3-0-0\" class=\"so-panel widget widget_split-section-widget panel-first-child\" data-index=\"8\" ><div class=\"panel-widget-style panel-widget-style-for-39105-3-0-0\" ><div\n\t\t\t\n\t\t\tclass=\"so-widget-split-section-widget so-widget-split-section-widget-default-d75171398898-39105\"\n\t\t\t\n\t\t>\n<div class=\"aa-split-widget-container black image-on-left\">\n\t<div class=\"aa-split-widget-img\"  style=\"background-image:url('https:\/\/amberadvocate.org\/wp-content\/uploads\/2024\/05\/TRIBAL-LE-2.jpg');\"><\/div>\n\t<div class=\"aa-split-widget-content\">\n\t\t\n\t\t\t<div class=\"aa-split-widget-title section-title\"><h2>Acerca de CART<\/h2><\/div>\n\t\t\n\t\t\n\t\t\t\t<div class=\"aa-split-widget-desc\"><p><span style=\"color: #ffcc00;\"><strong>QU\u00c9:<\/strong><\/span> Los Equipos de Respuesta a la Sustracci\u00f3n de Menores (CART) son un compuesto multiinstitucional, a menudo multijurisdiccional, de profesionales de la comunidad formados y equipados para responder en la b\u00fasqueda y recuperaci\u00f3n de un menor sustra\u00eddo o en peligro.<\/p>\n<p><span style=\"color: #ffcc00;\"><strong>POR QU\u00c9:<\/strong><\/span> El objetivo de un programa CART es garantizar una respuesta comunitaria r\u00e1pida y completa ante una sustracci\u00f3n de menores.<\/p>\n<p><span style=\"color: #ffcc00;\"><strong>C\u00d3MO:<\/strong><\/span> La estrategia CART incorpora tres elementos.<\/p>\n<ul>\n<li>Personas formadas con funciones y asignaciones establecidas.<\/li>\n<li>Listados listos para el despliegue de recursos y equipos de ayuda a la llamada, coordinaci\u00f3n, b\u00fasqueda y rescate.<\/li>\n<li>Una red de recursos comunitarios no tradicionales a los que el equipo pueda recurrir para ayudar en la investigaci\u00f3n.<\/li>\n<\/ul>\n<p>Al igual que las Alertas AMBER, los CART son un recurso de alto efecto multiplicador de la fuerza que los organismos pueden emplear en un incidente de secuestro o en situaciones en las que un menor est\u00e1 desaparecido y se cree que est\u00e1 en peligro inminente.<\/p>\n<\/div>\n\t\t\t\t\n\t\t\t\t<div class=\"aa-split-widget-btn\"><a href=\"https:\/\/amberadvocate.org\/aiic\/about\/\" class=\"btn small\">Consulta nuestros recursos CART para saber m\u00e1s<\/a><\/div>\n\t\t\n\t<\/div>\n<\/div><\/div><\/div><\/div><div id=\"panel-39105-3-0-1\" class=\"so-panel widget widget_split-section-widget\" data-index=\"9\" ><div class=\"panel-widget-style panel-widget-style-for-39105-3-0-1\" ><div\n\t\t\t\n\t\t\tclass=\"so-widget-split-section-widget so-widget-split-section-widget-default-d75171398898-39105\"\n\t\t\t\n\t\t>\n<div class=\"aa-split-widget-container yellow image-on-right\">\n\t<div class=\"aa-split-widget-img\"  style=\"background-image:url('https:\/\/amberadvocate.org\/wp-content\/uploads\/2025\/04\/IC-training-2.jpg');\"><\/div>\n\t<div class=\"aa-split-widget-content\">\n\t\t\n\t\t\t<div class=\"aa-split-widget-title section-title\"><h2>Formaci\u00f3n CART<\/h2><\/div>\n\t\t\n\t\t\n\t\t\t\t<div class=\"aa-split-widget-desc\"><p><strong>Ofrecemos tres magn\u00edficas formas de obtener formaci\u00f3n CART.<\/strong><\/p>\n<ul>\n<li>Inscr\u00edbete en una pr\u00f3xima clase con plazas libres.<\/li>\n<li>Solicita uno de nuestros cursos de formaci\u00f3n CART para impartirlo en tu agencia\/en tu zona.<\/li>\n<li>Formaci\u00f3n CART completa en l\u00ednea y a tu ritmo: s\u00f3lo tienes que registrarte y acceder a tus cursos bajo demanda.<\/li>\n<\/ul>\n<\/div>\n\t\t\t\t\n\t\t\t\t<div class=\"aa-split-widget-btn\"><a href=\"https:\/\/amberadvocate.org\/aiic\/training\" class=\"btn small\">Visita la p\u00e1gina de Formaci\u00f3n CART para saber m\u00e1s<\/a><\/div>\n\t\t\n\t<\/div>\n<\/div><\/div><\/div><\/div><div id=\"panel-39105-3-0-2\" class=\"so-panel widget widget_split-section-widget\" data-index=\"10\" ><div class=\"panel-widget-style panel-widget-style-for-39105-3-0-2\" ><div\n\t\t\t\n\t\t\tclass=\"so-widget-split-section-widget so-widget-split-section-widget-default-d75171398898-39105\"\n\t\t\t\n\t\t>\n<div class=\"aa-split-widget-container black image-on-left\">\n\t<div class=\"aa-split-widget-img\"  style=\"background-image:url('https:\/\/amberadvocate.org\/wp-content\/uploads\/2025\/04\/IC-Resources-Home-image-e1744904950622.jpg');\"><\/div>\n\t<div class=\"aa-split-widget-content\">\n\t\t\n\t\t\t<div class=\"aa-split-widget-title section-title\"><h2>Certificaci\u00f3n CART: Solicita la Certificaci\u00f3n del USDOJ, o Recertifica a tu Equipo<\/h2><\/div>\n\t\t\n\t\t\n\t\t\t\t<div class=\"aa-split-widget-desc\">Ent\u00e9rate de c\u00f3mo el Programa de Certificaci\u00f3n CART de la AATTAP ayuda a las jurisdicciones locales, tribales y estatales a llevar sus esfuerzos de implantaci\u00f3n de CART al siguiente nivel, demostrando la capacidad de su equipo para desplegarse r\u00e1pida y eficazmente, trabajar en equipo con recursos especializados y mantener la documentaci\u00f3n y el equipo cr\u00edticos en respuesta a un incidente de desaparici\u00f3n o sustracci\u00f3n de menores en peligro.<\/div>\n\t\t\t\t\n\t\t\t\t<div class=\"aa-split-widget-btn\"><a href=\"https:\/\/amberadvocate.org\/aiic\/resources\" class=\"btn small\">Visita la p\u00e1gina de Certificaci\u00f3n CART para saber m\u00e1s<\/a><\/div>\n\t\t\n\t<\/div>\n<\/div><\/div><\/div><\/div><div id=\"panel-39105-3-0-3\" class=\"so-panel widget widget_split-section-widget\" data-index=\"11\" ><div class=\"panel-widget-style panel-widget-style-for-39105-3-0-3\" ><div\n\t\t\t\n\t\t\tclass=\"so-widget-split-section-widget so-widget-split-section-widget-default-d75171398898-39105\"\n\t\t\t\n\t\t>\n<div class=\"aa-split-widget-container yellow image-on-right\">\n\t<div class=\"aa-split-widget-img\"  style=\"background-image:url('https:\/\/amberadvocate.org\/wp-content\/uploads\/2025\/04\/Tye-Pam-Janell-scaled.jpeg');\"><\/div>\n\t<div class=\"aa-split-widget-content\">\n\t\t\n\t\t\t<div class=\"aa-split-widget-title section-title\"><h2>AMBER Alert in Indian Country News<\/h2><\/div>\n\t\t\n\t\t\n\t\t\t\t<div class=\"aa-split-widget-desc\"><p><b>Read the latest\u00a0<\/b>news from AMBER Alert in Indian Country! Published quarterly through our <em>AMBER Advocate Magazine<\/em>, and whenever great news about our implementation, training and technical assistance efforts drops -- you'll find it here.<\/p>\n<\/div>\n\t\t\t\t\n\t\t\t\t<div class=\"aa-split-widget-btn\"><a href=\"https:\/\/amberadvocate.org\/aiic\/news\/\" class=\"btn small\">Latest AMBER Alert in Indian Country News<\/a><\/div>\n\t\t\n\t<\/div>\n<\/div><\/div><\/div><\/div><div id=\"panel-39105-3-0-4\" class=\"so-panel widget widget_split-section-widget panel-last-child\" data-index=\"12\" ><div class=\"panel-widget-style panel-widget-style-for-39105-3-0-4\" ><div\n\t\t\t\n\t\t\tclass=\"so-widget-split-section-widget so-widget-split-section-widget-default-d75171398898-39105\"\n\t\t\t\n\t\t>\n<div class=\"aa-split-widget-container black image-on-left\">\n\t<div class=\"aa-split-widget-img\"  style=\"background-image:url('https:\/\/amberadvocate.org\/wp-content\/uploads\/2025\/05\/partners-thumb-for-ic-home.jpg');\"><\/div>\n\t<div class=\"aa-split-widget-content\">\n\t\t\n\t\t\t<div class=\"aa-split-widget-title section-title\"><h2>AMBER Alert Partners in Indian Country<\/h2><\/div>\n\t\t\n\t\t\t\t<div class=\"aa-split-widget-subtitle subhead\">Join our national network of partners on the AMBER Advocate Website Partners Portal<\/div>\n\t\t\n\t\t\t\t<div class=\"aa-split-widget-desc\"><p>The Portal offers AMBER Alert Partners secure access to a partner information listing, resource library, discussion boards, training and awareness video content and more.<\/p>\n<p>If you work in an official role in one or more of these areas, you are eligible for a Partners Portal membership. For more information and assistance, reach out to us at askamber@fvtc.edu, and include \"AIIC Partners Portal Inquiry\" in the subject line of your email; or call us at 877-712-6237.<\/p>\n<ul>\n<li>AMBER Alert Program Coordinator<\/li>\n<li>Missing Persons Clearinghouse Manager\/Coordinator<\/li>\n<li>Active Child Abduction Response Team (CART) Member<\/li>\n<li>Tribal Community Child Protection<\/li>\n<\/ul>\n<p>And to view our interactive map of state AMBER Alert and Missing Persons Clearinghouse program information, click below.<\/p>\n<p>&nbsp;<\/p>\n<\/div>\n\t\t\t\t\n\t\t\t\t<div class=\"aa-split-widget-btn\"><a href=\"https:\/\/amberadvocate.org\/amber-alert-network\/meet-our-partners\/\" class=\"btn small\">View the AMBER Alert Partners Map<\/a><\/div>\n\t\t\n\t<\/div>\n<\/div><\/div><\/div><\/div><\/div><\/div><\/div><\/div>","protected":false},"excerpt":{"rendered":"<p>Aqu\u00ed puedes explorar los recursos de formaci\u00f3n, asistencia t\u00e9cnica y protecci\u00f3n de menores de la Alerta AMBER en el Pa\u00eds Indio (AIIC) para Tribus reconocidas a nivel federal, Aldeas Nativas de Alaska y comunidades de todo el pa\u00eds en su labor de proteger a los ni\u00f1os y recuperar con seguridad a los que est\u00e1n en [&hellip;]<\/p>\n","protected":false},"author":10,"featured_media":34708,"parent":0,"menu_order":0,"comment_status":"closed","ping_status":"closed","template":"","meta":{"_bbp_topic_count":0,"_bbp_reply_count":0,"_bbp_total_topic_count":0,"_bbp_total_reply_count":0,"_bbp_voice_count":0,"_bbp_anonymous_reply_count":0,"_bbp_topic_count_hidden":0,"_bbp_reply_count_hidden":0,"_bbp_forum_subforum_count":0,"_analytify_skip_tracking":false,"footnotes":""},"class_list":["post-39105","page","type-page","status-publish","has-post-thumbnail","hentry"],"meta_box":{"aa_theme_enable_blocks_editor":"","aa_theme_featured_img_position":""},"publishpress_future_workflow_manual_trigger":{"enabledWorkflows":[]},"_links":{"self":[{"href":"https:\/\/amberadvocate.org\/es\/wp-json\/wp\/v2\/pages\/39105","targetHints":{"allow":["GET"]}}],"collection":[{"href":"https:\/\/amberadvocate.org\/es\/wp-json\/wp\/v2\/pages"}],"about":[{"href":"https:\/\/amberadvocate.org\/es\/wp-json\/wp\/v2\/types\/page"}],"author":[{"embeddable":true,"href":"https:\/\/amberadvocate.org\/es\/wp-json\/wp\/v2\/users\/10"}],"replies":[{"embeddable":true,"href":"https:\/\/amberadvocate.org\/es\/wp-json\/wp\/v2\/comments?post=39105"}],"version-history":[{"count":0,"href":"https:\/\/amberadvocate.org\/es\/wp-json\/wp\/v2\/pages\/39105\/revisions"}],"wp:featuredmedia":[{"embeddable":true,"href":"https:\/\/amberadvocate.org\/es\/wp-json\/wp\/v2\/media\/34708"}],"wp:attachment":[{"href":"https:\/\/amberadvocate.org\/es\/wp-json\/wp\/v2\/media?parent=39105"}],"curies":[{"name":"wp","href":"https:\/\/api.w.org\/{rel}","templated":true}]}}