{"id":39103,"date":"2025-04-25T10:35:25","date_gmt":"2025-04-25T15:35:25","guid":{"rendered":"https:\/\/amberadvocate.org\/aiic\/acerca-de-la-alerta-amber-en-el-pais-indio\/"},"modified":"2026-01-26T18:40:48","modified_gmt":"2026-01-27T00:40:48","slug":"acerca-de-la-alerta-amber-en-el-pais-indio","status":"publish","type":"page","link":"https:\/\/amberadvocate.org\/es\/alerta-amber-en-el-pais-indio\/acerca-de-la-alerta-amber-en-el-pais-indio\/","title":{"rendered":"Acerca de la Alerta AMBER en el Pa\u00eds Indio"},"content":{"rendered":"<div id=\"pl-39103\"  class=\"panel-layout\" ><div id=\"pg-39103-0\"  class=\"panel-grid panel-no-style\" ><div id=\"pgc-39103-0-0\"  class=\"panel-grid-cell\" ><div id=\"panel-39103-0-0-0\" class=\"so-panel widget widget_sow-headline panel-first-child panel-last-child\" data-index=\"0\" ><div\n\t\t\t\n\t\t\tclass=\"so-widget-sow-headline so-widget-sow-headline-default-ea0af4cf39ae-39103\"\n\t\t\t\n\t\t><div class=\"sow-headline-container \">\n\t\t\t\t\t\t\t<h1 class=\"sow-headline\">\n\t\t\t\t\t\tMisi\u00f3n\t\t\t\t\t\t<\/h1>\n\t\t\t\t\t\t\t\t\t\t\t<div class=\"decoration\">\n\t\t\t\t\t\t<div class=\"decoration-inside\"><\/div>\n\t\t\t\t\t<\/div>\n\t\t\t\t\t<\/div>\n<\/div><\/div><\/div><\/div><div id=\"pg-39103-1\"  class=\"panel-grid panel-no-style\" ><div id=\"pgc-39103-1-0\"  class=\"panel-grid-cell\" ><div id=\"panel-39103-1-0-0\" class=\"so-panel widget widget_sow-editor panel-first-child panel-last-child\" data-index=\"1\" ><div\n\t\t\t\n\t\t\tclass=\"so-widget-sow-editor so-widget-sow-editor-base\"\n\t\t\t\n\t\t>\n<div class=\"siteorigin-widget-tinymce textwidget\">\n\t<h4>La misi\u00f3n del Programa de Formaci\u00f3n y Asistencia T\u00e9cnica de la Alerta AMBER, Iniciativa Alerta AMBER en el Pa\u00eds Indio (AIIC), es ayudar a las comunidades tribales a desarrollar programas para recuperar de forma segura a los ni\u00f1os desaparecidos o secuestrados en peligro, mediante los esfuerzos coordinados de las tribus y sus socios locales, estatales y federales, utilizando la formaci\u00f3n y la tecnolog\u00eda para mejorar las capacidades de respuesta, las aptitudes y aumentar la participaci\u00f3n p\u00fablica en la protecci\u00f3n de los ni\u00f1os.<\/h4>\n<hr>\n<p>&nbsp;<\/p>\n<\/div>\n<\/div><\/div><\/div><div id=\"pgc-39103-1-1\"  class=\"panel-grid-cell\" ><div id=\"panel-39103-1-1-0\" class=\"so-panel widget widget_sow-button panel-first-child panel-last-child\" data-index=\"2\" ><div class=\"panel-widget-style panel-widget-style-for-39103-1-1-0\" ><div\n\t\t\t\n\t\t\tclass=\"so-widget-sow-button so-widget-sow-button-flat-da53876ac688-39103\"\n\t\t\t\n\t\t><div class=\"ow-button-base ow-button-align-center\"\n>\n\t\t\t<a\n\t\t\t\t\thref=\"https:\/\/amberadvocate.org\/wp-content\/uploads\/2025\/04\/AIIC_Factsheet2025_v2.pdf\"\n\t\t\t\t\tclass=\"sowb-button ow-icon-placement-left ow-button-hover\" target=\"_blank\" rel=\"noopener noreferrer\" \t>\n\t\t<span>\n\t\t\t<span class=\"sow-icon-fontawesome sow-far\" data-sow-icon=\"&#xf1c1;\"\n\t\tstyle=\"color: #ffffff\" \n\t\taria-hidden=\"true\"><\/span>\n\t\t\tVer la hoja informativa\t\t<\/span>\n\t\t\t<\/a>\n\t<\/div>\n<\/div><\/div><\/div><\/div><\/div><div id=\"pg-39103-2\"  class=\"panel-grid panel-no-style\" ><div id=\"pgc-39103-2-0\"  class=\"panel-grid-cell\" ><div id=\"panel-39103-2-0-0\" class=\"so-panel widget widget_title-widget panel-first-child panel-last-child\" data-index=\"3\" ><div\n\t\t\t\n\t\t\tclass=\"so-widget-title-widget so-widget-title-widget-default-d75171398898-39103\"\n\t\t\t\n\t\t>\n<!-- AA Title Widget debug: name=AA Widget ID_148486773365c104bd43e36980954826: title | title=\"Program Administrator\" -->\n\r\n<div class=\"aa-title-widget-container\">\r\n\t<div class=\"aa-title-widget-title\">\r\n\t\t<h2 class=\"default center-align\">Administrador del Programa<\/h2>\t<\/div>\r\n\t<div class=\"aa-title-widget-subtitle subhead default center-align\">\r\n\t\t\t<\/div>\r\n<\/div>\r\n\t\t\t\r\n\r\n<\/div><\/div><\/div><\/div><div id=\"pg-39103-3\"  class=\"panel-grid panel-no-style\" ><div id=\"pgc-39103-3-0\"  class=\"panel-grid-cell panel-grid-cell-empty\" ><\/div><div id=\"pgc-39103-3-1\"  class=\"panel-grid-cell panel-grid-cell-mobile-last\" ><div id=\"panel-39103-3-1-0\" class=\"so-panel widget widget_wp_single_post_widget panel-first-child panel-last-child\" data-index=\"4\" ><article class=\"aa-card staff-bio-card\"><div class=\"aa-card-img square\" style=\"background-image:url(https:\/\/amberadvocate.org\/wp-content\/uploads\/2024\/05\/JR_PORTRAIT_UPDATED_4-2024-web.jpg); background-position: center center;\" aria-hidden=\"true\"><\/div><div class=\"aa-card-body\"><h2>Janell Rasmussen<\/h2><h3>NCJTC Director &amp; AATTAP Administrator<\/h3><div class=\"aa-card-copy-and-btn-stretch-height-wrapper\"><p><\/p><div class=\"staff-btn-wrapper\"><a class=\"btn sm blue\" href=\"mailto:janell.rasmussen4001@fvtc.edu\">Env\u00eda un correo electr\u00f3nico a Janell<\/a><a class=\"btn sm blue\" href=\"https:\/\/amberadvocate.org\/staff-bio\/janell-rasmussen\/\">Sobre Janell<\/a><\/div><\/div><\/div><\/article><\/div><\/div><div id=\"pgc-39103-3-2\"  class=\"panel-grid-cell panel-grid-cell-empty\" ><\/div><\/div><div id=\"pg-39103-4\"  class=\"panel-grid panel-no-style\" ><div id=\"pgc-39103-4-0\"  class=\"panel-grid-cell\" ><div id=\"panel-39103-4-0-0\" class=\"so-panel widget widget_title-widget panel-first-child panel-last-child\" data-index=\"5\" ><div\n\t\t\t\n\t\t\tclass=\"so-widget-title-widget so-widget-title-widget-default-d75171398898-39103\"\n\t\t\t\n\t\t>\n<!-- AA Title Widget debug: name=AA Widget ID_109116112865c104ec5c1f2352463169: title | title=\"Deputy Administrators\" -->\n\r\n<div class=\"aa-title-widget-container\">\r\n\t<div class=\"aa-title-widget-title\">\r\n\t\t<h2 class=\"default center-align\">Administradores Adjuntos<\/h2>\t<\/div>\r\n\t<div class=\"aa-title-widget-subtitle subhead default center-align\">\r\n\t\t\t<\/div>\r\n<\/div>\r\n\t\t\t\r\n\r\n<\/div><\/div><\/div><\/div><div id=\"pg-39103-5\"  class=\"panel-grid panel-no-style\" ><div id=\"pgc-39103-5-0\"  class=\"panel-grid-cell panel-grid-cell-empty\" ><\/div><div id=\"pgc-39103-5-1\"  class=\"panel-grid-cell\" ><div id=\"panel-39103-5-1-0\" class=\"so-panel widget widget_wp_single_post_widget panel-first-child panel-last-child\" data-index=\"6\" ><article class=\"aa-card staff-bio-card\"><div class=\"aa-card-img square\" style=\"background-image:url(https:\/\/amberadvocate.org\/wp-content\/uploads\/2026\/04\/Price-Lehmann-Jennifer_headshot_10-24.jpg); background-position: center center;\" aria-hidden=\"true\"><\/div><div class=\"aa-card-body\"><h2>Jenniffer Price-Lehmann<\/h2><h3>Deputy Administrator<\/h3><div class=\"aa-card-copy-and-btn-stretch-height-wrapper\"><p><\/p><div class=\"staff-btn-wrapper\"><a class=\"btn sm blue\" href=\"mailto:jenniffer.price-lehmann4212@fvtc.edu\">EMAIL JENNIFFER<\/a><a class=\"btn sm blue\" href=\"https:\/\/amberadvocate.org\/staff-bio\/jenniffer-price-lehmann\/\">SOBRE JENNIFFER<\/a><\/div><\/div><\/div><\/article><\/div><\/div><div id=\"pgc-39103-5-2\"  class=\"panel-grid-cell panel-grid-cell-mobile-last\" ><div id=\"panel-39103-5-2-0\" class=\"so-panel widget widget_wp_single_post_widget panel-first-child panel-last-child\" data-index=\"7\" ><article class=\"aa-card staff-bio-card\"><div class=\"aa-card-img square\" style=\"background-image:url(https:\/\/amberadvocate.org\/wp-content\/uploads\/2019\/09\/Byron-500.jpeg); background-position: center center;\" aria-hidden=\"true\"><\/div><div class=\"aa-card-body\"><h2>Byron Fassett<\/h2><h3>Deputy Administrator<\/h3><div class=\"aa-card-copy-and-btn-stretch-height-wrapper\"><p><\/p><div class=\"staff-btn-wrapper\"><a class=\"btn sm blue\" href=\"mailto:byron.fassett7070@fvtc.edu\">EMAIL BYRON<\/a><a class=\"btn sm blue\" href=\"https:\/\/amberadvocate.org\/staff-bio\/byron-fassett\/\">SOBRE BYRON<\/a><\/div><\/div><\/div><\/article><\/div><\/div><div id=\"pgc-39103-5-3\"  class=\"panel-grid-cell panel-grid-cell-empty\" ><\/div><\/div><div id=\"pg-39103-6\"  class=\"panel-grid panel-no-style\" ><div id=\"pgc-39103-6-0\"  class=\"panel-grid-cell\" ><div id=\"panel-39103-6-0-0\" class=\"so-panel widget widget_title-widget panel-first-child panel-last-child\" data-index=\"8\" ><div\n\t\t\t\n\t\t\tclass=\"so-widget-title-widget so-widget-title-widget-default-d75171398898-39103\"\n\t\t\t\n\t\t>\n<!-- AA Title Widget debug: name=AA Widget ID_355855566622ea2a9091a964732590: title | title=\"AIIC Program Manager\" -->\n\r\n<div class=\"aa-title-widget-container\">\r\n\t<div class=\"aa-title-widget-title\">\r\n\t\t<h2 class=\"default center-align\">Gestores de programas<\/h2>\t<\/div>\r\n\t<div class=\"aa-title-widget-subtitle subhead default center-align\">\r\n\t\t\t<\/div>\r\n<\/div>\r\n\t\t\t\r\n\r\n<\/div><\/div><\/div><\/div><div id=\"pg-39103-7\"  class=\"panel-grid panel-no-style\" ><div id=\"pgc-39103-7-0\"  class=\"panel-grid-cell panel-grid-cell-empty\" ><\/div><div id=\"pgc-39103-7-1\"  class=\"panel-grid-cell panel-grid-cell-mobile-last\" ><div id=\"panel-39103-7-1-0\" class=\"so-panel widget widget_wp_single_post_widget panel-first-child panel-last-child\" data-index=\"9\" ><article class=\"aa-card staff-bio-card\"><div class=\"aa-card-img square\" style=\"background-image:url(https:\/\/amberadvocate.org\/wp-content\/uploads\/2025\/05\/Tyesha-Wood-e1745595484469-2.jpg); background-position: center center;\" aria-hidden=\"true\"><\/div><div class=\"aa-card-body\"><h2>Tyesha Wood<\/h2><h3>Program Manager, AMBER Alert in Indian Country<\/h3><div class=\"aa-card-copy-and-btn-stretch-height-wrapper\"><p><\/p><div class=\"staff-btn-wrapper\"><a class=\"btn sm blue\" href=\"mailto:tyesha.wood9170@fvtc.edu\">EMAIL TYESHA<\/a><a class=\"btn sm blue\" href=\"https:\/\/amberadvocate.org\/staff-bio\/tyesha-wood\/\">SOBRE TYESHA<\/a><\/div><\/div><\/div><\/article><\/div><\/div><div id=\"pgc-39103-7-2\"  class=\"panel-grid-cell panel-grid-cell-empty\" ><\/div><\/div><div id=\"pg-39103-8\"  class=\"panel-grid panel-no-style\" ><div id=\"pgc-39103-8-0\"  class=\"panel-grid-cell\" ><div id=\"panel-39103-8-0-0\" class=\"so-panel widget widget_title-widget panel-first-child panel-last-child\" data-index=\"10\" ><div\n\t\t\t\n\t\t\tclass=\"so-widget-title-widget so-widget-title-widget-default-d75171398898-39103\"\n\t\t\t\n\t\t>\n<!-- AA Title Widget debug: name=AA Widget ID_1646798652680bd75661c24035956137: title | title=\"AIIC Project Coordinators\" -->\n\r\n<div class=\"aa-title-widget-container\">\r\n\t<div class=\"aa-title-widget-title\">\r\n\t\t<h2 class=\"default center-align\">AIIC Project Coordinators<\/h2>\t<\/div>\r\n\t<div class=\"aa-title-widget-subtitle subhead default center-align\">\r\n\t\t\t<\/div>\r\n<\/div>\r\n\t\t\t\r\n\r\n<\/div><\/div><\/div><\/div><div id=\"pg-39103-9\"  class=\"panel-grid panel-no-style\" ><div id=\"pgc-39103-9-0\"  class=\"panel-grid-cell\" ><div id=\"panel-39103-9-0-0\" class=\"so-panel widget widget_wp_single_post_widget panel-first-child panel-last-child\" data-index=\"11\" ><article class=\"aa-card staff-bio-card\"><div class=\"aa-card-img square\" style=\"background-image:url(https:\/\/amberadvocate.org\/wp-content\/uploads\/2025\/05\/dave-dp.jpg); background-position: center center;\" aria-hidden=\"true\"><\/div><div class=\"aa-card-body\"><h2>Dave Chewiwie<\/h2><h3>Project Coordinator, AMBER Alert in Indian Country<\/h3><div class=\"aa-card-copy-and-btn-stretch-height-wrapper\"><p><\/p><div class=\"staff-btn-wrapper\"><a class=\"btn sm blue\" href=\"mailto:david.chewiwie8554@fvtc.edu\">Email Dave<\/a><a class=\"btn sm blue\" href=\"https:\/\/amberadvocate.org\/staff-bio\/dave-chewiwie\/\">About Dave<\/a><\/div><\/div><\/div><\/article><\/div><\/div><div id=\"pgc-39103-9-1\"  class=\"panel-grid-cell\" ><div id=\"panel-39103-9-1-0\" class=\"so-panel widget widget_wp_single_post_widget panel-first-child panel-last-child\" data-index=\"12\" ><article class=\"aa-card staff-bio-card\"><div class=\"aa-card-img square\" style=\"background-image:url(https:\/\/amberadvocate.org\/wp-content\/uploads\/2025\/04\/Amy_Hood-Schwindt-e1745606208344.jpg); background-position: center center;\" aria-hidden=\"true\"><\/div><div class=\"aa-card-body\"><h2>Amy Hood-Schwindt<\/h2><h3>Project Coordinator, AMBER Alert in Indian Country<\/h3><div class=\"aa-card-copy-and-btn-stretch-height-wrapper\"><p><\/p><div class=\"staff-btn-wrapper\"><a class=\"btn sm blue\" href=\"mailto:amy.hood-schwindt0323@fvtc.edu\">Email Amy<\/a><a class=\"btn sm blue\" href=\"https:\/\/amberadvocate.org\/staff-bio\/amy-hood-schwindt\/\">About Amy<\/a><\/div><\/div><\/div><\/article><\/div><\/div><div id=\"pgc-39103-9-2\"  class=\"panel-grid-cell\" ><div id=\"panel-39103-9-2-0\" class=\"so-panel widget widget_wp_single_post_widget panel-first-child panel-last-child\" data-index=\"13\" ><article class=\"aa-card staff-bio-card\"><div class=\"aa-card-img square\" style=\"background-image:url(https:\/\/amberadvocate.org\/wp-content\/uploads\/2025\/04\/wildcatt_alica.jpg); background-position: center center;\" aria-hidden=\"true\"><\/div><div class=\"aa-card-body\"><h2>Alica Murphy Wildcatt<\/h2><h3>Project Coordinator, AMBER Alert in Indian Country<\/h3><div class=\"aa-card-copy-and-btn-stretch-height-wrapper\"><p><\/p><div class=\"staff-btn-wrapper\"><a class=\"btn sm blue\" href=\"mailto:alica.wildcatt0458@fvtc.edu\">Email Alica<\/a><a class=\"btn sm blue\" href=\"https:\/\/amberadvocate.org\/staff-bio\/alica-wildcatt\/\">About Alica<\/a><\/div><\/div><\/div><\/article><\/div><\/div><\/div><\/div>","protected":false},"excerpt":{"rendered":"<p>La misi\u00f3n del Programa de Formaci\u00f3n y Asistencia T\u00e9cnica de la Alerta AMBER, Iniciativa Alerta AMBER en el Pa\u00eds Indio (AIIC), es ayudar a las comunidades tribales a desarrollar programas para recuperar de forma segura a los ni\u00f1os desaparecidos o secuestrados en peligro, mediante los esfuerzos coordinados de las tribus y sus socios locales, estatales [&hellip;]<\/p>\n","protected":false},"author":10,"featured_media":34708,"parent":39105,"menu_order":0,"comment_status":"closed","ping_status":"closed","template":"","meta":{"_bbp_topic_count":0,"_bbp_reply_count":0,"_bbp_total_topic_count":0,"_bbp_total_reply_count":0,"_bbp_voice_count":0,"_bbp_anonymous_reply_count":0,"_bbp_topic_count_hidden":0,"_bbp_reply_count_hidden":0,"_bbp_forum_subforum_count":0,"_analytify_skip_tracking":false,"footnotes":""},"class_list":["post-39103","page","type-page","status-publish","has-post-thumbnail","hentry"],"meta_box":{"aa_theme_enable_blocks_editor":"","aa_theme_featured_img_position":""},"publishpress_future_workflow_manual_trigger":{"enabledWorkflows":[]},"_links":{"self":[{"href":"https:\/\/amberadvocate.org\/es\/wp-json\/wp\/v2\/pages\/39103","targetHints":{"allow":["GET"]}}],"collection":[{"href":"https:\/\/amberadvocate.org\/es\/wp-json\/wp\/v2\/pages"}],"about":[{"href":"https:\/\/amberadvocate.org\/es\/wp-json\/wp\/v2\/types\/page"}],"author":[{"embeddable":true,"href":"https:\/\/amberadvocate.org\/es\/wp-json\/wp\/v2\/users\/10"}],"replies":[{"embeddable":true,"href":"https:\/\/amberadvocate.org\/es\/wp-json\/wp\/v2\/comments?post=39103"}],"version-history":[{"count":0,"href":"https:\/\/amberadvocate.org\/es\/wp-json\/wp\/v2\/pages\/39103\/revisions"}],"up":[{"embeddable":true,"href":"https:\/\/amberadvocate.org\/es\/wp-json\/wp\/v2\/pages\/39105"}],"wp:featuredmedia":[{"embeddable":true,"href":"https:\/\/amberadvocate.org\/es\/wp-json\/wp\/v2\/media\/34708"}],"wp:attachment":[{"href":"https:\/\/amberadvocate.org\/es\/wp-json\/wp\/v2\/media?parent=39103"}],"curies":[{"name":"wp","href":"https:\/\/api.w.org\/{rel}","templated":true}]}}