{"id":30351,"date":"2019-03-28T01:44:05","date_gmt":"2019-03-28T06:44:05","guid":{"rendered":"https:\/\/amberadvocate.org\/cart-admin\/"},"modified":"2025-11-01T14:04:52","modified_gmt":"2025-11-01T19:04:52","slug":"cart-admin","status":"publish","type":"page","link":"https:\/\/amberadvocate.org\/es\/cart-admin\/","title":{"rendered":"CART Admin"},"content":{"rendered":"<div id=\"pl-30351\"  class=\"panel-layout\" ><div id=\"pg-30351-0\"  class=\"panel-grid panel-no-style\" ><div id=\"pgc-30351-0-0\"  class=\"panel-grid-cell\" ><div id=\"panel-30351-0-0-0\" class=\"so-panel widget widget_sow-editor panel-first-child panel-last-child\" data-index=\"0\" ><div\n\t\t\t\n\t\t\tclass=\"so-widget-sow-editor so-widget-sow-editor-base\"\n\t\t\t\n\t\t>\n<div class=\"siteorigin-widget-tinymce textwidget\">\n\t<p>&nbsp;<\/p>\n<div style=\"text-align: center;\"><form id=\"um_login_form37\" class=\"um_login_form\" method=\"post\" onsubmit=\"umLogin(this); return false;\" ><p><label  class=\"pf_label\" for=\"user_login37\">Nombre de usuario o Email<\/label> <input type=\"text\" name=\"log\" id=\"user_login37\" class=\"um_login_field um_input\"  \/><\/p><p><label  class=\"pf_label\" for=\"user_pass37\">Contrase\u00f1a<\/label> <input type=\"password\" name=\"pwd\" id=\"user_pass37\" class=\"um_pass_field um_input\"  \/><\/p><p><label   for=\"remember37\"><input type=\"checkbox\" name=\"rememberme\" id=\"remember37\" class=\"um_remember_field\" value=\"1\"  \/> Recordar<\/label><\/p><input type=\"hidden\" name=\"pf_nonce\" value=\"c14ce4013b\" \/><input type=\"hidden\" name=\"_wp_http_referer\" value=\"\/es\/wp-json\/wp\/v2\/pages\/30351\" \/><input type=\"hidden\" name=\"method_name\" value=\"Login\" \/><input type=\"hidden\" name=\"um_post_method_nonce\" value=\"197b982edf\" \/><p><input type=\"submit\" name=\"wp-submit\" value=\"Login\" id=\"um_login_button37\" class=\"um_login_button\"  \/><\/p><\/form><a href=\"javascript:void(0);\" class=\"lostpassword_link58 \">\u00bfPerdi\u00f3 su contrase\u00f1a?<\/a><form id=\"um_lostpass_form58\" class=\"um_lostpass_form \" method=\"post\" onsubmit=\"pfAjaxRequest(this); return false;\" ><div class=\"lostpassword_form_div58\" style=\"display:none;\" ><p>Por favor introduzca su nombre de usuario o su direcci\u00f3n de email. Usted recibir\u00e1 un link para restablecer su contrase\u00f1a v\u00eda email.<\/p><p><label  class=\"pf_label\" for=\"user_login58\">Nombre de Usuario o Email <\/label> <input type=\"text\" name=\"user_login\" id=\"user_login58\" class=\"um_lostpass_field um_input\"  \/><\/p><input type=\"hidden\" name=\"pf_nonce\" value=\"c14ce4013b\" \/><input type=\"hidden\" name=\"_wp_http_referer\" value=\"\/es\/wp-json\/wp\/v2\/pages\/30351\" \/><input type=\"hidden\" name=\"method_name\" value=\"Lostpassword\" \/><input type=\"hidden\" name=\"um_post_method_nonce\" value=\"58ddacf8d5\" \/><p><input type=\"submit\" name=\"wp-submit\" value=\"Obtener una Nueva Contrase\u00f1a\" id=\"um_lostpass_button58\" class=\"um_lostpass_button\"  \/><\/p><\/div><\/form><\/div>\n<p>&nbsp;<\/p>\n<\/div>\n<\/div><\/div><\/div><\/div><\/div>","protected":false},"excerpt":{"rendered":"<p>&nbsp; &nbsp;<\/p>\n","protected":false},"author":10,"featured_media":0,"parent":0,"menu_order":0,"comment_status":"open","ping_status":"open","template":"","meta":{"_bbp_topic_count":0,"_bbp_reply_count":0,"_bbp_total_topic_count":0,"_bbp_total_reply_count":0,"_bbp_voice_count":0,"_bbp_anonymous_reply_count":0,"_bbp_topic_count_hidden":0,"_bbp_reply_count_hidden":0,"_bbp_forum_subforum_count":0,"_analytify_skip_tracking":false,"footnotes":""},"class_list":["post-30351","page","type-page","status-publish","hentry"],"meta_box":{"aa_theme_enable_blocks_editor":"","aa_theme_featured_img_position":""},"publishpress_future_workflow_manual_trigger":{"enabledWorkflows":[]},"_links":{"self":[{"href":"https:\/\/amberadvocate.org\/es\/wp-json\/wp\/v2\/pages\/30351","targetHints":{"allow":["GET"]}}],"collection":[{"href":"https:\/\/amberadvocate.org\/es\/wp-json\/wp\/v2\/pages"}],"about":[{"href":"https:\/\/amberadvocate.org\/es\/wp-json\/wp\/v2\/types\/page"}],"author":[{"embeddable":true,"href":"https:\/\/amberadvocate.org\/es\/wp-json\/wp\/v2\/users\/10"}],"replies":[{"embeddable":true,"href":"https:\/\/amberadvocate.org\/es\/wp-json\/wp\/v2\/comments?post=30351"}],"version-history":[{"count":0,"href":"https:\/\/amberadvocate.org\/es\/wp-json\/wp\/v2\/pages\/30351\/revisions"}],"wp:attachment":[{"href":"https:\/\/amberadvocate.org\/es\/wp-json\/wp\/v2\/media?parent=30351"}],"curies":[{"name":"wp","href":"https:\/\/api.w.org\/{rel}","templated":true}]}}