{"id":30348,"date":"2019-04-25T16:50:08","date_gmt":"2019-04-25T21:50:08","guid":{"rendered":"https:\/\/amberadvocate.org\/criterios-de-la-alerta-amber-del-departamento-de-justicia-de-ee-uu\/"},"modified":"2026-02-16T18:27:17","modified_gmt":"2026-02-17T00:27:17","slug":"criterios-de-la-alerta-amber-del-departamento-de-justicia-de-ee-uu","status":"publish","type":"page","link":"https:\/\/amberadvocate.org\/es\/criterios-de-la-alerta-amber-del-departamento-de-justicia-de-ee-uu\/","title":{"rendered":"Criterios de la Alerta AMBER del Departamento de Justicia de EE.UU."},"content":{"rendered":"<div id=\"pl-30348\"  class=\"panel-layout\" ><div id=\"pg-30348-0\"  class=\"panel-grid panel-has-style\" ><div class=\"panel-row-style panel-row-style-for-30348-0\" ><div id=\"pgc-30348-0-0\"  class=\"panel-grid-cell\" ><div id=\"panel-30348-0-0-0\" class=\"so-panel widget widget_sow-editor panel-first-child panel-last-child\" data-index=\"0\" ><div\n\t\t\t\n\t\t\tclass=\"so-widget-sow-editor so-widget-sow-editor-base\"\n\t\t\t\n\t\t>\n<div class=\"siteorigin-widget-tinymce textwidget\">\n\t<p>Todo plan AMBER exitoso contiene criterios de activaci\u00f3n claramente definidos. La siguiente gu\u00eda est\u00e1 dise\u00f1ada para lograr una red de planes uniforme e interoperable en todo el pa\u00eds, y para minimizar los retrasos potencialmente mortales debido a la confusi\u00f3n entre las diferentes jurisdicciones. Las siguientes son recomendaciones de criterios del Departamento de Justicia:  <\/p>\n<div id=\"panel-23845-1-0-0\" class=\"so-panel widget widget_sow-editor panel-first-child\" data-index=\"1\">\n<div class=\"panel-widget-style panel-widget-style-for-23845-1-0-0\">\n<div class=\"so-widget-sow-editor so-widget-sow-editor-base\">\n<div class=\"siteorigin-widget-tinymce textwidget\">\n<ol>\n<li>Existe una creencia razonable por parte de las fuerzas del orden de que se ha producido un secuestro.<\/li>\n<li>El organismo de seguridad cree que el menor se encuentra en peligro inminente de sufrir lesiones corporales graves o la muerte.<\/li>\n<li>Se dispone de suficiente informaci\u00f3n descriptiva sobre la v\u00edctima y el secuestro para que las fuerzas del orden emitan una Alerta AMBER que ayude a la recuperaci\u00f3n del menor.<\/li>\n<li>El secuestro afecta a un menor de 17 a\u00f1os o menos.<\/li>\n<li>El nombre del menor y otros elementos de datos cr\u00edticos, incluido el indicador de secuestro de menores, se han introducido en el sistema del Centro Nacional de Informaci\u00f3n Criminal (NCIC).<\/li>\n<\/ol>\n<\/div>\n<\/div>\n<\/div>\n<\/div>\n<\/div>\n<\/div><\/div><\/div><\/div><\/div><\/div>","protected":false},"excerpt":{"rendered":"<p>Todo plan AMBER exitoso contiene criterios de activaci\u00f3n claramente definidos. La siguiente gu\u00eda est\u00e1 dise\u00f1ada para lograr una red de planes uniforme e interoperable en todo el pa\u00eds, y para minimizar los retrasos potencialmente mortales debido a la confusi\u00f3n entre las diferentes jurisdicciones. Las siguientes son recomendaciones de criterios del Departamento de Justicia: Existe una [&hellip;]<\/p>\n","protected":false},"author":10,"featured_media":0,"parent":0,"menu_order":0,"comment_status":"closed","ping_status":"closed","template":"","meta":{"_bbp_topic_count":0,"_bbp_reply_count":0,"_bbp_total_topic_count":0,"_bbp_total_reply_count":0,"_bbp_voice_count":0,"_bbp_anonymous_reply_count":0,"_bbp_topic_count_hidden":0,"_bbp_reply_count_hidden":0,"_bbp_forum_subforum_count":0,"_analytify_skip_tracking":false,"footnotes":""},"class_list":["post-30348","page","type-page","status-publish","hentry"],"meta_box":{"aa_theme_enable_blocks_editor":"","aa_theme_featured_img_position":""},"publishpress_future_workflow_manual_trigger":{"enabledWorkflows":[]},"_links":{"self":[{"href":"https:\/\/amberadvocate.org\/es\/wp-json\/wp\/v2\/pages\/30348","targetHints":{"allow":["GET"]}}],"collection":[{"href":"https:\/\/amberadvocate.org\/es\/wp-json\/wp\/v2\/pages"}],"about":[{"href":"https:\/\/amberadvocate.org\/es\/wp-json\/wp\/v2\/types\/page"}],"author":[{"embeddable":true,"href":"https:\/\/amberadvocate.org\/es\/wp-json\/wp\/v2\/users\/10"}],"replies":[{"embeddable":true,"href":"https:\/\/amberadvocate.org\/es\/wp-json\/wp\/v2\/comments?post=30348"}],"version-history":[{"count":0,"href":"https:\/\/amberadvocate.org\/es\/wp-json\/wp\/v2\/pages\/30348\/revisions"}],"wp:attachment":[{"href":"https:\/\/amberadvocate.org\/es\/wp-json\/wp\/v2\/media?parent=30348"}],"curies":[{"name":"wp","href":"https:\/\/api.w.org\/{rel}","templated":true}]}}