{"id":30341,"date":"2020-04-17T18:02:54","date_gmt":"2020-04-17T23:02:54","guid":{"rendered":"https:\/\/amberadvocate.org\/carro\/equipo-de-respuesta-a-la-sustraccion-de-menores-cart-solicitud-de-certificacion-inicial-instrucciones\/"},"modified":"2026-01-26T18:16:26","modified_gmt":"2026-01-27T00:16:26","slug":"equipo-de-respuesta-a-la-sustraccion-de-menores-cart-solicitud-de-certificacion-inicial-instrucciones","status":"publish","type":"page","link":"https:\/\/amberadvocate.org\/es\/cart-home\/equipo-de-respuesta-a-la-sustraccion-de-menores-cart-solicitud-de-certificacion-inicial-instrucciones\/","title":{"rendered":"Equipo de Respuesta a la Sustracci\u00f3n de Menores (CART) Solicitud de Certificaci\u00f3n Inicial Instrucciones"},"content":{"rendered":"<div id=\"pl-30341\"  class=\"panel-layout\" ><div id=\"pg-30341-0\"  class=\"panel-grid panel-no-style\" ><div id=\"pgc-30341-0-0\"  class=\"panel-grid-cell\" ><div id=\"panel-30341-0-0-0\" class=\"so-panel widget widget_sow-editor panel-first-child\" data-index=\"0\" ><div\n\t\t\t\n\t\t\tclass=\"so-widget-sow-editor so-widget-sow-editor-base\"\n\t\t\t\n\t\t>\n<div class=\"siteorigin-widget-tinymce textwidget\">\n\t<h4>ANTES DE EMPEZAR ESTA SOLICITUD: LEE ESTOS REQUISITOS IMPORTANTES PARA ASEGURARTE DE QUE EST\u00c1S PREPARADO PARA PRESENTARLA.<\/h4>\n<p><strong>Esta solicitud debe ser <u>cumplimentada y enviada por el COORDINADOR DEL CART de tu programa<\/u>. <\/strong>Si no eres el coordinador, pide a esa persona que rellene directamente esta solicitud.<\/p>\n<p style=\"text-align: left;\"><strong><span style=\"color: #ff0000;\">POR FAVOR, OBT\u00c9N\/PREPARA CUALQUIER INFORMACI\u00d3N O DOCUMENTO QUE TE FALTE ANTES DE EMPEZAR, YA QUE NO PODR\u00c1S GUARDAR UNA VERSI\u00d3N \"EN CURSO\" DE ESTE FORMULARIO.<\/span><\/strong><\/p>\n<ol>\n<li><strong>Tendr\u00e1s que introducir los nombres de todas las agencias\/organizaciones que formen parte de tu CART; aseg\u00farate de tener a mano los nombres de esas agencias.  <\/strong><\/li>\n<li><strong>Necesitar\u00e1s un recuento aproximado del n\u00famero total de miembros del equipo.<\/strong><\/li>\n<li><strong>Se te pedir\u00e1 que subas DOS archivos PDF con esta solicitud (l\u00edmite de 2 archivos).  <\/strong>\n<ul>\n<li>Un informe posterior al \u00faltimo ejercicio de entrenamiento de tu equipo o de la \u00faltima llamada de socorro\/caso real; y<\/li>\n<li>Un \u00fanico archivo que combine todos los memorandos de entendimiento\/acuerdos o cartas de apoyo del organismo principal. Esto se puede lograr utilizando Adobe Acrobat Professional o un programa similar para combinar varios archivos PDF (es decir, cartas\/acuerdos individuales) en un \u00fanico archivo. Si no est\u00e1 seguro de c\u00f3mo hacerlo, consulte al personal administrativo o t\u00e9cnico de su organismo para que le ayude.  <\/li>\n<\/ul>\n<\/li>\n<\/ol>\n<p>Si tienes preguntas, ponte en contacto con el Programa de Formaci\u00f3n y Asistencia T\u00e9cnica sobre Alertas AMBER (AATTAP) en <a href=\"mailto:askamber@fvtc.edu\">askamber@fvtc.edu<\/a> (Attn: AATTAP CART program coordinator) o por tel\u00e9fono en el 877-712-6237 antes de enviar esta solicitud en l\u00ednea.<\/p>\n<p>Para obtener informaci\u00f3n completa sobre el proceso de Certificaci\u00f3n CART <a href=\"https:\/\/amberadvocate.org\/wp-content\/uploads\/2018\/05\/CART_Certification_Manual_Agency_Guide_2021_Final.pdf\" target=\"_blank\" rel=\"noopener\"><strong>descarga el Manual de Certificaci\u00f3n CART y la Gu\u00eda de la Agencia.<\/strong><\/a><strong> <\/strong><\/p>\n<h3><\/h3>\n<h3><strong>CERTIFICACI\u00d3N DE CARROS: INFORMACI\u00d3N B\u00c1SICA QUE DEBES COMPRENDER<\/strong><\/h3>\n<p><strong>La Certificaci\u00f3n CART consiste en una revisi\u00f3n de las pol\u00edticas y protocolos en las siguientes \u00e1reas, o normas:  <\/strong><\/p>\n<ul>\n<li>Criterios de respuesta<\/li>\n<li>Composici\u00f3n del equipo<\/li>\n<li>Protocolo de notificaci\u00f3n<\/li>\n<li>Comunicaci\u00f3n<\/li>\n<li>Mando y control<\/li>\n<li>Operaciones de b\u00fasqueda<\/li>\n<li>Formaci\u00f3n<\/li>\n<li>Cuestiones jur\u00eddicas<\/li>\n<li>Inventario de equipos<\/li>\n<li>Protocolos operativos<\/li>\n<li>Asistencia a las v\u00edctimas y reunificaci\u00f3n<\/li>\n<li>Educaci\u00f3n Comunitaria<\/li>\n<\/ul>\n<p><strong>Otros documentos que se revisan como parte del proceso de Certificaci\u00f3n CART son:<\/strong><\/p>\n<ul>\n<li>Organigramas de equipo<\/li>\n<li>Memorandos de Entendimiento y\/o Acuerdos de Ayuda Mutua<\/li>\n<li>Registros de formaci\u00f3n CART y\/o informes posteriores a la acci\u00f3n, tanto de ejercicios de formaci\u00f3n como de incidentes o avisos reales<\/li>\n<\/ul>\n<p>La certificaci\u00f3n CART incluye un simulacro de ejercicio de secuestro sobre el terreno para evaluar el dominio y las capacidades del programa CART. Se evaluar\u00e1 a los equipos en cuanto a respuesta, cumplimiento de las pol\u00edticas, capacidad operativa y rendimiento general. Los equipos que completen con \u00e9xito la evaluaci\u00f3n, las normas de cumplimiento de las pol\u00edticas y todos los dem\u00e1s requisitos de certificaci\u00f3n recibir\u00e1n la certificaci\u00f3n oficial del Departamento de Justicia de los Estados Unidos.  <\/p>\n<h4>Mientras rellena el formulario, <strong>NO<\/strong> utilice la 'flecha\/bot\u00f3n de retroceso' de su navegador, ya que podr\u00eda perder el progreso del formulario. Para volver a una p\u00e1gina anterior del formulario de solicitud, utilice el bot\u00f3n \"anterior\" que se encuentra en la parte inferior de cada p\u00e1gina del formulario. <\/h4>\n<\/div>\n<\/div><\/div><div id=\"panel-30341-0-0-1\" class=\"so-panel widget widget_sow-button panel-last-child\" data-index=\"1\" ><div\n\t\t\t\n\t\t\tclass=\"so-widget-sow-button so-widget-sow-button-flat-2770765eec7d-30341\"\n\t\t\t\n\t\t><div class=\"ow-button-base ow-button-align-center\"\n>\n\t\t\t<a\n\t\t\t\t\thref=\"https:\/\/amberadvocate.org\/cart\/certification-apply\/cart-certification-form\/\"\n\t\t\t\t\tclass=\"sowb-button ow-icon-placement-left ow-button-hover\" target=\"_blank\" rel=\"noopener noreferrer\" \t>\n\t\t<span>\n\t\t\t\n\t\t\tComienza el formulario\t\t<\/span>\n\t\t\t<\/a>\n\t<\/div>\n<\/div><\/div><\/div><\/div><\/div>","protected":false},"excerpt":{"rendered":"<p>ANTES DE EMPEZAR ESTA SOLICITUD: LEE ESTOS REQUISITOS IMPORTANTES PARA ASEGURARTE DE QUE EST\u00c1S PREPARADO PARA PRESENTARLA. Esta solicitud debe ser cumplimentada y enviada por el COORDINADOR DEL CART de tu programa. Si no eres el coordinador, pide a esa persona que rellene directamente esta solicitud. POR FAVOR, OBT\u00c9N\/PREPARA CUALQUIER INFORMACI\u00d3N O DOCUMENTO QUE TE [&hellip;]<\/p>\n","protected":false},"author":10,"featured_media":0,"parent":30116,"menu_order":0,"comment_status":"closed","ping_status":"closed","template":"","meta":{"_bbp_topic_count":0,"_bbp_reply_count":0,"_bbp_total_topic_count":0,"_bbp_total_reply_count":0,"_bbp_voice_count":0,"_bbp_anonymous_reply_count":0,"_bbp_topic_count_hidden":0,"_bbp_reply_count_hidden":0,"_bbp_forum_subforum_count":0,"_analytify_skip_tracking":false,"footnotes":""},"class_list":["post-30341","page","type-page","status-publish","hentry"],"meta_box":{"aa_theme_enable_blocks_editor":"","aa_theme_featured_img_position":""},"publishpress_future_workflow_manual_trigger":{"enabledWorkflows":[]},"_links":{"self":[{"href":"https:\/\/amberadvocate.org\/es\/wp-json\/wp\/v2\/pages\/30341","targetHints":{"allow":["GET"]}}],"collection":[{"href":"https:\/\/amberadvocate.org\/es\/wp-json\/wp\/v2\/pages"}],"about":[{"href":"https:\/\/amberadvocate.org\/es\/wp-json\/wp\/v2\/types\/page"}],"author":[{"embeddable":true,"href":"https:\/\/amberadvocate.org\/es\/wp-json\/wp\/v2\/users\/10"}],"replies":[{"embeddable":true,"href":"https:\/\/amberadvocate.org\/es\/wp-json\/wp\/v2\/comments?post=30341"}],"version-history":[{"count":0,"href":"https:\/\/amberadvocate.org\/es\/wp-json\/wp\/v2\/pages\/30341\/revisions"}],"up":[{"embeddable":true,"href":"https:\/\/amberadvocate.org\/es\/wp-json\/wp\/v2\/pages\/30116"}],"wp:attachment":[{"href":"https:\/\/amberadvocate.org\/es\/wp-json\/wp\/v2\/media?parent=30341"}],"curies":[{"name":"wp","href":"https:\/\/api.w.org\/{rel}","templated":true}]}}