{"id":30340,"date":"2020-04-17T18:06:46","date_gmt":"2020-04-17T23:06:46","guid":{"rendered":"https:\/\/amberadvocate.org\/formulario-de-solicitud-de-certificacion-inicial-del-equipo-de-respuesta-a-la-sustraccion-de-menores-cart\/"},"modified":"2025-11-01T14:04:49","modified_gmt":"2025-11-01T19:04:49","slug":"formulario-de-solicitud-de-certificacion-inicial-del-equipo-de-respuesta-a-la-sustraccion-de-menores-cart","status":"publish","type":"page","link":"https:\/\/amberadvocate.org\/es\/cart-home\/equipo-de-respuesta-a-la-sustraccion-de-menores-cart-solicitud-de-certificacion-inicial-instrucciones\/formulario-de-solicitud-de-certificacion-inicial-del-equipo-de-respuesta-a-la-sustraccion-de-menores-cart\/","title":{"rendered":"Formulario de solicitud de certificaci\u00f3n inicial del Equipo de Respuesta a la Sustracci\u00f3n de Menores (CART)"},"content":{"rendered":"<div id=\"pl-30340\"  class=\"panel-layout\" ><div id=\"pg-30340-0\"  class=\"panel-grid panel-no-style\" ><div id=\"pgc-30340-0-0\"  class=\"panel-grid-cell\" ><div id=\"panel-30340-0-0-0\" class=\"so-panel widget widget_frm_show_form panel-first-child panel-last-child\"><div class=\"frm_form_widget\"><div class=\"frm_forms  with_frm_style frm_style_formidable-style\" id=\"frm_form_12_container\" >\n<form enctype=\"multipart\/form-data\" method=\"post\" class=\"frm-show-form  frm_pro_form \" id=\"form_childabductionresponseteamcartapplicationforinitialcertification\" >\n<div class=\"frm_form_fields  frm_page_num_1\">\n<fieldset>\n<legend class=\"frm_screen_reader\">Solicitud de certificaci\u00f3n inicial CART<\/legend>\r\n\r\n<div class=\"frm_fields_container\">\n<div class=\"frm_rootline_group\" role=\"group\" tabindex=\"0\" aria-label=\"P\u00e1gina 1 de 4\" ><ul class=\"frm_page_bar frm_rootline_4 frm_progress frm_progress_line  frm_show_lines \"><li class=\"frm_rootline_single frm_current_page\"><input type=\"button\" value=\"1\" data-page=\"\" class=\" frm_page_1\" aria-disabled=\"true\" data-field=\"0\" aria-label=\"Page 1\"  \/><\/li><li class=\"frm_rootline_single\"><input type=\"button\" value=\"2\" data-page=\"14\" class=\"frm_page_skip frm_page_2\" data-field=\"157\" aria-label=\"Next\"  \/><\/li><li class=\"frm_rootline_single\"><input type=\"button\" value=\"3\" data-page=\"23\" class=\"frm_page_skip frm_page_3\" data-field=\"166\" aria-label=\"Next\"  \/><\/li><li class=\"frm_rootline_single\"><input type=\"button\" value=\"4\" data-page=\"32\" class=\"frm_page_skip frm_page_4\" data-field=\"176\" aria-label=\"Next\"  \/><\/li><\/ul><div class=\"frm_percent_complete\">0% Completo<\/div><div class=\"frm_pages_complete\">1 de 4<\/div><div class=\"frm_clearfix\"><\/div><\/div><input type=\"hidden\" name=\"frm_action\" value=\"create\" \/>\n<input type=\"hidden\" name=\"form_id\" value=\"12\" \/>\n<input type=\"hidden\" name=\"frm_hide_fields_12\" id=\"frm_hide_fields_12\" value=\"\" \/>\n<input type=\"hidden\" name=\"form_key\" value=\"childabductionresponseteamcartapplicationforinitialcertification\" \/>\n<input type=\"hidden\" name=\"item_meta[0]\" value=\"\" \/>\n<input type=\"hidden\" id=\"frm_submit_entry_12\" name=\"frm_submit_entry_12\" value=\"cd406fdaeb\" \/><input type=\"hidden\" name=\"_wp_http_referer\" value=\"\/es\/wp-json\/wp\/v2\/pages\/30340\" \/><div id=\"frm_field_261_container\" class=\"frm_form_field form-field  frm_required_field frm_top_container\">\r\n    <label for=\"field_6oj5h\" id=\"field_6oj5h_label\" class=\"frm_primary_label\">1. \u00bfCu\u00e1l es tu funci\u00f3n\/t\u00edtulo en el CART?\r\n        <span class=\"frm_required\">*<\/span>\r\n    <\/label>\r\n    <input  type=\"text\" id=\"field_6oj5h\" name=\"item_meta[261]\" value=\"\"  data-reqmsg=\"Este campo no puede estar vac\u00edo.\" aria-required=\"true\" data-invmsg=\"Text is invalid\" aria-invalid=\"false\"   \/>\r\n    \r\n    \r\n<\/div>\n<div id=\"frm_field_140_container\" class=\"frm_form_field frm_section_heading form-field \">\r\n<h3 class=\"frm_pos_top frm_section_spacing\">Tus datos de contacto<\/h3>\r\n\r\n\r\n<div id=\"frm_field_142_container\" class=\"frm_form_field form-field  frm_required_field frm_top_container frm_first frm_half\">\r\n    <label for=\"field_na2et\" id=\"field_na2et_label\" class=\"frm_primary_label\">2. Apellido\r\n        <span class=\"frm_required\">*<\/span>\r\n    <\/label>\r\n    <input  type=\"text\" id=\"field_na2et\" name=\"item_meta[142]\" value=\"\"  data-sectionid=\"140\"  data-reqmsg=\"Este campo no puede estar vac\u00edo.\" aria-required=\"true\" data-invmsg=\"Text is invalid\" aria-invalid=\"false\"   \/>\r\n    \r\n    \r\n<\/div>\n<div id=\"frm_field_143_container\" class=\"frm_form_field form-field  frm_required_field frm_top_container frm_half\">\r\n    <label for=\"field_rxlpy\" id=\"field_rxlpy_label\" class=\"frm_primary_label\">3. Nombre\r\n        <span class=\"frm_required\">*<\/span>\r\n    <\/label>\r\n    <input  type=\"text\" id=\"field_rxlpy\" name=\"item_meta[143]\" value=\"\"  data-sectionid=\"140\"  data-reqmsg=\"Este campo no puede estar vac\u00edo.\" aria-required=\"true\" data-invmsg=\"Text is invalid\" aria-invalid=\"false\"   \/>\r\n    \r\n    \r\n<\/div>\n<div id=\"frm_field_144_container\" class=\"frm_form_field form-field  frm_required_field frm_top_container frm_half frm_first\">\r\n    <label for=\"field_avh41\" id=\"field_avh41_label\" class=\"frm_primary_label\">4. Correo electr\u00f3nico preferido\r\n        <span class=\"frm_required\">*<\/span>\r\n    <\/label>\r\n    <input type=\"email\" id=\"field_avh41\" name=\"item_meta[144]\" value=\"\"  data-reqmsg=\"Este campo no puede estar vac\u00edo.\" aria-required=\"true\" data-invmsg=\"El correo electr\u00f3nico no es v\u00e1lido\" aria-invalid=\"false\"  \/>\r\n    \r\n    \r\n<\/div>\n<div id=\"frm_field_conf_144_container\" class=\"frm_form_field frm_hidden_container frm_conf_field form-field  frm_required_field frm_top_container frm_half \">\r\n    <label for=\"field_conf_avh41\" id=\"field_conf_avh41_label\" class=\"frm_conf_label frm_primary_label\">Confirma 4. Correo electr\u00f3nico preferido\r\n        <span class=\"frm_required\">*<\/span>\r\n    <\/label>\r\n    <input type=\"email\" id=\"field_conf_avh41\" name=\"item_meta[conf_144]\" value=\"\"  data-reqmsg=\"Este campo no puede estar vac\u00edo.\" aria-required=\"true\" data-confmsg=\"Los valores introducidos no coinciden\" data-invmsg=\"El correo electr\u00f3nico no es v\u00e1lido\" aria-invalid=\"false\"   aria-describedby=\"frm_desc_field_conf_avh41\"\/>\r\n    <div class=\"frm_description\" id=\"frm_desc_field_conf_avh41\">Confirma tu correo electr\u00f3nico<\/div>\r\n    \r\n<\/div>\n<div id=\"frm_field_145_container\" class=\"frm_form_field form-field  frm_required_field frm_top_container frm_first frm_third\">\r\n    <label for=\"field_uptmm\" id=\"field_uptmm_label\" class=\"frm_primary_label\">5. Tel\u00e9fono preferido\r\n        <span class=\"frm_required\">*<\/span>\r\n    <\/label>\r\n    <input type=\"tel\" id=\"field_uptmm\" name=\"item_meta[145]\" value=\"\"  data-sectionid=\"140\"  data-frmmask=\"(000) 000-0000\" data-reqmsg=\"Este campo no puede estar vac\u00edo.\" aria-required=\"true\" data-invmsg=\"El tel\u00e9fono no es v\u00e1lido\" aria-invalid=\"false\" pattern=\"\\(\\d\\d\\d\\) \\d\\d\\d-\\d\\d\\d\\d$\"  \/>\r\n    \r\n    \r\n<\/div>\n<div id=\"frm_field_146_container\" class=\"frm_form_field form-field  frm_top_container frm_third\">\r\n    <label for=\"field_rrbun\" id=\"field_rrbun_label\" class=\"frm_primary_label\">Pr\u00f3rroga (si procede)\r\n        <span class=\"frm_required\"><\/span>\r\n    <\/label>\r\n    <input  type=\"text\" id=\"field_rrbun\" name=\"item_meta[146]\" value=\"\"  data-sectionid=\"140\"  data-invmsg=\"Text is invalid\" aria-invalid=\"false\"   \/>\r\n    \r\n    \r\n<\/div>\n<div id=\"frm_field_147_container\" class=\"frm_form_field form-field  frm_required_field frm_top_container frm_third\">\r\n    <label for=\"field_mj1f3\" id=\"field_mj1f3_label\" class=\"frm_primary_label\">Tipo\r\n        <span class=\"frm_required\">*<\/span>\r\n    <\/label>\r\n    \t\t<select name=\"item_meta[147]\" id=\"field_mj1f3\"  data-sectionid=\"140\"  data-reqmsg=\"Este campo no puede estar vac\u00edo.\" aria-required=\"true\" data-invmsg=\"Tipo no es v\u00e1lido\" aria-invalid=\"false\"  >\n\t\t<option  value=\"Business\/Desk\">Negocios\/Escritorio<\/option><option  value=\"Cell\/Mobile\">M\u00f3vil<\/option><option  value=\"Home\">Inicio<\/option>\t<\/select>\n\t\r\n    \r\n    \r\n<\/div>\n<div id=\"frm_field_148_container\" class=\"frm_form_field form-field  frm_required_field frm_top_container frm_first frm_third\">\r\n    <label for=\"field_zqe0l\" id=\"field_zqe0l_label\" class=\"frm_primary_label\">6. Tel\u00e9fono alternativo\r\n        <span class=\"frm_required\">*<\/span>\r\n    <\/label>\r\n    <input type=\"tel\" id=\"field_zqe0l\" name=\"item_meta[148]\" value=\"\"  data-sectionid=\"140\"  data-frmmask=\"(000) 000-0000\" data-reqmsg=\"Este campo no puede estar vac\u00edo.\" aria-required=\"true\" data-invmsg=\"El tel\u00e9fono no es v\u00e1lido\" aria-invalid=\"false\" pattern=\"\\(\\d\\d\\d\\) \\d\\d\\d-\\d\\d\\d\\d$\"  \/>\r\n    \r\n    \r\n<\/div>\n<div id=\"frm_field_149_container\" class=\"frm_form_field form-field  frm_top_container frm_third\">\r\n    <label for=\"field_rvyqt\" id=\"field_rvyqt_label\" class=\"frm_primary_label\">Pr\u00f3rroga (si procede)\r\n        <span class=\"frm_required\"><\/span>\r\n    <\/label>\r\n    <input  type=\"text\" id=\"field_rvyqt\" name=\"item_meta[149]\" value=\"\"  data-sectionid=\"140\"  data-invmsg=\"Text is invalid\" aria-invalid=\"false\"   \/>\r\n    \r\n    \r\n<\/div>\n<div id=\"frm_field_150_container\" class=\"frm_form_field form-field  frm_required_field frm_top_container frm_third\">\r\n    <label for=\"field_953vl\" id=\"field_953vl_label\" class=\"frm_primary_label\">Tipo\r\n        <span class=\"frm_required\">*<\/span>\r\n    <\/label>\r\n    \t\t<select name=\"item_meta[150]\" id=\"field_953vl\"  data-sectionid=\"140\"  data-reqmsg=\"Este campo no puede estar vac\u00edo.\" aria-required=\"true\" data-invmsg=\"Tipo no es v\u00e1lido\" aria-invalid=\"false\"  >\n\t\t<option  value=\"Business\/Desk\">Negocios\/Escritorio<\/option><option  value=\"Cell\/Mobile\">M\u00f3vil<\/option><option  value=\"Home\">Inicio<\/option>\t<\/select>\n\t\r\n    \r\n    \r\n<\/div>\n<div id=\"frm_field_262_container\" class=\"frm_form_field form-field  frm_required_field frm_top_container\">\r\n    <div  id=\"field_mgihk_label\" class=\"frm_primary_label\">7. Direcci\u00f3n postal - punto de contacto oficial de coordinaci\u00f3n CART\/CART\r\n        <span class=\"frm_required\">*<\/span>\r\n    <\/div>\r\n    <fieldset aria-labelledby=\"field_mgihk_label\">\n<legend class=\"frm_screen_reader frm_hidden\">\n\t7. Direcci\u00f3n postal - punto de contacto oficial de coordinaci\u00f3n CART\/CART<\/legend>\n<div class=\"frm_combo_inputs_container\">\n<div id=\"frm_field_262-line1_container\" class=\"frm_form_field form-field \">\n\t<label for=\"field_mgihk_line1\" class=\"frm_screen_reader frm_hidden\">\n\t\t7. Direcci\u00f3n postal - punto de contacto oficial de coordinaci\u00f3n CART\/CART\t<\/label>\n\t\t<input type=\"text\" id=\"field_mgihk_line1\" value=\"\" name=\"item_meta[262][line1]\"  data-sectionid=\"140\"  data-reqmsg=\"Este campo no puede estar vac\u00edo.\" aria-required=\"true\" data-invmsg=\"7. Direcci\u00f3n postal - punto de contacto oficial de coordinaci\u00f3n CART\/CART no es v\u00e1lido\" aria-invalid=\"false\"   autocomplete=\"address-line1\" \/>\n\t<\/div>\n<div id=\"frm_field_262-line2_container\" class=\"frm_form_field form-field \">\n\t<label for=\"field_mgihk_line2\" class=\"frm_screen_reader frm_hidden\">\n\t\t7. Direcci\u00f3n postal - punto de contacto oficial de coordinaci\u00f3n CART\/CART\t<\/label>\n\t\t<input type=\"text\" id=\"field_mgihk_line2\" value=\"\" name=\"item_meta[262][line2]\"  data-sectionid=\"140\"  data-reqmsg=\"Este campo no puede estar vac\u00edo.\" aria-required=\"true\" data-invmsg=\"7. Direcci\u00f3n postal - punto de contacto oficial de coordinaci\u00f3n CART\/CART no es v\u00e1lido\" class=\"frm_optional\" aria-invalid=\"false\"   autocomplete=\"address-line2\" \/>\n\t<\/div>\n<div id=\"frm_field_262-city_container\" class=\"frm_form_field form-field frm_third frm_first\">\n\t<label for=\"field_mgihk_city\" class=\"frm_screen_reader frm_hidden\">\n\t\tCiudad\t<\/label>\n\t\t<input type=\"text\" id=\"field_mgihk_city\" value=\"\" name=\"item_meta[262][city]\"  data-sectionid=\"140\"  data-reqmsg=\"Este campo no puede estar vac\u00edo.\" aria-required=\"true\" data-invmsg=\"7. Direcci\u00f3n postal - punto de contacto oficial de coordinaci\u00f3n CART\/CART no es v\u00e1lido\" aria-invalid=\"false\"   autocomplete=\"address-level2\" \/>\n\t<div class=\"frm_description\">Ciudad<\/div><\/div>\n<div id=\"frm_field_262-state_container\" class=\"frm_form_field form-field frm_third\">\n\t<label for=\"field_mgihk_state\" class=\"frm_screen_reader frm_hidden\">\n\t\tEstado\/Provincia\t<\/label>\n\t\t\t<select name=\"item_meta[262][state]\" id=\"field_mgihk_state\"  data-sectionid=\"140\"  data-reqmsg=\"Este campo no puede estar vac\u00edo.\" aria-required=\"true\" data-invmsg=\"7. Direcci\u00f3n postal - punto de contacto oficial de coordinaci\u00f3n CART\/CART no es v\u00e1lido\" aria-invalid=\"false\"   autocomplete=\"address-level1\">\n\t\t\t<option value=\"\" class=\"\">\n\t\t\t\t \t\t\t<\/option>\n\t\t\t<option  value=\"Alabama\">Alabama<\/option><option  value=\"Alaska\">Alaska<\/option><option  value=\"Arkansas\">Arkansas<\/option><option  value=\"Arizona\">Arizona<\/option><option  value=\"California\">California<\/option><option  value=\"Colorado\">Colorado<\/option><option  value=\"Connecticut\">Connecticut<\/option><option  value=\"Delaware\">Delaware<\/option><option  value=\"District of Columbia\">District of Columbia<\/option><option  value=\"Florida\">Florida<\/option><option  value=\"Georgia\">Georgia<\/option><option  value=\"Hawaii\">Hawaii<\/option><option  value=\"Idaho\">Idaho<\/option><option  value=\"Illinois\">Illinois<\/option><option  value=\"Indiana\">Indiana<\/option><option  value=\"Iowa\">Iowa<\/option><option  value=\"Kansas\">Kansas<\/option><option  value=\"Kentucky\">Kentucky<\/option><option  value=\"Louisiana\">Louisiana<\/option><option  value=\"Maine\">Maine<\/option><option  value=\"Maryland\">Maryland<\/option><option  value=\"Massachusetts\">Massachusetts<\/option><option  value=\"Michigan\">Michigan<\/option><option  value=\"Minnesota\">Minnesota<\/option><option  value=\"Mississippi\">Mississippi<\/option><option  value=\"Missouri\">Missouri<\/option><option  value=\"Montana\">Montana<\/option><option  value=\"Nebraska\">Nebraska<\/option><option  value=\"Nevada\">Nevada<\/option><option  value=\"New Hampshire\">New Hampshire<\/option><option  value=\"New Jersey\">New Jersey<\/option><option  value=\"New Mexico\">New Mexico<\/option><option  value=\"New York\">New York<\/option><option  value=\"North Carolina\">North Carolina<\/option><option  value=\"North Dakota\">North Dakota<\/option><option  value=\"Ohio\">Ohio<\/option><option  value=\"Oklahoma\">Oklahoma<\/option><option  value=\"Oregon\">Oregon<\/option><option  value=\"Pennsylvania\">Pennsylvania<\/option><option  value=\"Rhode Island\">Rhode Island<\/option><option  value=\"South Carolina\">South Carolina<\/option><option  value=\"South Dakota\">South Dakota<\/option><option  value=\"Tennessee\">Tennessee<\/option><option  value=\"Texas\">Texas<\/option><option  value=\"Utah\">Utah<\/option><option  value=\"Vermont\">Vermont<\/option><option  value=\"Virginia\">Virginia<\/option><option  value=\"Washington\">Washington<\/option><option  value=\"West Virginia\">West Virginia<\/option><option  value=\"Wisconsin\">Wisconsin<\/option><option  value=\"Wyoming\">Wyoming<\/option>\t\t<\/select>\n\t<div class=\"frm_description\">Estado\/Provincia<\/div><\/div>\n<div id=\"frm_field_262-zip_container\" class=\"frm_form_field form-field frm_third\">\n\t<label for=\"field_mgihk_zip\" class=\"frm_screen_reader frm_hidden\">\n\t\tC\u00f3digo postal\t<\/label>\n\t\t<input type=\"text\" id=\"field_mgihk_zip\" value=\"\" name=\"item_meta[262][zip]\"  data-sectionid=\"140\"  data-reqmsg=\"Este campo no puede estar vac\u00edo.\" aria-required=\"true\" data-invmsg=\"7. Direcci\u00f3n postal - punto de contacto oficial de coordinaci\u00f3n CART\/CART no es v\u00e1lido\" aria-invalid=\"false\"   autocomplete=\"postal-code\" \/>\n\t<div class=\"frm_description\">C\u00f3digo postal<\/div><\/div>\n<\/div>\n<\/fieldset>\n\r\n    \r\n    \r\n<\/div>\n<\/div>\n<input type=\"hidden\" name=\"frm_page_order_12\" id=\"frm_page_order_12\" value=\"14\" \/>\t\t<input  type=\"hidden\" name=\"item_meta[158]\" id=\"field_a0hks\" value=\"\"     \/>\n\t\t\t\t<input  type=\"hidden\" name=\"item_meta[160]\" id=\"field_xzqfa\" value=\"\"  data-sectionid=\"158\"     \/>\n\t\t\t\t<input  type=\"hidden\" name=\"item_meta[161]\" id=\"field_1b401\" value=\"\"  data-sectionid=\"158\"     \/>\n\t\t\t\t<input  type=\"hidden\" name=\"item_meta[162]\" id=\"field_awuz6\" value=\"\"  data-sectionid=\"158\"     \/>\n\t\t\t\t<input  type=\"hidden\" name=\"item_meta[163]\" id=\"field_dd2g9\" value=\"\"  data-sectionid=\"158\"     \/>\n\t\t\t\t<input  type=\"hidden\" name=\"item_meta[164]\" id=\"field_fx3ph-0\" value=\"\"  data-sectionid=\"158\"     \/>\n\t\t\t\t<input  type=\"hidden\" name=\"item_meta[165]\" id=\"field_lw5hc\" value=\"\"  data-sectionid=\"158\"     \/>\n\t\t\t\t<input  type=\"hidden\" name=\"item_meta[159]\" id=\"field_cziu2\" value=\"\"     \/>\n\t\t\t\t<input  type=\"hidden\" name=\"item_meta[166]\" id=\"field_wneyb\" value=\"\"     \/>\n\t\t\t\t<input  type=\"hidden\" name=\"item_meta[167]\" id=\"field_ksv3f\" value=\"\"     \/>\n\t\t\t\t<input  type=\"hidden\" name=\"item_meta[169]\" id=\"field_rx7s0-0\" value=\"\"  data-sectionid=\"167\"     \/>\n\t\t\t\t<input  type=\"hidden\" name=\"item_meta[170]\" id=\"field_koy56\" value=\"\"  data-sectionid=\"167\"     \/>\n\t\t\t\t<input  type=\"hidden\" name=\"item_meta[171]\" id=\"field_2fnzw-0\" value=\"\"  data-sectionid=\"167\"     \/>\n\t\t\t\t<input  type=\"hidden\" name=\"item_meta[173]\" id=\"field_v5g6h\" value=\"\"     \/>\n\t\t\t\t<input  type=\"hidden\" name=\"item_meta[174]\" id=\"field_rw48r-0\" value=\"\"  data-sectionid=\"167\"     \/>\n\t\t\t\t<input  type=\"hidden\" name=\"item_meta[175]\" id=\"field_uwxaj\" value=\"\"     \/>\n\t\t\t\t<input  type=\"hidden\" name=\"item_meta[168]\" id=\"field_2m6u\" value=\"\"     \/>\n\t\t\t\t<input  type=\"hidden\" name=\"item_meta[176]\" id=\"field_h3hww\" value=\"\"     \/>\n\t\t\t\t<input  type=\"hidden\" name=\"item_meta[178]\" id=\"field_k01v3\" value=\"\"     \/>\n\t\t\t\t<input  type=\"hidden\" name=\"item_meta[184]\" id=\"field_1mryp\" value=\"\"  data-sectionid=\"178\"     \/>\n\t\t\t\t<input  type=\"hidden\" name=\"item_meta[185]\" id=\"field_qnmlq\" value=\"\"  data-sectionid=\"178\"     \/>\n\t\t\t\t<input  type=\"hidden\" name=\"item_meta[263]\" id=\"field_zedzf\" value=\"\"  data-sectionid=\"178\"     \/>\n\t\t\t\t<input  type=\"hidden\" name=\"item_meta[191]\" id=\"field_ewqxz-0\" value=\"\"  data-sectionid=\"178\"     \/>\n\t\t\t\t<input  type=\"hidden\" name=\"item_meta[192]\" id=\"field_29dzv\" value=\"\"  data-sectionid=\"178\"     \/>\n\t\t\t\t<input  type=\"hidden\" name=\"item_meta[193]\" id=\"field_5mkqj\" value=\"\"  data-sectionid=\"178\"     \/>\n\t\t\t\t<input  type=\"hidden\" name=\"item_meta[264]\" id=\"field_wbdhy\" value=\"\"  data-sectionid=\"178\"     \/>\n\t\t\t\t<input  type=\"hidden\" name=\"item_meta[199]\" id=\"field_zu9t9-0\" value=\"\"  data-sectionid=\"178\"     \/>\n\t\t\t\t<input  type=\"hidden\" name=\"item_meta[200]\" id=\"field_m5t6g\" value=\"\"  data-sectionid=\"178\"     \/>\n\t\t\t\t<input  type=\"hidden\" name=\"item_meta[201]\" id=\"field_vr6m\" value=\"\"  data-sectionid=\"178\"     \/>\n\t\t\t\t<input  type=\"hidden\" name=\"item_meta[265]\" id=\"field_nqexe\" value=\"\"  data-sectionid=\"178\"     \/>\n\t\t\t\t<input  type=\"hidden\" name=\"item_meta[207]\" id=\"field_8bzvr-0\" value=\"\"  data-sectionid=\"178\"     \/>\n\t\t\t\t<input  type=\"hidden\" name=\"item_meta[208]\" id=\"field_i9o0k\" value=\"\"  data-sectionid=\"178\"     \/>\n\t\t\t\t<input  type=\"hidden\" name=\"item_meta[209]\" id=\"field_3u8z7\" value=\"\"  data-sectionid=\"178\"     \/>\n\t\t\t\t<input  type=\"hidden\" name=\"item_meta[266]\" id=\"field_1oki1\" value=\"\"  data-sectionid=\"178\"     \/>\n\t\t\t\t<input  type=\"hidden\" name=\"item_meta[215]\" id=\"field_b4hro-0\" value=\"\"  data-sectionid=\"178\"     \/>\n\t\t\t\t<input  type=\"hidden\" name=\"item_meta[216]\" id=\"field_dlxmo\" value=\"\"  data-sectionid=\"178\"     \/>\n\t\t\t\t<input  type=\"hidden\" name=\"item_meta[217]\" id=\"field_c8prv\" value=\"\"  data-sectionid=\"178\"     \/>\n\t\t\t\t<input  type=\"hidden\" name=\"item_meta[267]\" id=\"field_9zilq\" value=\"\"  data-sectionid=\"178\"     \/>\n\t\t\t\t<input  type=\"hidden\" name=\"item_meta[223]\" id=\"field_5fi7v-0\" value=\"\"  data-sectionid=\"178\"     \/>\n\t\t\t\t<input  type=\"hidden\" name=\"item_meta[224]\" id=\"field_3kph7-0\" value=\"\"  data-sectionid=\"178\"     \/>\n\t\t\t\t<input  type=\"hidden\" name=\"item_meta[225]\" id=\"field_iaxr8\" value=\"\"  data-sectionid=\"178\"     \/>\n\t\t\t\t<input  type=\"hidden\" name=\"item_meta[226]\" id=\"field_1yo0h-0\" value=\"\"  data-sectionid=\"178\"     \/>\n\t\t\t\t<input  type=\"hidden\" name=\"item_meta[228]\" id=\"field_odkwr-0\" value=\"\"  data-sectionid=\"178\"     \/>\n\t\t\t\t<input  type=\"hidden\" name=\"item_meta[231]\" id=\"field_789mt\" value=\"\"  data-sectionid=\"178\"     \/>\n\t\t\t\t<input  type=\"hidden\" name=\"item_meta[232]\" id=\"field_uwxxm\" value=\"\"  data-sectionid=\"178\"     \/>\n\t\t\t\t<input  type=\"hidden\" name=\"item_meta[233]\" id=\"field_cdm09\" value=\"\"  data-sectionid=\"178\"     \/>\n\t\t\t\t<input  type=\"hidden\" name=\"item_meta[234]\" id=\"field_x9zah\" value=\"\"  data-sectionid=\"178\"     \/>\n\t\t\t\t<input  type=\"hidden\" name=\"item_meta[179]\" id=\"field_n1f7e\" value=\"\"     \/>\n\t\t\t\t<input  type=\"hidden\" name=\"item_meta[235]\" id=\"field_btv85\" value=\"\"     \/>\n\t\t\t\t<input  type=\"hidden\" name=\"item_meta[237]\" id=\"field_xofkf\" value=\"\"  data-sectionid=\"235\"     \/>\n\t\t\t\t<input  type=\"hidden\" name=\"item_meta[238]\" id=\"field_tbl3b-0\" value=\"\"  data-sectionid=\"235\"     \/>\n\t\t\t\t<input  type=\"hidden\" name=\"item_meta[236]\" id=\"field_xblg0\" value=\"\"     \/>\n\t\t\t\t<input  type=\"hidden\" name=\"item_meta[239]\" id=\"field_7urnf\" value=\"\"     \/>\n\t\t\t\t<input  type=\"hidden\" name=\"item_meta[240]\" id=\"field_2kl26\" value=\"\"     \/>\n\t\t\t\t<input  type=\"hidden\" name=\"item_meta[511]\" id=\"field_8k9w5\" value=\"\"     \/>\n\t\t\t<input type=\"hidden\" name=\"item_key\" value=\"\" \/>\n\t\t\t<div id=\"frm_field_613_container\">\n\t\t\t<label for=\"field_xs7h\" >\n\t\t\t\tSi eres humano, deja este campo en blanco.\t\t\t<\/label>\n\t\t\t<input  id=\"field_xs7h\" type=\"text\" class=\"frm_form_field form-field frm_verify\" name=\"item_meta[613]\" value=\"\"  \/>\n\t\t<\/div>\n\t\t<input name=\"frm_state\" type=\"hidden\" value=\"oAzmwEWpeORaNQ6P8wNajAo0MkcdanLom1ZWG+zZarPlCuZMFbrj6zUqs5Nr1RTt\" \/><div class=\"frm_submit\">\r\n\r\n<button class=\"frm_button_submit\" type=\"submit\"   formnovalidate=\"formnovalidate\">Siguiente<\/button>\r\n\r\n<\/div><\/div>\n<\/fieldset>\n<\/div>\n\n<p style=\"display: none !important;\" class=\"akismet-fields-container\" data-prefix=\"ak_\"><label>&#916;<textarea name=\"ak_hp_textarea\" cols=\"45\" rows=\"8\" maxlength=\"100\"><\/textarea><\/label><input type=\"hidden\" id=\"ak_js_1\" name=\"ak_js\" value=\"246\"\/><script>document.getElementById( \"ak_js_1\" ).setAttribute( \"value\", ( new Date() ).getTime() );<\/script><\/p><\/form>\n<\/div>\n<\/div><\/div><\/div><\/div><\/div>","protected":false},"excerpt":{"rendered":"<p>Solicitud de certificaci\u00f3n inicial CART 0% Completo1 de 4 1. \u00bfCu\u00e1l es tu funci\u00f3n\/t\u00edtulo en el CART? * Tus datos de contacto 2. Apellido * 3. Nombre * 4. Correo electr\u00f3nico preferido * Confirma 4. Correo electr\u00f3nico preferido * Confirma tu correo electr\u00f3nico 5. Tel\u00e9fono preferido * Pr\u00f3rroga (si procede) Tipo * Negocios\/EscritorioM\u00f3vilInicio 6. Tel\u00e9fono [&hellip;]<\/p>\n","protected":false},"author":10,"featured_media":0,"parent":30341,"menu_order":0,"comment_status":"open","ping_status":"open","template":"","meta":{"_bbp_topic_count":0,"_bbp_reply_count":0,"_bbp_total_topic_count":0,"_bbp_total_reply_count":0,"_bbp_voice_count":0,"_bbp_anonymous_reply_count":0,"_bbp_topic_count_hidden":0,"_bbp_reply_count_hidden":0,"_bbp_forum_subforum_count":0,"_analytify_skip_tracking":false,"footnotes":""},"class_list":["post-30340","page","type-page","status-publish","hentry"],"meta_box":{"aa_theme_enable_blocks_editor":"","aa_theme_featured_img_position":""},"publishpress_future_workflow_manual_trigger":{"enabledWorkflows":[]},"_links":{"self":[{"href":"https:\/\/amberadvocate.org\/es\/wp-json\/wp\/v2\/pages\/30340","targetHints":{"allow":["GET"]}}],"collection":[{"href":"https:\/\/amberadvocate.org\/es\/wp-json\/wp\/v2\/pages"}],"about":[{"href":"https:\/\/amberadvocate.org\/es\/wp-json\/wp\/v2\/types\/page"}],"author":[{"embeddable":true,"href":"https:\/\/amberadvocate.org\/es\/wp-json\/wp\/v2\/users\/10"}],"replies":[{"embeddable":true,"href":"https:\/\/amberadvocate.org\/es\/wp-json\/wp\/v2\/comments?post=30340"}],"version-history":[{"count":0,"href":"https:\/\/amberadvocate.org\/es\/wp-json\/wp\/v2\/pages\/30340\/revisions"}],"up":[{"embeddable":true,"href":"https:\/\/amberadvocate.org\/es\/wp-json\/wp\/v2\/pages\/30341"}],"wp:attachment":[{"href":"https:\/\/amberadvocate.org\/es\/wp-json\/wp\/v2\/media?parent=30340"}],"curies":[{"name":"wp","href":"https:\/\/api.w.org\/{rel}","templated":true}]}}