{"id":30336,"date":"2023-11-06T19:28:29","date_gmt":"2023-11-07T01:28:29","guid":{"rendered":"https:\/\/amberadvocate.org\/carro\/certificacion-cart\/"},"modified":"2026-01-26T18:16:24","modified_gmt":"2026-01-27T00:16:24","slug":"certificacion-cart","status":"publish","type":"page","link":"https:\/\/amberadvocate.org\/es\/cart-home\/certificacion-cart\/","title":{"rendered":"Certificaci\u00f3n CART"},"content":{"rendered":"<div id=\"pl-30336\"  class=\"panel-layout\" ><div id=\"pg-30336-0\"  class=\"panel-grid panel-has-style\" ><div class=\"panel-row-style panel-row-style-for-30336-0\" ><div id=\"pgc-30336-0-0\"  class=\"panel-grid-cell\" ><div id=\"panel-30336-0-0-0\" class=\"so-panel widget widget_title-widget panel-first-child\" data-index=\"0\" ><div\n\t\t\t\n\t\t\tclass=\"so-widget-title-widget so-widget-title-widget-default-d75171398898-30336\"\n\t\t\t\n\t\t>\n<!-- AA Title Widget debug: name=AA Widget ID_8169640865b5aad1b46d5917601638: title | title=\"About CART Certification\" -->\n\r\n<div class=\"aa-title-widget-container\">\r\n\t<div class=\"aa-title-widget-title\">\r\n\t\t<h2 class=\"default center-align\">Acerca de la Certificaci\u00f3n CART<\/h2>\t<\/div>\r\n\t<div class=\"aa-title-widget-subtitle subhead default center-align\">\r\n\t\t\t<\/div>\r\n<\/div>\r\n\t\t\t\r\n\r\n<\/div><\/div><div id=\"panel-30336-0-0-1\" class=\"so-panel widget widget_sow-editor panel-last-child\" data-index=\"1\" ><div\n\t\t\t\n\t\t\tclass=\"so-widget-sow-editor so-widget-sow-editor-base\"\n\t\t\t\n\t\t>\n<div class=\"siteorigin-widget-tinymce textwidget\">\n\t<p>El programa de certificaci\u00f3n del Equipo de Respuesta a Secuestros de Ni\u00f1os (CART) de AATTAP trabaja para ayudar a las jurisdicciones locales, tribales y estatales en la creaci\u00f3n e implementaci\u00f3n de programas CART. Expertos destacados en la materia, profesionales, responsables pol\u00edticos y otros especialistas en protecci\u00f3n infantil han desarrollado est\u00e1ndares operativos de excelencia y mejores pr\u00e1cticas basadas en la evidencia en relaci\u00f3n con la recuperaci\u00f3n de ni\u00f1os desaparecidos. Estos profesionales han trabajado con el Departamento de Justicia de EE. UU. y AATTAP para desarrollar el proceso de certificaci\u00f3n y los criterios para que las jurisdicciones busquen voluntariamente la oportunidad de demostrar la pol\u00edtica, los procedimientos y las estrategias de mejora continua de CART que cumplen con 47 est\u00e1ndares de cumplimiento para la preparaci\u00f3n operativa.  <\/p>\n<p>El proceso de certificaci\u00f3n CART culmina con un riguroso ejercicio pr\u00e1ctico sobre el terreno que es observado y evaluado por un equipo de profesionales formados que pueden dar fe de la capacidad de un programa CART para desplegarse r\u00e1pida y eficazmente, trabajar en equipo con recursos especializados y mantener la documentaci\u00f3n y el equipo cr\u00edticos en respuesta a un incidente de desaparici\u00f3n o sustracci\u00f3n de un menor en peligro.<\/p>\n<\/div>\n<\/div><\/div><\/div><\/div><\/div><div id=\"pg-30336-1\"  class=\"panel-grid panel-no-style\" ><div id=\"pgc-30336-1-0\"  class=\"panel-grid-cell\" ><div id=\"panel-30336-1-0-0\" class=\"so-panel widget widget_aa-card-widget panel-first-child\" data-index=\"2\" ><div\n\t\t\t\n\t\t\tclass=\"so-widget-aa-card-widget so-widget-aa-card-widget-default-d75171398898-30336\"\n\t\t\t\n\t\t>\n      <style>\n      #aa-card-widget-69f14fe92e682 {\n        grid-template-columns: repeat(3, 1fr) !important;\n      }\n      @media only screen and (max-width: 1000px) {\n        #aa-card-widget-69f14fe92e682 {\n          grid-template-columns: repeat(2, 1fr) !important;\n        }\n      }\n      @media only screen and (max-width: 700px) {\n        #aa-card-widget-69f14fe92e682 {\n          grid-template-columns: repeat(1, 1fr) !important;\n        }\n      }\n    <\/style>\n  \n<div id=\"aa-card-widget-69f14fe92e682\" class=\"aa-card-widget aa-card-container\">\n\n      <!-- AA CARD WIDGET ITEM 1 -->\n  <div class=\"aa-card align-left\" role=\"article\" aria-labelledby=\"card-title-1\">\n          <div class=\"aa-card-header\">\n        <div class=\"aa-card-img\" style=\"background-image:url('https:\/\/amberadvocate.org\/wp-content\/uploads\/2024\/05\/best-practices.jpg'); background-position: center center;\" aria-hidden=\"true\">\n          <!-- <img decoding=\"async\" src=\"\" alt=\"CART Certification Manual and Agency Guide\">         -->\n                  <\/div> \n      <\/div>\n          <div class=\"aa-card-body \">\n              <h4 id=\"card-title-1\" class=\"aa-card-title\">CART Certification Manual and Agency Guide<\/h4>\n                  <div class=\"aa-card-copy-and-btn-stretch-height-wrapper\">    \n        <p><!-- always load this p tag -->\n                  <\/p>\n                  <div class=\"aa-card-btn-wrapper\">\n            <a class=\"btn sm blue\" href=\"https:\/\/amberadvocate.org\/wp-content\/uploads\/2018\/05\/CART_Certification_Manual_Agency_Guide_2021_Final.pdf\" target=\"_blank\" rel=\"noopener noreferrer\" aria-label=\"CART Certification Manual and Agency Guide \u2014 opens in a new tab\"  >\n              Learn More  \n            <\/a>\n          <\/div>\n              <\/div> <!-- end aa-card-copy-and-btn-stretch-height-wrapper -->\n    <\/div><!-- end aa-card-body -->\n    <div class=\"aa-card-footer\">\n    <\/div> <!-- end aa-card-footer -->\n  <\/div>\n  <!-- END AA CARD WIDGET ITEM 1 -->\n      <!-- AA CARD WIDGET ITEM 2 -->\n  <div class=\"aa-card align-left\" role=\"article\" aria-labelledby=\"card-title-2\">\n          <div class=\"aa-card-header\">\n        <div class=\"aa-card-img\" style=\"background-image:url('https:\/\/amberadvocate.org\/wp-content\/uploads\/2024\/05\/AlleghenyPA_CART-Cert.jpg'); background-position: center center;\" aria-hidden=\"true\">\n          <!-- <img decoding=\"async\" src=\"\" alt=\"First-Time Application for CART Certification (for uncertified CARTs)\">         -->\n                  <\/div> \n      <\/div>\n          <div class=\"aa-card-body \">\n              <h4 id=\"card-title-2\" class=\"aa-card-title\">First-Time Application for CART Certification (for uncertified CARTs)<\/h4>\n                  <div class=\"aa-card-copy-and-btn-stretch-height-wrapper\">    \n        <p><!-- always load this p tag -->\n                  <\/p>\n                  <div class=\"aa-card-btn-wrapper\">\n            <a class=\"btn sm blue\" href=\"https:\/\/amberadvocate.org\/cart\/certification-apply\/\" target=\"_blank\" rel=\"noopener noreferrer\" aria-label=\"First-Time Application for CART Certification (for uncertified CARTs) \u2014 opens in a new tab\"  >\n              Learn More  \n            <\/a>\n          <\/div>\n              <\/div> <!-- end aa-card-copy-and-btn-stretch-height-wrapper -->\n    <\/div><!-- end aa-card-body -->\n    <div class=\"aa-card-footer\">\n    <\/div> <!-- end aa-card-footer -->\n  <\/div>\n  <!-- END AA CARD WIDGET ITEM 2 -->\n      <!-- AA CARD WIDGET ITEM 3 -->\n  <div class=\"aa-card align-left\" role=\"article\" aria-labelledby=\"card-title-3\">\n          <div class=\"aa-card-header\">\n        <div class=\"aa-card-img\" style=\"background-image:url('https:\/\/amberadvocate.org\/wp-content\/uploads\/2022\/12\/Gloucester-County-CART-cert-1.jpg'); background-position: center center;\" aria-hidden=\"true\">\n          <!-- <img decoding=\"async\" src=\"\" alt=\"Recertification Application (for currently-certified CARTs)\">         -->\n                  <\/div> \n      <\/div>\n          <div class=\"aa-card-body \">\n              <h4 id=\"card-title-3\" class=\"aa-card-title\">Recertification Application (for currently-certified CARTs)<\/h4>\n                  <div class=\"aa-card-copy-and-btn-stretch-height-wrapper\">    \n        <p><!-- always load this p tag -->\n                  <\/p>\n                  <div class=\"aa-card-btn-wrapper\">\n            <a class=\"btn sm blue\" href=\"https:\/\/amberadvocate.org\/cart\/recertification-apply\/\" target=\"_blank\" rel=\"noopener noreferrer\" aria-label=\"Recertification Application (for currently-certified CARTs) \u2014 opens in a new tab\"  >\n              Learn More  \n            <\/a>\n          <\/div>\n              <\/div> <!-- end aa-card-copy-and-btn-stretch-height-wrapper -->\n    <\/div><!-- end aa-card-body -->\n    <div class=\"aa-card-footer\">\n    <\/div> <!-- end aa-card-footer -->\n  <\/div>\n  <!-- END AA CARD WIDGET ITEM 3 -->\n  \n<\/div><\/div><\/div><div id=\"panel-30336-1-0-1\" class=\"so-panel widget widget_sow-editor panel-last-child\" data-index=\"3\" ><div\n\t\t\t\n\t\t\tclass=\"so-widget-sow-editor so-widget-sow-editor-base\"\n\t\t\t\n\t\t>\n<div class=\"siteorigin-widget-tinymce textwidget\">\n\t<h3 style=\"text-align: center;\"><a href=\"https:\/\/amberadvocate.org\/cart\/resources\/?_cart_resources_sub_category_select=cart-certification\">Haz clic aqu\u00ed para ver recursos adicionales sobre la Certificaci\u00f3n CART<\/a><\/h3>\n<\/div>\n<\/div><\/div><\/div><\/div><div id=\"pg-30336-2\"  class=\"panel-grid panel-has-style\" ><div class=\"siteorigin-panels-stretch panel-row-style panel-row-style-for-30336-2\" data-stretch-type=\"full-width-stretch\" ><div id=\"pgc-30336-2-0\"  class=\"panel-grid-cell\" ><div id=\"panel-30336-2-0-0\" class=\"so-panel widget widget_split-section-widget panel-first-child panel-last-child\" data-index=\"4\" ><div\n\t\t\t\n\t\t\tclass=\"so-widget-split-section-widget so-widget-split-section-widget-default-d75171398898-30336\"\n\t\t\t\n\t\t>\n<div class=\"aa-split-widget-container black image-on-left\">\n\t<div class=\"aa-split-widget-img\"  style=\"background-image:url('https:\/\/amberadvocate.org\/wp-content\/uploads\/2024\/05\/Iowa-CART-certification-event.jpg');\"><\/div>\n\t<div class=\"aa-split-widget-content\">\n\t\t\n\t\t\t<div class=\"aa-split-widget-title section-title\"><h2>Questions on CART Certification?<\/h2><\/div>\n\t\t\n\t\t\n\t\t\t\t<div class=\"aa-split-widget-desc\"><h2 style=\"text-align: center;\"><span style=\"color: #ffcc00;\">Email: <a style=\"color: #ffcc00;\" href=\"mailto:askamber@fvtc.edu\">askamber@fvtc.edu<\/a><\/span><\/h2>\n<h2 style=\"text-align: center;\"><span style=\"color: #ffcc00;\">Call: 877-712-6237<\/span><\/h2>\n<\/div>\n\t\t\t\t\n\t\t\n\t<\/div>\n<\/div><\/div><\/div><\/div><\/div><\/div><\/div>","protected":false},"excerpt":{"rendered":"<p>El programa de certificaci\u00f3n del Equipo de Respuesta a Secuestros de Ni\u00f1os (CART) de AATTAP trabaja para ayudar a las jurisdicciones locales, tribales y estatales en la creaci\u00f3n e implementaci\u00f3n de programas CART. Expertos destacados en la materia, profesionales, responsables pol\u00edticos y otros especialistas en protecci\u00f3n infantil han desarrollado est\u00e1ndares operativos de excelencia y mejores [&hellip;]<\/p>\n","protected":false},"author":10,"featured_media":24053,"parent":30116,"menu_order":0,"comment_status":"closed","ping_status":"closed","template":"","meta":{"_bbp_topic_count":0,"_bbp_reply_count":0,"_bbp_total_topic_count":0,"_bbp_total_reply_count":0,"_bbp_voice_count":0,"_bbp_anonymous_reply_count":0,"_bbp_topic_count_hidden":0,"_bbp_reply_count_hidden":0,"_bbp_forum_subforum_count":0,"_analytify_skip_tracking":false,"footnotes":""},"class_list":["post-30336","page","type-page","status-publish","has-post-thumbnail","hentry"],"meta_box":{"aa_theme_enable_blocks_editor":"","aa_theme_featured_img_position":""},"publishpress_future_workflow_manual_trigger":{"enabledWorkflows":[]},"_links":{"self":[{"href":"https:\/\/amberadvocate.org\/es\/wp-json\/wp\/v2\/pages\/30336","targetHints":{"allow":["GET"]}}],"collection":[{"href":"https:\/\/amberadvocate.org\/es\/wp-json\/wp\/v2\/pages"}],"about":[{"href":"https:\/\/amberadvocate.org\/es\/wp-json\/wp\/v2\/types\/page"}],"author":[{"embeddable":true,"href":"https:\/\/amberadvocate.org\/es\/wp-json\/wp\/v2\/users\/10"}],"replies":[{"embeddable":true,"href":"https:\/\/amberadvocate.org\/es\/wp-json\/wp\/v2\/comments?post=30336"}],"version-history":[{"count":0,"href":"https:\/\/amberadvocate.org\/es\/wp-json\/wp\/v2\/pages\/30336\/revisions"}],"up":[{"embeddable":true,"href":"https:\/\/amberadvocate.org\/es\/wp-json\/wp\/v2\/pages\/30116"}],"wp:featuredmedia":[{"embeddable":true,"href":"https:\/\/amberadvocate.org\/es\/wp-json\/wp\/v2\/media\/24053"}],"wp:attachment":[{"href":"https:\/\/amberadvocate.org\/es\/wp-json\/wp\/v2\/media?parent=30336"}],"curies":[{"name":"wp","href":"https:\/\/api.w.org\/{rel}","templated":true}]}}