{"id":30334,"date":"2023-11-06T19:29:04","date_gmt":"2023-11-07T01:29:04","guid":{"rendered":"https:\/\/amberadvocate.org\/carro\/formacion-cart\/"},"modified":"2025-11-14T12:07:22","modified_gmt":"2025-11-14T18:07:22","slug":"formacion-cart","status":"publish","type":"page","link":"https:\/\/amberadvocate.org\/es\/cart-home\/formacion-cart\/","title":{"rendered":"Formaci\u00f3n CART"},"content":{"rendered":"<div id=\"pl-30334\"  class=\"panel-layout\" ><div id=\"pg-30334-0\"  class=\"panel-grid panel-no-style\" ><div id=\"pgc-30334-0-0\"  class=\"panel-grid-cell\" ><div id=\"panel-30334-0-0-0\" class=\"so-panel widget widget_title-widget panel-first-child panel-last-child\" data-index=\"0\" ><div\n\t\t\t\n\t\t\tclass=\"so-widget-title-widget so-widget-title-widget-default-d75171398898-30334\"\n\t\t\t\n\t\t>\n<!-- AA Title Widget debug: name=AA Widget ID_73046593665b57b83b29eb984301151: title | title=\"Scroll this page to register for open seats in upcoming CART training events, request CART training for your area, or enroll in CART online learning (self-paced) courses.\" -->\n\r\n<div class=\"aa-title-widget-container\">\r\n\t<div class=\"aa-title-widget-title\">\r\n\t\t<h5 class=\"default left-align\">Despl\u00e1zate por esta p\u00e1gina para inscribirte en las plazas libres de los pr\u00f3ximos eventos de formaci\u00f3n CART, solicitar formaci\u00f3n CART para tu zona o matricularte en cursos de aprendizaje en l\u00ednea CART (a tu ritmo).<\/h5>\t<\/div>\r\n\t<div class=\"aa-title-widget-subtitle subhead default left-align\">\r\n\t\t\t<\/div>\r\n<\/div>\r\n\t\t\t\r\n\r\n<\/div><\/div><\/div><\/div><div id=\"pg-30334-1\"  class=\"panel-grid panel-no-style\" ><div id=\"pgc-30334-1-0\"  class=\"panel-grid-cell\" ><div id=\"panel-30334-1-0-0\" class=\"so-panel widget widget_title-widget panel-first-child\" data-index=\"1\" ><div\n\t\t\t\n\t\t\tclass=\"so-widget-title-widget so-widget-title-widget-default-d75171398898-30334\"\n\t\t\t\n\t\t>\n<!-- AA Title Widget debug: name=AA Widget ID_54162313765a83aa4170a6031401066: title | title=\"Register for Upcoming CART Training\" -->\n\r\n<div class=\"aa-title-widget-container\">\r\n\t<div class=\"aa-title-widget-title\">\r\n\t\t<h2 class=\"default center-align\">Inscr\u00edbete en la pr\u00f3xima formaci\u00f3n CART<\/h2>\t<\/div>\r\n\t<div class=\"aa-title-widget-subtitle subhead default center-align\">\r\n\t\t\t<\/div>\r\n<\/div>\r\n\t\t\t\r\n\r\n<\/div><\/div><div id=\"panel-30334-1-0-1\" class=\"so-panel widget widget_sow-editor\" data-index=\"2\" ><div\n\t\t\t\n\t\t\tclass=\"so-widget-sow-editor so-widget-sow-editor-base\"\n\t\t\t\n\t\t>\n<div class=\"siteorigin-widget-tinymce textwidget\">\n\t<p style=\"text-align: left;\">\u00a1Deslice el dedo para ver nuestros pr\u00f3ximos eventos de formaci\u00f3n CART con plazas disponibles para la inscripci\u00f3n! Haga clic en un evento para obtener m\u00e1s informaci\u00f3n en nuestra p\u00e1gina de informaci\u00f3n del curso NCJTC.org, e inscr\u00edbase hoy mismo, ya que las clases se llenan r\u00e1pidamente. Si no ve los pr\u00f3ximos eventos de formaci\u00f3n publicados, vuelva a consultar pronto, ya que a\u00f1adimos formaciones con regularidad.   <\/p>\n<\/div>\n<\/div><\/div><div id=\"panel-30334-1-0-2\" class=\"so-panel widget widget_aa-post-loop-widget panel-last-child\" data-index=\"3\" ><div\n\t\t\t\n\t\t\tclass=\"so-widget-aa-post-loop-widget so-widget-aa-post-loop-widget-default-d75171398898-30334\"\n\t\t\t\n\t\t><script>var aaPostLoopJs = {\"query\":{\"meta_key\":\"trainings_display_date_start\",\"orderby\":\"meta_value\",\"meta_query\":{\"relation\":\"AND\",\"0\":{\"key\":\"trainings_display_date_start\",\"compare\":\"EXISTS\"},\"1\":[]},\"tax_query\":{\"relation\":\"OR\",\"0\":[{\"taxonomy\":\"training_category\",\"field\":\"slug\",\"terms\":[\"spanish-cart-training\"]}]},\"post_type\":[\"training\"],\"order\":\"ASC\",\"posts_per_page\":\"20\",\"post_status\":\"publish\"},\"query_vars\":{\"meta_key\":\"trainings_display_date_start\",\"orderby\":\"meta_value\",\"meta_query\":{\"relation\":\"AND\",\"0\":{\"key\":\"trainings_display_date_start\",\"compare\":\"EXISTS\"},\"1\":[]},\"tax_query\":{\"relation\":\"OR\",\"0\":[{\"taxonomy\":\"training_category\",\"field\":\"slug\",\"terms\":[\"spanish-cart-training\"]}]},\"post_type\":[\"training\"],\"order\":\"ASC\",\"posts_per_page\":20,\"post_status\":\"publish\",\"error\":\"\",\"m\":\"\",\"p\":0,\"post_parent\":\"\",\"subpost\":\"\",\"subpost_id\":\"\",\"attachment\":\"\",\"attachment_id\":0,\"name\":\"\",\"pagename\":\"\",\"page_id\":0,\"second\":\"\",\"minute\":\"\",\"hour\":\"\",\"day\":0,\"monthnum\":0,\"year\":0,\"w\":0,\"category_name\":\"\",\"tag\":\"\",\"cat\":\"\",\"tag_id\":\"\",\"author\":\"\",\"author_name\":\"\",\"feed\":\"\",\"tb\":\"\",\"paged\":0,\"meta_value\":\"\",\"preview\":\"\",\"s\":\"\",\"sentence\":\"\",\"title\":\"\",\"fields\":\"all\",\"menu_order\":\"\",\"embed\":\"\",\"category__in\":[],\"category__not_in\":[],\"category__and\":[],\"post__in\":[],\"post__not_in\":[],\"post_name__in\":[],\"tag__in\":[],\"tag__not_in\":[],\"tag__and\":[],\"tag_slug__in\":[],\"tag_slug__and\":[],\"post_parent__in\":[],\"post_parent__not_in\":[],\"author__in\":[],\"author__not_in\":[],\"search_columns\":[],\"ignore_sticky_posts\":false,\"suppress_filters\":false,\"cache_results\":true,\"update_post_term_cache\":true,\"update_menu_item_cache\":false,\"lazy_load_term_meta\":true,\"update_post_meta_cache\":true,\"nopaging\":false,\"comments_per_page\":\"50\",\"no_found_rows\":false,\"taxonomy\":\"training_category\",\"term\":\"spanish-cart-training\"},\"tax_query\":{\"queries\":{\"relation\":\"OR\",\"0\":{\"0\":{\"taxonomy\":\"training_category\",\"terms\":[\"spanish-cart-training\"],\"field\":\"slug\",\"operator\":\"IN\",\"include_children\":true},\"relation\":\"AND\"}},\"relation\":\"OR\",\"queried_terms\":{\"training_category\":{\"terms\":[\"spanish-cart-training\"],\"field\":\"slug\"}},\"primary_table\":\"wp_posts\",\"primary_id_column\":\"ID\"},\"meta_query\":{\"queries\":{\"0\":{\"key\":\"trainings_display_date_start\"},\"1\":{\"0\":{\"key\":\"trainings_display_date_start\",\"compare\":\"EXISTS\"},\"relation\":\"OR\"},\"relation\":\"AND\"},\"relation\":\"AND\",\"meta_table\":\"wp_postmeta\",\"meta_id_column\":\"post_id\",\"primary_table\":\"wp_posts\",\"primary_id_column\":\"ID\"},\"date_query\":false,\"request\":\"SELECT SQL_CALC_FOUND_ROWS  wp_posts.ID\\n\\t\\t\\t\\t\\t FROM wp_posts  LEFT JOIN wp_term_relationships ON (wp_posts.ID = wp_term_relationships.object_id) INNER JOIN wp_postmeta ON ( wp_posts.ID = wp_postmeta.post_id )  INNER JOIN wp_postmeta AS mt1 ON ( wp_posts.ID = mt1.post_id ) LEFT  JOIN wp_icl_translations wpml_translations\\n\\t\\t\\t\\t\\t\\t\\tON wp_posts.ID = wpml_translations.element_id\\n\\t\\t\\t\\t\\t\\t\\t\\tAND wpml_translations.element_type = CONCAT('post_', wp_posts.post_type) \\n\\t\\t\\t\\t\\t WHERE 1=1  AND ( \\n  ( \\n    wp_term_relationships.term_taxonomy_id IN (923)\\n  )\\n) AND ( \\n  wp_postmeta.meta_key = 'trainings_display_date_start' \\n  AND \\n  ( \\n    mt1.meta_key = 'trainings_display_date_start'\\n  )\\n) AND wp_posts.post_type = 'training' AND ((wp_posts.post_status = 'publish')) AND ( ( ( wpml_translations.language_code = 'es' OR (\\n\\t\\t\\t\\t\\twpml_translations.language_code = 'en'\\n\\t\\t\\t\\t\\tAND wp_posts.post_type IN ( 'attachment' )\\n\\t\\t\\t\\t\\tAND ( ( \\n\\t\\t\\t( SELECT COUNT(element_id)\\n\\t\\t\\t  FROM wp_icl_translations\\n\\t\\t\\t  WHERE trid = wpml_translations.trid\\n\\t\\t\\t  AND language_code = 'es'\\n\\t\\t\\t) = 0\\n\\t\\t\\t ) OR ( \\n\\t\\t\\t( SELECT COUNT(element_id)\\n\\t\\t\\t\\tFROM wp_icl_translations t2\\n\\t\\t\\t\\tJOIN wp_posts p ON p.id = t2.element_id\\n\\t\\t\\t\\tWHERE t2.trid = wpml_translations.trid\\n\\t\\t\\t\\tAND t2.language_code = 'es'\\n                AND (\\n                    p.post_status = 'publish' OR p.post_status = 'private' OR \\n                    ( p.post_type='attachment' AND p.post_status = 'inherit' )\\n                )\\n\\t\\t\\t) = 0 ) ) \\n\\t\\t\\t\\t) ) AND wp_posts.post_type  IN ('post','page','attachment','wp_block','wp_template','wp_template_part','wp_navigation','state','partner-resource','cart','public-resource','articles','staff-bio','training','testimonials' )  ) OR wp_posts.post_type  NOT  IN ('post','page','attachment','wp_block','wp_template','wp_template_part','wp_navigation','state','partner-resource','cart','public-resource','articles','staff-bio','training','testimonials' )  )\\n\\t\\t\\t\\t\\t GROUP BY wp_posts.ID\\n\\t\\t\\t\\t\\t ORDER BY wp_postmeta.meta_value ASC\\n\\t\\t\\t\\t\\t LIMIT 0, 20\",\"posts\":[],\"post_count\":0,\"current_post\":-1,\"before_loop\":true,\"in_the_loop\":false,\"comment_count\":0,\"current_comment\":-1,\"found_posts\":0,\"max_num_pages\":0,\"max_num_comment_pages\":0,\"is_single\":false,\"is_preview\":false,\"is_page\":false,\"is_archive\":false,\"is_date\":false,\"is_year\":false,\"is_month\":false,\"is_day\":false,\"is_time\":false,\"is_author\":false,\"is_category\":false,\"is_tag\":false,\"is_tax\":false,\"is_search\":false,\"is_feed\":false,\"is_comment_feed\":false,\"is_trackback\":false,\"is_home\":true,\"is_privacy_policy\":false,\"is_404\":false,\"is_embed\":false,\"is_paged\":false,\"is_admin\":false,\"is_attachment\":false,\"is_singular\":false,\"is_robots\":false,\"is_favicon\":false,\"is_posts_page\":false,\"is_post_type_archive\":false,\"thumbnails_cached\":false}<\/script>   <\/div><\/div><\/div><\/div><div id=\"pg-30334-2\"  class=\"panel-grid panel-no-style\" ><div id=\"pgc-30334-2-0\"  class=\"panel-grid-cell\" ><div id=\"panel-30334-2-0-0\" class=\"so-panel widget widget_title-widget panel-first-child\" data-index=\"4\" ><div\n\t\t\t\n\t\t\tclass=\"so-widget-title-widget so-widget-title-widget-default-d75171398898-30334\"\n\t\t\t\n\t\t>\n<!-- AA Title Widget debug: name=AA Widget ID_1586552338660db11b5f513884074613: title | title=\"Request CART Training for Your Agency\/Area \" -->\n\r\n<div class=\"aa-title-widget-container\">\r\n\t<div class=\"aa-title-widget-title\">\r\n\t\t<h2 class=\"default center-align\">Solicita formaci\u00f3n CART para tu agencia\/\u00e1rea  <\/h2>\t<\/div>\r\n\t<div class=\"aa-title-widget-subtitle subhead default center-align\">\r\n\t\t\t<\/div>\r\n<\/div>\r\n\t\t\t\r\n\r\n<\/div><\/div><div id=\"panel-30334-2-0-1\" class=\"so-panel widget widget_sow-editor\" data-index=\"5\" ><div\n\t\t\t\n\t\t\tclass=\"so-widget-sow-editor so-widget-sow-editor-base\"\n\t\t\t\n\t\t>\n<div class=\"siteorigin-widget-tinymce textwidget\">\n\t<p><strong>\u00a1Haga que nuestra formaci\u00f3n se imparta donde usted est\u00e9!<\/strong> Haga clic en un curso a continuaci\u00f3n para obtener m\u00e1s informaci\u00f3n. Desde all\u00ed, env\u00ede una solicitud y nuestro equipo trabajar\u00e1 con usted para analizar las mejores opciones, elegir la(s) fecha(s) y el(los) lugar(es), e incluso puede ayudarle a promocionar el evento si desea atraer a agencias y socios comunitarios de los alrededores.  <\/p>\n<\/div>\n<\/div><\/div><div id=\"panel-30334-2-0-2\" class=\"so-panel widget widget_aa-card-widget panel-last-child\" data-index=\"6\" ><div\n\t\t\t\n\t\t\tclass=\"so-widget-aa-card-widget so-widget-aa-card-widget-default-d75171398898-30334\"\n\t\t\t\n\t\t>\n      <style>\n      #aa-card-widget-69f23c738a551 {\n        grid-template-columns: repeat(3, 1fr) !important;\n      }\n      @media only screen and (max-width: 1000px) {\n        #aa-card-widget-69f23c738a551 {\n          grid-template-columns: repeat(2, 1fr) !important;\n        }\n      }\n      @media only screen and (max-width: 700px) {\n        #aa-card-widget-69f23c738a551 {\n          grid-template-columns: repeat(1, 1fr) !important;\n        }\n      }\n    <\/style>\n  \n<div id=\"aa-card-widget-69f23c738a551\" class=\"aa-card-widget aa-card-container\">\n\n      <!-- AA CARD WIDGET ITEM 1 -->\n  <div class=\"aa-card align-left\" role=\"article\" aria-labelledby=\"card-title-1\">\n          <div class=\"aa-card-header\">\n        <div class=\"aa-card-img\" style=\"background-image:url('https:\/\/amberadvocate.org\/wp-content\/uploads\/2023\/03\/CST_FR_THUMBNAIL-scaled.jpg'); background-position: center center;\" aria-hidden=\"true\">\n          <!-- <img decoding=\"async\" src=\"\" alt=\"Formaci\u00f3n del Equipo de Respuesta a la Sustracci\u00f3n de Menores (CART)\">         -->\n                  <\/div> \n      <\/div>\n          <div class=\"aa-card-body \">\n              <h4 id=\"card-title-1\" class=\"aa-card-title\">Formaci\u00f3n del Equipo de Respuesta a la Sustracci\u00f3n de Menores (CART)<\/h4>\n                  <div class=\"aa-card-copy-and-btn-stretch-height-wrapper\">    \n        <p><!-- always load this p tag -->\n                  <\/p>\n                  <div class=\"aa-card-btn-wrapper\">\n            <a class=\"btn sm orange\" href=\"https:\/\/ncjtc.fvtc.edu\/training\/details\/TR00009815\/child-abduction-response-team-1\" target=\"_blank\" rel=\"noopener noreferrer\" aria-label=\"Formaci\u00f3n del Equipo de Respuesta a la Sustracci\u00f3n de Menores (CART) \u2014 opens in a new tab\"  >\n              Saber m\u00e1s  \n            <\/a>\n          <\/div>\n              <\/div> <!-- end aa-card-copy-and-btn-stretch-height-wrapper -->\n    <\/div><!-- end aa-card-body -->\n    <div class=\"aa-card-footer\">\n    <\/div> <!-- end aa-card-footer -->\n  <\/div>\n  <!-- END AA CARD WIDGET ITEM 1 -->\n      <!-- AA CARD WIDGET ITEM 2 -->\n  <div class=\"aa-card align-left\" role=\"article\" aria-labelledby=\"card-title-2\">\n          <div class=\"aa-card-header\">\n        <div class=\"aa-card-img\" style=\"background-image:url('https:\/\/amberadvocate.org\/wp-content\/uploads\/2024\/05\/CART_NEW_THUMB-1.jpg'); background-position: bottom center;\" aria-hidden=\"true\">\n          <!-- <img decoding=\"async\" src=\"\" alt=\"Ejercicio pr\u00e1ctico de simulaci\u00f3n de secuestro de menores (4 horas)\">         -->\n                  <\/div> \n      <\/div>\n          <div class=\"aa-card-body \">\n              <h4 id=\"card-title-2\" class=\"aa-card-title\">Ejercicio pr\u00e1ctico de simulaci\u00f3n de secuestro de menores (4 horas)<\/h4>\n                  <div class=\"aa-card-copy-and-btn-stretch-height-wrapper\">    \n        <p><!-- always load this p tag -->\n                  <\/p>\n                  <div class=\"aa-card-btn-wrapper\">\n            <a class=\"btn sm orange\" href=\"https:\/\/ncjtc.fvtc.edu\/trainings\/TR00004134\/child-abduction-tabletop-exercise-4-hrs\" target=\"_blank\" rel=\"noopener noreferrer\" aria-label=\"Ejercicio pr\u00e1ctico de simulaci\u00f3n de secuestro de menores (4 horas) \u2014 opens in a new tab\"  >\n              Saber m\u00e1s  \n            <\/a>\n          <\/div>\n              <\/div> <!-- end aa-card-copy-and-btn-stretch-height-wrapper -->\n    <\/div><!-- end aa-card-body -->\n    <div class=\"aa-card-footer\">\n    <\/div> <!-- end aa-card-footer -->\n  <\/div>\n  <!-- END AA CARD WIDGET ITEM 2 -->\n      <!-- AA CARD WIDGET ITEM 3 -->\n  <div class=\"aa-card align-left\" role=\"article\" aria-labelledby=\"card-title-3\">\n          <div class=\"aa-card-header\">\n        <div class=\"aa-card-img\" style=\"background-image:url('https:\/\/amberadvocate.org\/wp-content\/uploads\/2024\/05\/TRIBAL-LE-2-1.jpg'); background-position: center center;\" aria-hidden=\"true\">\n          <!-- <img decoding=\"async\" src=\"\" alt=\"Ejercicio pr\u00e1ctico de simulaci\u00f3n de secuestro de menores para territorios ind\u00edgenas (4 horas)\">         -->\n                  <\/div> \n      <\/div>\n          <div class=\"aa-card-body \">\n              <h4 id=\"card-title-3\" class=\"aa-card-title\">Ejercicio pr\u00e1ctico de simulaci\u00f3n de secuestro de menores para territorios ind\u00edgenas (4 horas)<\/h4>\n                  <div class=\"aa-card-copy-and-btn-stretch-height-wrapper\">    \n        <p><!-- always load this p tag -->\n                  <\/p>\n                  <div class=\"aa-card-btn-wrapper\">\n            <a class=\"btn sm orange\" href=\"https:\/\/ncjtc.fvtc.edu\/trainings\/TR00732164\/aiic-child-abduction-tabletop-exercise-4-hours\" target=\"_blank\" rel=\"noopener noreferrer\" aria-label=\"Ejercicio pr\u00e1ctico de simulaci\u00f3n de secuestro de menores para territorios ind\u00edgenas (4 horas) \u2014 opens in a new tab\"  >\n              Saber m\u00e1s  \n            <\/a>\n          <\/div>\n              <\/div> <!-- end aa-card-copy-and-btn-stretch-height-wrapper -->\n    <\/div><!-- end aa-card-body -->\n    <div class=\"aa-card-footer\">\n    <\/div> <!-- end aa-card-footer -->\n  <\/div>\n  <!-- END AA CARD WIDGET ITEM 3 -->\n  \n<\/div><\/div><\/div><\/div><\/div><div id=\"pg-30334-3\"  class=\"panel-grid panel-no-style\" ><div id=\"pgc-30334-3-0\"  class=\"panel-grid-cell\" ><div id=\"panel-30334-3-0-0\" class=\"so-panel widget widget_title-widget panel-first-child\" data-index=\"7\" ><div\n\t\t\t\n\t\t\tclass=\"so-widget-title-widget so-widget-title-widget-default-d75171398898-30334\"\n\t\t\t\n\t\t>\n<!-- AA Title Widget debug: name=AA Widget ID_3592670165a5f870f1757638598870: title | title=\"eLearning: Self-Paced CART Training\" -->\n\r\n<div class=\"aa-title-widget-container\">\r\n\t<div class=\"aa-title-widget-title\">\r\n\t\t<h2 class=\"default center-align\">eLearning: Formaci\u00f3n CART a tu ritmo<\/h2>\t<\/div>\r\n\t<div class=\"aa-title-widget-subtitle subhead default center-align\">\r\n\t\t\t<\/div>\r\n<\/div>\r\n\t\t\t\r\n\r\n<\/div><\/div><div id=\"panel-30334-3-0-1\" class=\"so-panel widget widget_sow-editor\" data-index=\"8\" ><div\n\t\t\t\n\t\t\tclass=\"so-widget-sow-editor so-widget-sow-editor-base\"\n\t\t\t\n\t\t>\n<div class=\"siteorigin-widget-tinymce textwidget\">\n\t<p><strong>\u00bfNo puede asistir a una formaci\u00f3n presencial? \u00a1Complete la formaci\u00f3n CART en l\u00ednea!  <\/strong> Haga clic en un curso a continuaci\u00f3n para obtener m\u00e1s informaci\u00f3n. Desde all\u00ed, puede registrarse para acceder a los cursos en l\u00ednea que desee y, una vez aprobado, puede completarlos en cualquier momento, 24 horas al d\u00eda, 7 d\u00edas a la semana, a trav\u00e9s de la plataforma de aprendizaje en l\u00ednea Blackboard de NCJTC.  <\/p>\n<p>\u00a1A veces tambi\u00e9n ofrecemos formaci\u00f3n CART en l\u00ednea, en directo y dirigida por un instructor (LOIL)! Consulte nuestra <strong>p\u00e1gina de pr\u00f3ximas formaciones<\/strong> para ver los pr\u00f3ximos eventos.  <\/p>\n<\/div>\n<\/div><\/div><div id=\"panel-30334-3-0-2\" class=\"so-panel widget widget_aa-card-widget panel-last-child\" data-index=\"9\" ><div\n\t\t\t\n\t\t\tclass=\"so-widget-aa-card-widget so-widget-aa-card-widget-default-d75171398898-30334\"\n\t\t\t\n\t\t>\n      <style>\n      #aa-card-widget-69f23c738e76a {\n        grid-template-columns: repeat(2, 1fr) !important;\n      }\n      @media only screen and (max-width: 1000px) {\n        #aa-card-widget-69f23c738e76a {\n          grid-template-columns: repeat(2, 1fr) !important;\n        }\n      }\n      @media only screen and (max-width: 700px) {\n        #aa-card-widget-69f23c738e76a {\n          grid-template-columns: repeat(1, 1fr) !important;\n        }\n      }\n    <\/style>\n  \n<div id=\"aa-card-widget-69f23c738e76a\" class=\"aa-card-widget aa-card-container\">\n\n      <!-- AA CARD WIDGET ITEM 1 -->\n  <div class=\"aa-card align-left\" role=\"article\" aria-labelledby=\"card-title-1\">\n          <div class=\"aa-card-header\">\n        <div class=\"aa-card-img\" style=\"background-image:url('https:\/\/amberadvocate.org\/wp-content\/uploads\/2024\/05\/CART-Search-Rescue.jpg'); background-position: center center;\" aria-hidden=\"true\">\n          <!-- <img decoding=\"async\" src=\"\" alt=\"Formaci\u00f3n para nuevos miembros del Equipo de Respuesta a la Sustracci\u00f3n de Menores (CART-NM)\">         -->\n                  <\/div> \n      <\/div>\n          <div class=\"aa-card-body \">\n              <h4 id=\"card-title-1\" class=\"aa-card-title\">Formaci\u00f3n para nuevos miembros del Equipo de Respuesta a la Sustracci\u00f3n de Menores (CART-NM)<\/h4>\n                  <div class=\"aa-card-copy-and-btn-stretch-height-wrapper\">    \n        <p><!-- always load this p tag -->\n                  <\/p>\n                  <div class=\"aa-card-btn-wrapper\">\n            <a class=\"btn sm orange\" href=\"https:\/\/ncjtc.fvtc.edu\/trainings\/TR00000130\/TRI2824142\/child-abduction-response-team-training-for-new-members-cart-nm\" target=\"_blank\" rel=\"noopener noreferrer\" aria-label=\"Formaci\u00f3n para nuevos miembros del Equipo de Respuesta a la Sustracci\u00f3n de Menores (CART-NM) \u2014 opens in a new tab\"  >\n              Saber m\u00e1s  \n            <\/a>\n          <\/div>\n              <\/div> <!-- end aa-card-copy-and-btn-stretch-height-wrapper -->\n    <\/div><!-- end aa-card-body -->\n    <div class=\"aa-card-footer\">\n    <\/div> <!-- end aa-card-footer -->\n  <\/div>\n  <!-- END AA CARD WIDGET ITEM 1 -->\n      <!-- AA CARD WIDGET ITEM 2 -->\n  <div class=\"aa-card align-left\" role=\"article\" aria-labelledby=\"card-title-2\">\n          <div class=\"aa-card-header\">\n        <div class=\"aa-card-img\" style=\"background-image:url('https:\/\/amberadvocate.org\/wp-content\/uploads\/2024\/05\/COMMAND-POS21-1.jpg'); background-position: bottom center;\" aria-hidden=\"true\">\n          <!-- <img decoding=\"async\" src=\"\" alt=\"Formaci\u00f3n en l\u00ednea para comandantes de CART (CART-COMM)\">         -->\n                  <\/div> \n      <\/div>\n          <div class=\"aa-card-body \">\n              <h4 id=\"card-title-2\" class=\"aa-card-title\">Formaci\u00f3n en l\u00ednea para comandantes de CART (CART-COMM)<\/h4>\n                  <div class=\"aa-card-copy-and-btn-stretch-height-wrapper\">    \n        <p><!-- always load this p tag -->\n                  <\/p>\n                  <div class=\"aa-card-btn-wrapper\">\n            <a class=\"btn sm orange\" href=\"https:\/\/ncjtc.fvtc.edu\/trainings\/TR00009595\/TRI2824143\/cart-commander-online-training-cart-comm\" target=\"_blank\" rel=\"noopener noreferrer\" aria-label=\"Formaci\u00f3n en l\u00ednea para comandantes de CART (CART-COMM) \u2014 opens in a new tab\"  >\n              Saber m\u00e1s  \n            <\/a>\n          <\/div>\n              <\/div> <!-- end aa-card-copy-and-btn-stretch-height-wrapper -->\n    <\/div><!-- end aa-card-body -->\n    <div class=\"aa-card-footer\">\n    <\/div> <!-- end aa-card-footer -->\n  <\/div>\n  <!-- END AA CARD WIDGET ITEM 2 -->\n  \n<\/div><\/div><\/div><\/div><\/div><div id=\"pg-30334-4\"  class=\"panel-grid panel-has-style\" ><div class=\"siteorigin-panels-stretch panel-row-style panel-row-style-for-30334-4\" data-stretch-type=\"full-width-stretch\" ><div id=\"pgc-30334-4-0\"  class=\"panel-grid-cell\" ><div id=\"panel-30334-4-0-0\" class=\"so-panel widget widget_split-section-widget panel-first-child panel-last-child\" data-index=\"10\" ><div\n\t\t\t\n\t\t\tclass=\"so-widget-split-section-widget so-widget-split-section-widget-default-d75171398898-30334\"\n\t\t\t\n\t\t>\n<div class=\"aa-split-widget-container white image-on-left\">\n\t<div class=\"aa-split-widget-img\"  style=\"background-image:url('https:\/\/amberadvocate.org\/wp-content\/uploads\/2024\/05\/BEST_IC-MULTI-JURIS-GROUP_SHOT-1.jpg');\"><\/div>\n\t<div class=\"aa-split-widget-content\">\n\t\t\n\t\n\t\t\n\t\t\t\t<div class=\"aa-split-widget-desc\"><h4>\u00bfTiene preguntas sobre la formaci\u00f3n CART? Env\u00edenos un correo electr\u00f3nico a <g id=\"gid_0\">askamber@fvtc.edu<\/g> e incluya 'Consulta sobre la formaci\u00f3n CART' en el asunto. O p\u00f3ngase en contacto con nosotros por tel\u00e9fono al 877-712-6237  <\/h4>\n<\/div>\n\t\t\t\t\n\t\t\n\t<\/div>\n<\/div><\/div><\/div><\/div><\/div><\/div><\/div>","protected":false},"excerpt":{"rendered":"<p>\u00a1Deslice el dedo por nuestros pr\u00f3ximos eventos de formaci\u00f3n CART con plazas disponibles para la inscripci\u00f3n! Haga clic en un evento para obtener m\u00e1s informaci\u00f3n en nuestra p\u00e1gina de informaci\u00f3n del curso NCJTC.org, e inscr\u00edbase hoy mismo, ya que las clases se llenan r\u00e1pidamente. Si no ve los pr\u00f3ximos eventos de formaci\u00f3n publicados, vuelva a [&hellip;]<\/p>\n","protected":false},"author":10,"featured_media":24074,"parent":30116,"menu_order":0,"comment_status":"closed","ping_status":"closed","template":"","meta":{"_bbp_topic_count":0,"_bbp_reply_count":0,"_bbp_total_topic_count":0,"_bbp_total_reply_count":0,"_bbp_voice_count":0,"_bbp_anonymous_reply_count":0,"_bbp_topic_count_hidden":0,"_bbp_reply_count_hidden":0,"_bbp_forum_subforum_count":0,"_analytify_skip_tracking":false,"footnotes":""},"class_list":["post-30334","page","type-page","status-publish","has-post-thumbnail","hentry"],"meta_box":{"aa_theme_enable_blocks_editor":"","aa_theme_featured_img_position":""},"publishpress_future_workflow_manual_trigger":{"enabledWorkflows":[]},"_links":{"self":[{"href":"https:\/\/amberadvocate.org\/es\/wp-json\/wp\/v2\/pages\/30334","targetHints":{"allow":["GET"]}}],"collection":[{"href":"https:\/\/amberadvocate.org\/es\/wp-json\/wp\/v2\/pages"}],"about":[{"href":"https:\/\/amberadvocate.org\/es\/wp-json\/wp\/v2\/types\/page"}],"author":[{"embeddable":true,"href":"https:\/\/amberadvocate.org\/es\/wp-json\/wp\/v2\/users\/10"}],"replies":[{"embeddable":true,"href":"https:\/\/amberadvocate.org\/es\/wp-json\/wp\/v2\/comments?post=30334"}],"version-history":[{"count":0,"href":"https:\/\/amberadvocate.org\/es\/wp-json\/wp\/v2\/pages\/30334\/revisions"}],"up":[{"embeddable":true,"href":"https:\/\/amberadvocate.org\/es\/wp-json\/wp\/v2\/pages\/30116"}],"wp:featuredmedia":[{"embeddable":true,"href":"https:\/\/amberadvocate.org\/es\/wp-json\/wp\/v2\/media\/24074"}],"wp:attachment":[{"href":"https:\/\/amberadvocate.org\/es\/wp-json\/wp\/v2\/media?parent=30334"}],"curies":[{"name":"wp","href":"https:\/\/api.w.org\/{rel}","templated":true}]}}