{"id":30328,"date":"2024-02-06T15:44:29","date_gmt":"2024-02-06T21:44:29","guid":{"rendered":"https:\/\/amberadvocate.org\/solicita-formacion-organiza-una-formacion-presencial-o-virtual-para-tu-departamento-jurisdiccion-o-region\/"},"modified":"2025-11-14T13:02:40","modified_gmt":"2025-11-14T19:02:40","slug":"solicita-formacion-organiza-una-formacion-presencial-o-virtual-para-tu-departamento-jurisdiccion-o-region","status":"publish","type":"page","link":"https:\/\/amberadvocate.org\/es\/sobre-nuestra-formacion\/solicita-formacion-organiza-una-formacion-presencial-o-virtual-para-tu-departamento-jurisdiccion-o-region\/","title":{"rendered":"Solicitar formaci\u00f3n: Organice una formaci\u00f3n presencial o virtual en directo para su departamento, jurisdicci\u00f3n o regi\u00f3n."},"content":{"rendered":"<div id=\"pl-30328\"  class=\"panel-layout\" ><div id=\"pg-30328-0\"  class=\"panel-grid panel-no-style\" ><div id=\"pgc-30328-0-0\"  class=\"panel-grid-cell\" ><div id=\"panel-30328-0-0-0\" class=\"so-panel widget widget_sow-editor panel-first-child panel-last-child\" data-index=\"0\" ><div\n\t\t\t\n\t\t\tclass=\"so-widget-sow-editor so-widget-sow-editor-base\"\n\t\t\t\n\t\t>\n<div class=\"siteorigin-widget-tinymce textwidget\">\n\t<h2>Cursos de formaci\u00f3n presenciales sobre Alerta AMBER<\/h2>\n<p>Solicite cualquiera de nuestros cursos para que se impartan en su \u00e1rea\/jurisdicci\u00f3n. Haga clic en las tarjetas de los cursos que aparecen a continuaci\u00f3n para obtener m\u00e1s informaci\u00f3n, cumplimentar un formulario de solicitud y consultar las fechas de los pr\u00f3ximos cursos con plazas a\u00fan disponibles para la inscripci\u00f3n.  <\/p>\n<\/div>\n<\/div><\/div><\/div><\/div><div id=\"pg-30328-1\"  class=\"panel-grid panel-has-style\" ><div class=\"panel-row-style panel-row-style-for-30328-1\" ><div id=\"pgc-30328-1-0\"  class=\"panel-grid-cell\" ><div id=\"panel-30328-1-0-0\" class=\"so-panel widget widget_button-widget panel-first-child\" data-index=\"1\" ><div\n\t\t\t\n\t\t\tclass=\"so-widget-button-widget so-widget-button-widget-default-d75171398898-30328\"\n\t\t\t\n\t\t>\n<a href=\"https:\/\/amberadvocate.org\/trainings\/register\/\" class=\"btn lg  orange\"  aria-label=\"Ver las pr\u00f3ximas formaciones con inscripci\u00f3n abierta\">Ver las pr\u00f3ximas formaciones con inscripci\u00f3n abierta<\/a><\/div><\/div><div id=\"panel-30328-1-0-1\" class=\"so-panel widget widget_button-widget panel-last-child\" data-index=\"2\" ><div\n\t\t\t\n\t\t\tclass=\"so-widget-button-widget so-widget-button-widget-default-d75171398898-30328\"\n\t\t\t\n\t\t>\n<a href=\"https:\/\/ncjtc.fvtc.edu\/resources\/RS01218286\/amber-alert-training-and-technical-assistance-oppo\" class=\"btn lg  orange\" target=\"_blank\" aria-label=\"Ver nuestro cat\u00e1logo de oportunidades de formaci\u00f3n \u2014 opens in a new tab\">Ver nuestro cat\u00e1logo de oportunidades de formaci\u00f3n<\/a><\/div><\/div><\/div><\/div><\/div><div id=\"pg-30328-2\"  class=\"panel-grid panel-no-style\" ><div id=\"pgc-30328-2-0\"  class=\"panel-grid-cell\" ><div id=\"panel-30328-2-0-0\" class=\"so-panel widget widget_aa-card-widget panel-first-child panel-last-child\" data-index=\"3\" ><div\n\t\t\t\n\t\t\tclass=\"so-widget-aa-card-widget so-widget-aa-card-widget-default-d75171398898-30328\"\n\t\t\t\n\t\t>\n      <style>\n      #aa-card-widget-69f16356269d0 {\n        grid-template-columns: repeat(3, 1fr) !important;\n      }\n      @media only screen and (max-width: 1000px) {\n        #aa-card-widget-69f16356269d0 {\n          grid-template-columns: repeat(2, 1fr) !important;\n        }\n      }\n      @media only screen and (max-width: 700px) {\n        #aa-card-widget-69f16356269d0 {\n          grid-template-columns: repeat(1, 1fr) !important;\n        }\n      }\n    <\/style>\n  \n<div id=\"aa-card-widget-69f16356269d0\" class=\"aa-card-widget aa-card-container\">\n\n      <!-- AA CARD WIDGET ITEM 1 -->\n  <div class=\"aa-card align-left\" role=\"article\" aria-labelledby=\"card-title-1\">\n          <div class=\"aa-card-header\">\n        <div class=\"aa-card-img\" style=\"background-image:url('https:\/\/amberadvocate.org\/wp-content\/uploads\/2024\/05\/AMBER_Alert_Highway_Sign-1.jpg'); background-position: center center;\" aria-hidden=\"true\">\n          <!-- <img decoding=\"async\" src=\"\" alt=\"Buenas pr\u00e1cticas para la activaci\u00f3n de la Alerta AMBER\">         -->\n                  <\/div> \n      <\/div>\n          <div class=\"aa-card-body \">\n              <h4 id=\"card-title-1\" class=\"aa-card-title\">Buenas pr\u00e1cticas para la activaci\u00f3n de la Alerta AMBER<\/h4>\n                  <div class=\"aa-card-copy-and-btn-stretch-height-wrapper\">    \n        <p><!-- always load this p tag -->\n                  <\/p>\n                  <div class=\"aa-card-btn-wrapper\">\n            <a class=\"btn sm blue\" href=\"https:\/\/ncjtc.fvtc.edu\/trainings\/TR00150163\/amber-alert-activation-best-practices\" target=\"_blank\" rel=\"noopener noreferrer\" aria-label=\"Buenas pr\u00e1cticas para la activaci\u00f3n de la Alerta AMBER \u2014 opens in a new tab\"  >\n              M\u00c1S INFORMACI\u00d3N  \n            <\/a>\n          <\/div>\n              <\/div> <!-- end aa-card-copy-and-btn-stretch-height-wrapper -->\n    <\/div><!-- end aa-card-body -->\n    <div class=\"aa-card-footer\">\n    <\/div> <!-- end aa-card-footer -->\n  <\/div>\n  <!-- END AA CARD WIDGET ITEM 1 -->\n      <!-- AA CARD WIDGET ITEM 2 -->\n  <div class=\"aa-card align-left\" role=\"article\" aria-labelledby=\"card-title-2\">\n          <div class=\"aa-card-header\">\n        <div class=\"aa-card-img\" style=\"background-image:url('https:\/\/amberadvocate.org\/wp-content\/uploads\/2024\/05\/TR00009815_20220815102603.jpg'); background-position: center center;\" aria-hidden=\"true\">\n          <!-- <img decoding=\"async\" src=\"\" alt=\"Formaci\u00f3n del Equipo de Respuesta a la Sustracci\u00f3n de Menores (CART)\">         -->\n                  <\/div> \n      <\/div>\n          <div class=\"aa-card-body \">\n              <h4 id=\"card-title-2\" class=\"aa-card-title\">Formaci\u00f3n del Equipo de Respuesta a la Sustracci\u00f3n de Menores (CART)<\/h4>\n                  <div class=\"aa-card-copy-and-btn-stretch-height-wrapper\">    \n        <p><!-- always load this p tag -->\n                  <\/p>\n                  <div class=\"aa-card-btn-wrapper\">\n            <a class=\"btn sm blue\" href=\"https:\/\/ncjtc.fvtc.edu\/trainings\/TR02859313\/child-abduction-response-team-cart-implementation\" target=\"_blank\" rel=\"noopener noreferrer\" aria-label=\"Formaci\u00f3n del Equipo de Respuesta a la Sustracci\u00f3n de Menores (CART) \u2014 opens in a new tab\"  >\n              M\u00c1S INFORMACI\u00d3N  \n            <\/a>\n          <\/div>\n              <\/div> <!-- end aa-card-copy-and-btn-stretch-height-wrapper -->\n    <\/div><!-- end aa-card-body -->\n    <div class=\"aa-card-footer\">\n    <\/div> <!-- end aa-card-footer -->\n  <\/div>\n  <!-- END AA CARD WIDGET ITEM 2 -->\n      <!-- AA CARD WIDGET ITEM 3 -->\n  <div class=\"aa-card align-left\" role=\"article\" aria-labelledby=\"card-title-3\">\n          <div class=\"aa-card-header\">\n        <div class=\"aa-card-img\" style=\"background-image:url('https:\/\/amberadvocate.org\/wp-content\/uploads\/2024\/05\/TABLETOP-EXERCISE-AATTAP.jpg'); background-position: center center;\" aria-hidden=\"true\">\n          <!-- <img decoding=\"async\" src=\"\" alt=\"Ejercicio pr\u00e1ctico sobre secuestro de menores (CATE)\">         -->\n                  <\/div> \n      <\/div>\n          <div class=\"aa-card-body \">\n              <h4 id=\"card-title-3\" class=\"aa-card-title\">Ejercicio pr\u00e1ctico sobre secuestro de menores (CATE)<\/h4>\n                  <div class=\"aa-card-copy-and-btn-stretch-height-wrapper\">    \n        <p><!-- always load this p tag -->\n                  <\/p>\n                  <div class=\"aa-card-btn-wrapper\">\n            <a class=\"btn sm blue\" href=\"https:\/\/ncjtc.fvtc.edu\/training\/details\/TR00004134\/child-abduction-tabletop-exercise-4-hrs\" target=\"_blank\" rel=\"noopener noreferrer\" aria-label=\"Ejercicio pr\u00e1ctico sobre secuestro de menores (CATE) \u2014 opens in a new tab\"  >\n              M\u00c1S INFORMACI\u00d3N  \n            <\/a>\n          <\/div>\n              <\/div> <!-- end aa-card-copy-and-btn-stretch-height-wrapper -->\n    <\/div><!-- end aa-card-body -->\n    <div class=\"aa-card-footer\">\n    <\/div> <!-- end aa-card-footer -->\n  <\/div>\n  <!-- END AA CARD WIDGET ITEM 3 -->\n      <!-- AA CARD WIDGET ITEM 4 -->\n  <div class=\"aa-card align-left\" role=\"article\" aria-labelledby=\"card-title-4\">\n          <div class=\"aa-card-header\">\n        <div class=\"aa-card-img\" style=\"background-image:url('https:\/\/amberadvocate.org\/wp-content\/uploads\/2024\/05\/IRST_NEW_THUMB-2.jpg'); background-position: center center;\" aria-hidden=\"true\">\n          <!-- <img decoding=\"async\" src=\"\" alt=\"Trata sexual de menores para primeros intervinientes\">         -->\n                  <\/div> \n      <\/div>\n          <div class=\"aa-card-body \">\n              <h4 id=\"card-title-4\" class=\"aa-card-title\">Trata sexual de menores para primeros intervinientes<\/h4>\n                  <div class=\"aa-card-copy-and-btn-stretch-height-wrapper\">    \n        <p><!-- always load this p tag -->\n                  <\/p>\n                  <div class=\"aa-card-btn-wrapper\">\n            <a class=\"btn sm blue\" href=\"https:\/\/ncjtc.fvtc.edu\/trainings\/TR01748149\/child-sex-trafficking-for-first-responders\" target=\"_blank\" rel=\"noopener noreferrer\" aria-label=\"Trata sexual de menores para primeros intervinientes \u2014 opens in a new tab\"  >\n              M\u00c1S INFORMACI\u00d3N  \n            <\/a>\n          <\/div>\n              <\/div> <!-- end aa-card-copy-and-btn-stretch-height-wrapper -->\n    <\/div><!-- end aa-card-body -->\n    <div class=\"aa-card-footer\">\n    <\/div> <!-- end aa-card-footer -->\n  <\/div>\n  <!-- END AA CARD WIDGET ITEM 4 -->\n      <!-- AA CARD WIDGET ITEM 5 -->\n  <div class=\"aa-card align-left\" role=\"article\" aria-labelledby=\"card-title-5\">\n          <div class=\"aa-card-header\">\n        <div class=\"aa-card-img\" style=\"background-image:url('https:\/\/amberadvocate.org\/wp-content\/uploads\/2024\/05\/CST-Investigations_Thumbnail-1.jpg'); background-position: center center;\" aria-hidden=\"true\">\n          <!-- <img decoding=\"async\" src=\"\" alt=\"Investigaciones sobre el tr\u00e1fico sexual de menores: estrategias para aumentar el n\u00famero de enjuiciamientos de los traficantes de ni\u00f1os desaparecidos\">         -->\n                  <\/div> \n      <\/div>\n          <div class=\"aa-card-body \">\n              <h4 id=\"card-title-5\" class=\"aa-card-title\">Investigaciones sobre el tr\u00e1fico sexual de menores: estrategias para aumentar el n\u00famero de enjuiciamientos de los traficantes de ni\u00f1os desaparecidos<\/h4>\n                  <div class=\"aa-card-copy-and-btn-stretch-height-wrapper\">    \n        <p><!-- always load this p tag -->\n                  <\/p>\n                  <div class=\"aa-card-btn-wrapper\">\n            <a class=\"btn sm blue\" href=\"https:\/\/ncjtc.fvtc.edu\/trainings\/TR01615371\/cst-investigative-strategies\" target=\"_blank\" rel=\"noopener noreferrer\" aria-label=\"Investigaciones sobre el tr\u00e1fico sexual de menores: estrategias para aumentar el n\u00famero de enjuiciamientos de los traficantes de ni\u00f1os desaparecidos \u2014 opens in a new tab\"  >\n              M\u00c1S INFORMACI\u00d3N  \n            <\/a>\n          <\/div>\n              <\/div> <!-- end aa-card-copy-and-btn-stretch-height-wrapper -->\n    <\/div><!-- end aa-card-body -->\n    <div class=\"aa-card-footer\">\n    <\/div> <!-- end aa-card-footer -->\n  <\/div>\n  <!-- END AA CARD WIDGET ITEM 5 -->\n      <!-- AA CARD WIDGET ITEM 6 -->\n  <div class=\"aa-card align-left\" role=\"article\" aria-labelledby=\"card-title-6\">\n          <div class=\"aa-card-header\">\n        <div class=\"aa-card-img\" style=\"background-image:url('https:\/\/amberadvocate.org\/wp-content\/uploads\/2024\/05\/CSR-CAC-1.jpg'); background-position: center center;\" aria-hidden=\"true\">\n          <!-- <img decoding=\"async\" src=\"\" alt=\"Respuesta en la escena del crimen en casos de secuestro de menores\">         -->\n                  <\/div> \n      <\/div>\n          <div class=\"aa-card-body \">\n              <h4 id=\"card-title-6\" class=\"aa-card-title\">Respuesta en la escena del crimen en casos de secuestro de menores<\/h4>\n                  <div class=\"aa-card-copy-and-btn-stretch-height-wrapper\">    \n        <p><!-- always load this p tag -->\n                  <\/p>\n                  <div class=\"aa-card-btn-wrapper\">\n            <a class=\"btn sm blue\" href=\"https:\/\/ncjtc.fvtc.edu\/trainings\/TR01829582\/TRI1830143\/crime-scene-response-in-child-abduction-cases-csr-cac\" target=\"_blank\" rel=\"noopener noreferrer\" aria-label=\"Respuesta en la escena del crimen en casos de secuestro de menores \u2014 opens in a new tab\"  >\n              M\u00c1S INFORMACI\u00d3N  \n            <\/a>\n          <\/div>\n              <\/div> <!-- end aa-card-copy-and-btn-stretch-height-wrapper -->\n    <\/div><!-- end aa-card-body -->\n    <div class=\"aa-card-footer\">\n    <\/div> <!-- end aa-card-footer -->\n  <\/div>\n  <!-- END AA CARD WIDGET ITEM 6 -->\n      <!-- AA CARD WIDGET ITEM 7 -->\n  <div class=\"aa-card align-left\" role=\"article\" aria-labelledby=\"card-title-7\">\n          <div class=\"aa-card-header\">\n        <div class=\"aa-card-img\" style=\"background-image:url('https:\/\/amberadvocate.org\/wp-content\/uploads\/2024\/05\/IRST_NEW_THUMB.jpg'); background-position: center center;\" aria-hidden=\"true\">\n          <!-- <img decoding=\"async\" src=\"\" alt=\"Estrategias y T\u00e1cticas de Respuesta Inicial ante Incidentes de Menores Desaparecidos\">         -->\n                  <\/div> \n      <\/div>\n          <div class=\"aa-card-body \">\n              <h4 id=\"card-title-7\" class=\"aa-card-title\">Estrategias y T\u00e1cticas de Respuesta Inicial ante Incidentes de Menores Desaparecidos<\/h4>\n                  <div class=\"aa-card-copy-and-btn-stretch-height-wrapper\">    \n        <p><!-- always load this p tag -->\n                  <\/p>\n                  <div class=\"aa-card-btn-wrapper\">\n            <a class=\"btn sm blue\" href=\"https:\/\/ncjtc.fvtc.edu\/training\/details\/TR00006487\/initial-response-strategies-and-tactics-when-responding-to-missing-children-incidents\" target=\"_blank\" rel=\"noopener noreferrer\" aria-label=\"Estrategias y T\u00e1cticas de Respuesta Inicial ante Incidentes de Menores Desaparecidos \u2014 opens in a new tab\"  >\n              M\u00c1S INFORMACI\u00d3N  \n            <\/a>\n          <\/div>\n              <\/div> <!-- end aa-card-copy-and-btn-stretch-height-wrapper -->\n    <\/div><!-- end aa-card-body -->\n    <div class=\"aa-card-footer\">\n    <\/div> <!-- end aa-card-footer -->\n  <\/div>\n  <!-- END AA CARD WIDGET ITEM 7 -->\n      <!-- AA CARD WIDGET ITEM 8 -->\n  <div class=\"aa-card align-left\" role=\"article\" aria-labelledby=\"card-title-8\">\n          <div class=\"aa-card-header\">\n        <div class=\"aa-card-img\" style=\"background-image:url('https:\/\/amberadvocate.org\/wp-content\/uploads\/2024\/05\/ISCAC_NEW_THUMB.jpg'); background-position: center center;\" aria-hidden=\"true\">\n          <!-- <img decoding=\"async\" src=\"\" alt=\"Estrategias de investigaci\u00f3n en casos de sustracci\u00f3n de menores\">         -->\n                  <\/div> \n      <\/div>\n          <div class=\"aa-card-body \">\n              <h4 id=\"card-title-8\" class=\"aa-card-title\">Estrategias de investigaci\u00f3n en casos de sustracci\u00f3n de menores<\/h4>\n                  <div class=\"aa-card-copy-and-btn-stretch-height-wrapper\">    \n        <p><!-- always load this p tag -->\n                  <\/p>\n                  <div class=\"aa-card-btn-wrapper\">\n            <a class=\"btn sm blue\" href=\"https:\/\/ncjtc.fvtc.edu\/trainings\/TR00876338\/invest-strategies-for-child-abduction-cases\" target=\"_blank\" rel=\"noopener noreferrer\" aria-label=\"Estrategias de investigaci\u00f3n en casos de sustracci\u00f3n de menores \u2014 opens in a new tab\"  >\n              M\u00c1S INFORMACI\u00d3N  \n            <\/a>\n          <\/div>\n              <\/div> <!-- end aa-card-copy-and-btn-stretch-height-wrapper -->\n    <\/div><!-- end aa-card-body -->\n    <div class=\"aa-card-footer\">\n    <\/div> <!-- end aa-card-footer -->\n  <\/div>\n  <!-- END AA CARD WIDGET ITEM 8 -->\n      <!-- AA CARD WIDGET ITEM 9 -->\n  <div class=\"aa-card align-left\" role=\"article\" aria-labelledby=\"card-title-9\">\n          <div class=\"aa-card-header\">\n        <div class=\"aa-card-img\" style=\"background-image:url('https:\/\/amberadvocate.org\/wp-content\/uploads\/2024\/05\/SCOCA_Thumbnail.jpg'); background-position: center center;\" aria-hidden=\"true\">\n          <!-- <img decoding=\"async\" src=\"\" alt=\"Operaciones de b\u00fasqueda y rastreo en sustracciones de menores\">         -->\n                  <\/div> \n      <\/div>\n          <div class=\"aa-card-body \">\n              <h4 id=\"card-title-9\" class=\"aa-card-title\">Operaciones de b\u00fasqueda y rastreo en sustracciones de menores<\/h4>\n                  <div class=\"aa-card-copy-and-btn-stretch-height-wrapper\">    \n        <p><!-- always load this p tag -->\n                  <\/p>\n                  <div class=\"aa-card-btn-wrapper\">\n            <a class=\"btn sm blue\" href=\"https:\/\/ncjtc.fvtc.edu\/trainings\/TR00000122\/search-canvass-operations-in-child-abductions\" target=\"_blank\" rel=\"noopener noreferrer\" aria-label=\"Operaciones de b\u00fasqueda y rastreo en sustracciones de menores \u2014 opens in a new tab\"  >\n              M\u00c1S INFORMACI\u00d3N  \n            <\/a>\n          <\/div>\n              <\/div> <!-- end aa-card-copy-and-btn-stretch-height-wrapper -->\n    <\/div><!-- end aa-card-body -->\n    <div class=\"aa-card-footer\">\n    <\/div> <!-- end aa-card-footer -->\n  <\/div>\n  <!-- END AA CARD WIDGET ITEM 9 -->\n      <!-- AA CARD WIDGET ITEM 10 -->\n  <div class=\"aa-card align-left\" role=\"article\" aria-labelledby=\"card-title-10\">\n          <div class=\"aa-card-header\">\n        <div class=\"aa-card-img\" style=\"background-image:url('https:\/\/amberadvocate.org\/wp-content\/uploads\/2024\/05\/SB-CB_ABDUCTIONS_THUMB-scaled-1.jpg'); background-position: center center;\" aria-hidden=\"true\">\n          <!-- <img decoding=\"async\" src=\"\" alt=\"Iniciativa de la frontera sur: secuestros transfronterizos \">         -->\n                  <\/div> \n      <\/div>\n          <div class=\"aa-card-body \">\n              <h4 id=\"card-title-10\" class=\"aa-card-title\">Iniciativa de la frontera sur: secuestros transfronterizos <\/h4>\n                  <div class=\"aa-card-copy-and-btn-stretch-height-wrapper\">    \n        <p><!-- always load this p tag -->\n                  <\/p>\n                  <div class=\"aa-card-btn-wrapper\">\n            <a class=\"btn sm blue\" href=\"https:\/\/ncjtc.fvtc.edu\/trainings\/TR02445000\/southern-border-initiative-cross-border-abductions\" target=\"_blank\" rel=\"noopener noreferrer\" aria-label=\"Iniciativa de la frontera sur: secuestros transfronterizos  \u2014 opens in a new tab\"  >\n              M\u00c1S INFORMACI\u00d3N  \n            <\/a>\n          <\/div>\n              <\/div> <!-- end aa-card-copy-and-btn-stretch-height-wrapper -->\n    <\/div><!-- end aa-card-body -->\n    <div class=\"aa-card-footer\">\n    <\/div> <!-- end aa-card-footer -->\n  <\/div>\n  <!-- END AA CARD WIDGET ITEM 10 -->\n      <!-- AA CARD WIDGET ITEM 11 -->\n  <div class=\"aa-card align-left\" role=\"article\" aria-labelledby=\"card-title-11\">\n          <div class=\"aa-card-header\">\n        <div class=\"aa-card-img\" style=\"background-image:url('https:\/\/amberadvocate.org\/wp-content\/uploads\/2024\/05\/TELMAC_NEW_THUMB-1.jpg'); background-position: center center;\" aria-hidden=\"true\">\n          <!-- <img decoding=\"async\" src=\"\" alt=\"Buenas pr\u00e1cticas de telecomunicaciones para ni\u00f1os desaparecidos y secuestrados\">         -->\n                  <\/div> \n      <\/div>\n          <div class=\"aa-card-body \">\n              <h4 id=\"card-title-11\" class=\"aa-card-title\">Buenas pr\u00e1cticas de telecomunicaciones para ni\u00f1os desaparecidos y secuestrados<\/h4>\n                  <div class=\"aa-card-copy-and-btn-stretch-height-wrapper\">    \n        <p><!-- always load this p tag -->\n                  <\/p>\n                  <div class=\"aa-card-btn-wrapper\">\n            <a class=\"btn sm blue\" href=\"https:\/\/ncjtc.fvtc.edu\/training\/details\/TR00005437\/telecommunications-best-practices-for-missing-and-abducted-children-1\" target=\"_blank\" rel=\"noopener noreferrer\" aria-label=\"Buenas pr\u00e1cticas de telecomunicaciones para ni\u00f1os desaparecidos y secuestrados \u2014 opens in a new tab\"  >\n              M\u00c1S INFORMACI\u00d3N  \n            <\/a>\n          <\/div>\n              <\/div> <!-- end aa-card-copy-and-btn-stretch-height-wrapper -->\n    <\/div><!-- end aa-card-body -->\n    <div class=\"aa-card-footer\">\n    <\/div> <!-- end aa-card-footer -->\n  <\/div>\n  <!-- END AA CARD WIDGET ITEM 11 -->\n      <!-- AA CARD WIDGET ITEM 12 -->\n  <div class=\"aa-card align-left\" role=\"article\" aria-labelledby=\"card-title-12\">\n          <div class=\"aa-card-header\">\n        <div class=\"aa-card-img\" style=\"background-image:url('https:\/\/amberadvocate.org\/wp-content\/uploads\/2023\/03\/PIO_Course_Thumbnail.jpg'); background-position: center center;\" aria-hidden=\"true\">\n          <!-- <img decoding=\"async\" src=\"\" alt=\"Comunicaci\u00f3n del responsable de informaci\u00f3n p\u00fablica (PIO) durante un incidente de ni\u00f1o desaparecido\">         -->\n                  <\/div> \n      <\/div>\n          <div class=\"aa-card-body \">\n              <h4 id=\"card-title-12\" class=\"aa-card-title\">Comunicaci\u00f3n del responsable de informaci\u00f3n p\u00fablica (PIO) durante un incidente de ni\u00f1o desaparecido<\/h4>\n                  <div class=\"aa-card-copy-and-btn-stretch-height-wrapper\">    \n        <p><!-- always load this p tag -->\n                  <\/p>\n                  <div class=\"aa-card-btn-wrapper\">\n            <a class=\"btn sm blue\" href=\"https:\/\/ncjtc.fvtc.edu\/trainings\/TR01748162\/pio-communication-during-a-missing-child-incident\" target=\"_blank\" rel=\"noopener noreferrer\" aria-label=\"Comunicaci\u00f3n del responsable de informaci\u00f3n p\u00fablica (PIO) durante un incidente de ni\u00f1o desaparecido \u2014 opens in a new tab\"  >\n              M\u00c1S INFORMACI\u00d3N  \n            <\/a>\n          <\/div>\n              <\/div> <!-- end aa-card-copy-and-btn-stretch-height-wrapper -->\n    <\/div><!-- end aa-card-body -->\n    <div class=\"aa-card-footer\">\n    <\/div> <!-- end aa-card-footer -->\n  <\/div>\n  <!-- END AA CARD WIDGET ITEM 12 -->\n      <!-- AA CARD WIDGET ITEM 13 -->\n  <div class=\"aa-card align-left\" role=\"article\" aria-labelledby=\"card-title-13\">\n          <div class=\"aa-card-header\">\n        <div class=\"aa-card-img\" style=\"background-image:url('https:\/\/amberadvocate.org\/wp-content\/uploads\/2024\/05\/UCAC_Thumbnail-scaled-1.jpg'); background-position: center center;\" aria-hidden=\"true\">\n          <!-- <img decoding=\"async\" src=\"\" alt=\"Casos no resueltos de secuestro de menores: cuando se han agotado todas las pistas\">         -->\n                  <\/div> \n      <\/div>\n          <div class=\"aa-card-body \">\n              <h4 id=\"card-title-13\" class=\"aa-card-title\">Casos no resueltos de secuestro de menores: cuando se han agotado todas las pistas<\/h4>\n                  <div class=\"aa-card-copy-and-btn-stretch-height-wrapper\">    \n        <p><!-- always load this p tag -->\n                  <\/p>\n                  <div class=\"aa-card-btn-wrapper\">\n            <a class=\"btn sm blue\" href=\"https:\/\/ncjtc.fvtc.edu\/trainings\/TR01748150\/unsolved-child-abduction-cases-when-all-leads-have-been-exhausted\"  aria-label=\"Casos no resueltos de secuestro de menores: cuando se han agotado todas las pistas\"  >\n              M\u00c1S INFORMACI\u00d3N  \n            <\/a>\n          <\/div>\n              <\/div> <!-- end aa-card-copy-and-btn-stretch-height-wrapper -->\n    <\/div><!-- end aa-card-body -->\n    <div class=\"aa-card-footer\">\n    <\/div> <!-- end aa-card-footer -->\n  <\/div>\n  <!-- END AA CARD WIDGET ITEM 13 -->\n  \n<\/div><\/div><\/div><\/div><\/div><\/div>","protected":false},"excerpt":{"rendered":"<p>Cursos de formaci\u00f3n presenciales de AMBER Alert Solicite cualquiera de nuestros cursos para que se impartan en su \u00e1rea\/jurisdicci\u00f3n. Haga clic en las tarjetas de los cursos que aparecen a continuaci\u00f3n para obtener m\u00e1s informaci\u00f3n, completar un formulario de solicitud y consultar las fechas de los pr\u00f3ximos cursos con plazas a\u00fan disponibles para la inscripci\u00f3n.<\/p>\n","protected":false},"author":10,"featured_media":0,"parent":30325,"menu_order":0,"comment_status":"closed","ping_status":"closed","template":"","meta":{"_bbp_topic_count":0,"_bbp_reply_count":0,"_bbp_total_topic_count":0,"_bbp_total_reply_count":0,"_bbp_voice_count":0,"_bbp_anonymous_reply_count":0,"_bbp_topic_count_hidden":0,"_bbp_reply_count_hidden":0,"_bbp_forum_subforum_count":0,"_analytify_skip_tracking":false,"footnotes":""},"class_list":["post-30328","page","type-page","status-publish","hentry"],"meta_box":{"aa_theme_enable_blocks_editor":"","aa_theme_featured_img_position":""},"publishpress_future_workflow_manual_trigger":{"enabledWorkflows":[]},"_links":{"self":[{"href":"https:\/\/amberadvocate.org\/es\/wp-json\/wp\/v2\/pages\/30328","targetHints":{"allow":["GET"]}}],"collection":[{"href":"https:\/\/amberadvocate.org\/es\/wp-json\/wp\/v2\/pages"}],"about":[{"href":"https:\/\/amberadvocate.org\/es\/wp-json\/wp\/v2\/types\/page"}],"author":[{"embeddable":true,"href":"https:\/\/amberadvocate.org\/es\/wp-json\/wp\/v2\/users\/10"}],"replies":[{"embeddable":true,"href":"https:\/\/amberadvocate.org\/es\/wp-json\/wp\/v2\/comments?post=30328"}],"version-history":[{"count":0,"href":"https:\/\/amberadvocate.org\/es\/wp-json\/wp\/v2\/pages\/30328\/revisions"}],"up":[{"embeddable":true,"href":"https:\/\/amberadvocate.org\/es\/wp-json\/wp\/v2\/pages\/30325"}],"wp:attachment":[{"href":"https:\/\/amberadvocate.org\/es\/wp-json\/wp\/v2\/media?parent=30328"}],"curies":[{"name":"wp","href":"https:\/\/api.w.org\/{rel}","templated":true}]}}