{"id":30327,"date":"2024-03-04T01:39:57","date_gmt":"2024-03-04T07:39:57","guid":{"rendered":"https:\/\/amberadvocate.org\/portal-de-socios\/recursos-para-socios\/"},"modified":"2025-11-01T14:04:48","modified_gmt":"2025-11-01T19:04:48","slug":"recursos-para-socios","status":"publish","type":"page","link":"https:\/\/amberadvocate.org\/es\/portal-de-socios\/recursos-para-socios\/","title":{"rendered":"Recursos para socios"},"content":{"rendered":"<div id=\"pl-30327\"  class=\"panel-layout\" ><div id=\"pg-30327-0\"  class=\"panel-grid panel-no-style\" ><div id=\"pgc-30327-0-0\"  class=\"panel-grid-cell\" ><div id=\"panel-30327-0-0-0\" class=\"so-panel widget widget_sow-editor panel-first-child panel-last-child\" data-index=\"0\" ><div\n\t\t\t\n\t\t\tclass=\"so-widget-sow-editor so-widget-sow-editor-base\"\n\t\t\t\n\t\t>\n<div class=\"siteorigin-widget-tinymce textwidget\">\n\t<p>Encuentra recursos disponibles s\u00f3lo para los socios del portal AMBERAdvocate.org. Utiliza las herramientas siguientes para buscar por palabras clave, o filtra por regi\u00f3n, estado o tema de la AATTAP. Si tienes un recurso que te gustar\u00eda compartir con otros socios aqu\u00ed (visible s\u00f3lo al iniciar sesi\u00f3n en el portal), utiliza esto <a href=\"https:\/\/amberadvocate.org\/es\/portal-de-socios\/presentar-un-documento\/\" target=\"_blank\" rel=\"noopener\"><strong>Formulario de env\u00edo de documentos<\/strong><\/a>.<\/p>\n<\/div>\n<\/div><\/div><\/div><\/div><div id=\"pg-30327-1\"  class=\"panel-grid panel-no-style\" ><div id=\"pgc-30327-1-0\"  class=\"panel-grid-cell\" ><div id=\"panel-30327-1-0-0\" class=\"so-panel widget widget_sow-editor panel-first-child panel-last-child\" data-index=\"1\" ><div\n\t\t\t\n\t\t\tclass=\"so-widget-sow-editor so-widget-sow-editor-base\"\n\t\t\t\n\t\t>\n<div class=\"siteorigin-widget-tinymce textwidget\">\n\t<div class=\"partner-search-wrapper\">\n    <form class=\"aa-facet-search-wrapper\" role=\"search\" aria-label=\"Site search\" onsubmit=\"return false;\">\n        <div class=\"facetwp-facet facetwp-facet-public_resources_search facetwp-type-search\" data-name=\"public_resources_search\" data-type=\"search\"><\/div>        <button id=\"aa-submit-facet\" type=\"button\" class=\"btn\" aria-label=\"Env\u00eda\">\n            Env\u00eda        <\/button>\n        <button id=\"aa-clear-facet\" type=\"button\" class=\"btn\" aria-label=\"Borrar\">\n            Borrar        <\/button>\n    <\/form>\n    \n<\/div>\n<\/div>\n<\/div><\/div><\/div><\/div><div id=\"pg-30327-2\"  class=\"panel-grid panel-no-style\" ><div id=\"pgc-30327-2-0\"  class=\"panel-grid-cell\" ><div id=\"panel-30327-2-0-0\" class=\"so-panel widget widget_sow-editor panel-first-child panel-last-child\" data-index=\"2\" ><div\n\t\t\t\n\t\t\tclass=\"so-widget-sow-editor so-widget-sow-editor-base\"\n\t\t\t\n\t\t>\n<div class=\"siteorigin-widget-tinymce textwidget\">\n\t<div class=\"facetwp-facet facetwp-facet-partner_resources_region facetwp-type-dropdown\" data-name=\"partner_resources_region\" data-type=\"dropdown\"><\/div>\n<\/div>\n<\/div><\/div><\/div><div id=\"pgc-30327-2-1\"  class=\"panel-grid-cell\" ><div id=\"panel-30327-2-1-0\" class=\"so-panel widget widget_sow-editor panel-first-child panel-last-child\" data-index=\"3\" ><div\n\t\t\t\n\t\t\tclass=\"so-widget-sow-editor so-widget-sow-editor-base\"\n\t\t\t\n\t\t>\n<div class=\"siteorigin-widget-tinymce textwidget\">\n\t<div class=\"facetwp-facet facetwp-facet-partner_resources_state facetwp-type-dropdown\" data-name=\"partner_resources_state\" data-type=\"dropdown\"><\/div>\n<\/div>\n<\/div><\/div><\/div><div id=\"pgc-30327-2-2\"  class=\"panel-grid-cell\" ><div id=\"panel-30327-2-2-0\" class=\"so-panel widget widget_sow-editor panel-first-child panel-last-child\" data-index=\"4\" ><div\n\t\t\t\n\t\t\tclass=\"so-widget-sow-editor so-widget-sow-editor-base\"\n\t\t\t\n\t\t>\n<div class=\"siteorigin-widget-tinymce textwidget\">\n\t<div class=\"facetwp-facet facetwp-facet-partner_resources_topic facetwp-type-dropdown\" data-name=\"partner_resources_topic\" data-type=\"dropdown\"><\/div>\n<\/div>\n<\/div><\/div><\/div><\/div><div id=\"pg-30327-3\"  class=\"panel-grid panel-no-style\" ><div id=\"pgc-30327-3-0\"  class=\"panel-grid-cell\" ><div id=\"panel-30327-3-0-0\" class=\"so-panel widget widget_sow-editor panel-first-child panel-last-child\" data-index=\"5\" ><div\n\t\t\t\n\t\t\tclass=\"so-widget-sow-editor so-widget-sow-editor-base\"\n\t\t\t\n\t\t>\n<div class=\"siteorigin-widget-tinymce textwidget\">\n\t<div class=\"facetwp-template\" data-name=\"partner_resources_output\">    <div class=\"aa-list-cards-wrapper\">\n  \n    \n    <div class=\"aa-card\" tabindex=\"0\">\n        <div class=\"aa-card-body\">\n            <div class=\"aa-card-content\"><div class=\"aa-card-left\"><span class=\"aa-icon-file\" title=\"File\"><strong>File:<\/strong> Informe de la Mesa Redonda Familiar AATTAP 2021<\/span><\/div><div class=\"aa-card-right\"><\/div><\/div>        <\/div>\n    <\/div>\n\n\n  \n    \n    <div class=\"aa-card\" tabindex=\"0\">\n        <div class=\"aa-card-body\">\n            <div class=\"aa-card-content\"><div class=\"aa-card-left\"><span class=\"aa-icon-file\" title=\"File\"><strong>File:<\/strong> Informe de la mesa redonda familiar AATTAP 2023<\/span><\/div><div class=\"aa-card-right\"><\/div><\/div>        <\/div>\n    <\/div>\n\n\n  \n    \n    <div class=\"aa-card\" tabindex=\"0\">\n        <div class=\"aa-card-body\">\n            <div class=\"aa-card-content\"><div class=\"aa-card-left\"><span class=\"aa-icon-file\" title=\"File\"><strong>File:<\/strong> Plan de alerta AMBER de Arkansas 2025<\/span><\/div><div class=\"aa-card-right\"><\/div><\/div>        <\/div>\n    <\/div>\n\n\n  \n    \n    <div class=\"aa-card\" tabindex=\"0\">\n        <div class=\"aa-card-body\">\n            <div class=\"aa-card-content\"><div class=\"aa-card-left\"><span class=\"aa-icon-file\" title=\"File\"><strong>File:<\/strong> Plan de alerta AMBER de Luisiana 2025<\/span><\/div><div class=\"aa-card-right\"><\/div><\/div>        <\/div>\n    <\/div>\n\n\n  \n    \n    <div class=\"aa-card\" tabindex=\"0\">\n        <div class=\"aa-card-body\">\n            <div class=\"aa-card-content\"><div class=\"aa-card-left\"><span class=\"aa-icon-file\" title=\"File\"><strong>File:<\/strong> Plan de alerta AMBER de Misuri<\/span><\/div><div class=\"aa-card-right\"><\/div><\/div>        <\/div>\n    <\/div>\n\n\n  \n    \n    <div class=\"aa-card\" tabindex=\"0\">\n        <div class=\"aa-card-body\">\n            <div class=\"aa-card-content\"><div class=\"aa-card-left\"><span class=\"aa-icon-file\" title=\"File\"><strong>File:<\/strong> Informe de revisi\u00f3n del plan AMBER de 2024<\/span><\/div><div class=\"aa-card-right\"><\/div><\/div>        <\/div>\n    <\/div>\n\n\n  \n    \n    <div class=\"aa-card\" tabindex=\"0\">\n        <div class=\"aa-card-body\">\n            <div class=\"aa-card-content\"><div class=\"aa-card-left\"><span class=\"aa-icon-file\" title=\"File\"><strong>File:<\/strong> Plan de alerta AMBER del estado de Georgia<\/span><\/div><div class=\"aa-card-right\"><\/div><\/div>        <\/div>\n    <\/div>\n\n\n  \n    \n    <div class=\"aa-card\" tabindex=\"0\">\n        <div class=\"aa-card-body\">\n            <div class=\"aa-card-content\"><div class=\"aa-card-left\"><span class=\"aa-icon-file\" title=\"File\"><strong>File:<\/strong> Resumen de la activaci\u00f3n de la alerta AMBER en Brazos Valley<\/span><\/div><div class=\"aa-card-right\"><\/div><\/div>        <\/div>\n    <\/div>\n\n\n  \n    \n    <div class=\"aa-card\" tabindex=\"0\">\n        <div class=\"aa-card-body\">\n            <div class=\"aa-card-content\"><div class=\"aa-card-left\"><span class=\"aa-icon-file\" title=\"File\"><strong>File:<\/strong> Programas de alerta de Ohio<\/span><\/div><div class=\"aa-card-right\"><\/div><\/div>        <\/div>\n    <\/div>\n\n\n  \n    \n    <div class=\"aa-card\" tabindex=\"0\">\n        <div class=\"aa-card-body\">\n            <div class=\"aa-card-content\"><div class=\"aa-card-left\"><span class=\"aa-icon-file\" title=\"File\"><strong>File:<\/strong> Gu\u00eda de alertas de Ohio, Rev. Julio de 2024<\/span><\/div><div class=\"aa-card-right\"><\/div><\/div>        <\/div>\n    <\/div>\n\n\n  \n    \n    <div class=\"aa-card\" tabindex=\"0\">\n        <div class=\"aa-card-body\">\n            <div class=\"aa-card-content\"><div class=\"aa-card-left\"><span class=\"aa-icon-file\" title=\"File\"><strong>File:<\/strong> Paquete de activaci\u00f3n de alerta AMBER del noreste de Ohio (2024)<\/span><\/div><div class=\"aa-card-right\"><\/div><\/div>        <\/div>\n    <\/div>\n\n\n  \n    \n    <div class=\"aa-card\" tabindex=\"0\">\n        <div class=\"aa-card-body\">\n            <div class=\"aa-card-content\"><div class=\"aa-card-left\"><span class=\"aa-icon-file\" title=\"File\"><strong>File:<\/strong> La ley 272 de Wisconsin ampl\u00eda las alertas de adultos desaparecidos para incluir a los ni\u00f1os desaparecidos<\/span><\/div><div class=\"aa-card-right\"><\/div><\/div>        <\/div>\n    <\/div>\n\n\n  \n    \n    <div class=\"aa-card\" tabindex=\"0\">\n        <div class=\"aa-card-body\">\n            <div class=\"aa-card-content\"><div class=\"aa-card-left\"><span class=\"aa-icon-file\" title=\"File\"><strong>File:<\/strong> LISTA DE COMPROBACI\u00d3N DE ALERTA AMBER DE IOWA<\/span><\/div><div class=\"aa-card-right\"><\/div><\/div>        <\/div>\n    <\/div>\n\n\n  \n    \n    <div class=\"aa-card\" tabindex=\"0\">\n        <div class=\"aa-card-body\">\n            <div class=\"aa-card-content\"><div class=\"aa-card-left\"><span class=\"aa-icon-file\" title=\"File\"><strong>File:<\/strong> PLAN DE ALERTA AMBER DE VERMONT<\/span><\/div><div class=\"aa-card-right\"><\/div><\/div>        <\/div>\n    <\/div>\n\n\n  \n    \n    <div class=\"aa-card\" tabindex=\"0\">\n        <div class=\"aa-card-body\">\n            <div class=\"aa-card-content\"><div class=\"aa-card-left\"><span class=\"aa-icon-file\" title=\"File\"><strong>File:<\/strong> PROCEDIMIENTO OPERATIVO EST\u00c1NDAR DE ALERTA AMBER DE DELAWARE<\/span><\/div><div class=\"aa-card-right\"><\/div><\/div>        <\/div>\n    <\/div>\n\n\n  \n    \n    <div class=\"aa-card\" tabindex=\"0\">\n        <div class=\"aa-card-body\">\n            <div class=\"aa-card-content\"><div class=\"aa-card-left\"><span class=\"aa-icon-file\" title=\"File\"><strong>File:<\/strong> Plan de alerta AMBER de Montana<\/span><\/div><div class=\"aa-card-right\"><\/div><\/div>        <\/div>\n    <\/div>\n\n\n  \n    \n    <div class=\"aa-card\" tabindex=\"0\">\n        <div class=\"aa-card-body\">\n            <div class=\"aa-card-content\"><div class=\"aa-card-left\"><span class=\"aa-icon-file\" title=\"File\"><strong>File:<\/strong> Plan de alerta AMBER de Virginia Occidental<\/span><\/div><div class=\"aa-card-right\"><\/div><\/div>        <\/div>\n    <\/div>\n\n\n  \n    \n    <div class=\"aa-card\" tabindex=\"0\">\n        <div class=\"aa-card-body\">\n            <div class=\"aa-card-content\"><div class=\"aa-card-left\"><span class=\"aa-icon-file\" title=\"File\"><strong>File:<\/strong> Plan de alerta AMBER de Nueva Jersey<\/span><\/div><div class=\"aa-card-right\"><\/div><\/div>        <\/div>\n    <\/div>\n\n\n  \n    \n    <div class=\"aa-card\" tabindex=\"0\">\n        <div class=\"aa-card-body\">\n            <div class=\"aa-card-content\"><div class=\"aa-card-left\"><span class=\"aa-icon-file\" title=\"File\"><strong>File:<\/strong> Plan de alerta AMBER del estado de Washington<\/span><\/div><div class=\"aa-card-right\"><\/div><\/div>        <\/div>\n    <\/div>\n\n\n  \n    \n    <div class=\"aa-card\" tabindex=\"0\">\n        <div class=\"aa-card-body\">\n            <div class=\"aa-card-content\"><div class=\"aa-card-left\"><span class=\"aa-icon-file\" title=\"File\"><strong>File:<\/strong> Plan de alerta AMBER de Alabama<\/span><\/div><div class=\"aa-card-right\"><\/div><\/div>        <\/div>\n    <\/div>\n\n\n  \n    \n    <div class=\"aa-card\" tabindex=\"0\">\n        <div class=\"aa-card-body\">\n            <div class=\"aa-card-content\"><div class=\"aa-card-left\"><span class=\"aa-icon-file\" title=\"File\"><strong>File:<\/strong> Plan de alerta AMBER de Puerto Rico 2021 (ingl\u00e9s)<\/span><\/div><div class=\"aa-card-right\"><\/div><\/div>        <\/div>\n    <\/div>\n\n\n  \n    \n    <div class=\"aa-card\" tabindex=\"0\">\n        <div class=\"aa-card-body\">\n            <div class=\"aa-card-content\"><div class=\"aa-card-left\"><span class=\"aa-icon-file\" title=\"File\"><strong>File:<\/strong> Revisi\u00f3n del plan de alerta AMBER de 2023<\/span><\/div><div class=\"aa-card-right\"><\/div><\/div>        <\/div>\n    <\/div>\n\n\n  \n    \n    <div class=\"aa-card\" tabindex=\"0\">\n        <div class=\"aa-card-body\">\n            <div class=\"aa-card-content\"><div class=\"aa-card-left\"><span class=\"aa-icon-file\" title=\"File\"><strong>File:<\/strong> Informe resumido del proyecto de los 50 estados<\/span><\/div><div class=\"aa-card-right\"><\/div><\/div>        <\/div>\n    <\/div>\n\n\n  \n    \n    <div class=\"aa-card\" tabindex=\"0\">\n        <div class=\"aa-card-body\">\n            <div class=\"aa-card-content\"><div class=\"aa-card-left\"><span class=\"aa-icon-file\" title=\"File\"><strong>File:<\/strong> Plan de alerta AMBER de Nebraska 2023<\/span><\/div><div class=\"aa-card-right\"><\/div><\/div>        <\/div>\n    <\/div>\n\n\n  \n    \n    <div class=\"aa-card\" tabindex=\"0\">\n        <div class=\"aa-card-body\">\n            <div class=\"aa-card-content\"><div class=\"aa-card-left\"><span class=\"aa-icon-file\" title=\"File\"><strong>File:<\/strong> Informe de alertas AMBER de 2022 (NCMEC)<\/span><\/div><div class=\"aa-card-right\"><\/div><\/div>        <\/div>\n    <\/div>\n\n\n  \n    \n    <div class=\"aa-card\" tabindex=\"0\">\n        <div class=\"aa-card-body\">\n            <div class=\"aa-card-content\"><div class=\"aa-card-left\"><span class=\"aa-icon-file\" title=\"File\"><strong>File:<\/strong> Encuesta de 2020 sobre el cumplimiento de la ley tribal: apoyo a las familias de ni\u00f1os en peligro, desaparecidos o secuestrados<\/span><\/div><div class=\"aa-card-right\"><\/div><\/div>        <\/div>\n    <\/div>\n\n\n  \n    \n    <div class=\"aa-card\" tabindex=\"0\">\n        <div class=\"aa-card-body\">\n            <div class=\"aa-card-content\"><div class=\"aa-card-left\"><span class=\"aa-icon-file\" title=\"File\"><strong>File:<\/strong> MAPA DE LOS PROGRAMAS REGIONALES DE ALERTA AMBER DE TEXAS 2023<\/span><\/div><div class=\"aa-card-right\"><\/div><\/div>        <\/div>\n    <\/div>\n\n\n  \n    \n    <div class=\"aa-card\" tabindex=\"0\">\n        <div class=\"aa-card-body\">\n            <div class=\"aa-card-content\"><div class=\"aa-card-left\"><span class=\"aa-icon-file\" title=\"File\"><strong>File:<\/strong> Informe del simposio virtual nacional de 2022 sobre alertas AMBER y alertas AMBER en territorios ind\u00edgenas<\/span><\/div><div class=\"aa-card-right\"><\/div><\/div>        <\/div>\n    <\/div>\n\n\n  \n    \n    <div class=\"aa-card\" tabindex=\"0\">\n        <div class=\"aa-card-body\">\n            <div class=\"aa-card-content\"><div class=\"aa-card-left\"><span class=\"aa-icon-file\" title=\"File\"><strong>File:<\/strong> Informaci\u00f3n de contacto de la Alerta AMBER de M\u00e9xico, a fecha de 22\/7<\/span><\/div><div class=\"aa-card-right\"><\/div><\/div>        <\/div>\n    <\/div>\n\n\n  \n    \n    <div class=\"aa-card\" tabindex=\"0\">\n        <div class=\"aa-card-body\">\n            <div class=\"aa-card-content\"><div class=\"aa-card-left\"><span class=\"aa-icon-file\" title=\"File\"><strong>File:<\/strong> Hoja de c\u00e1lculo (plantilla) de datos generales de alertas AMBER<\/span><\/div><div class=\"aa-card-right\"><\/div><\/div>        <\/div>\n    <\/div>\n\n\n    <\/div><!-- end tf-cards-wrapper -->\n\n\n\n<\/div>\n<div class=\"facetwp-facet facetwp-facet-partner_resources_pagination facetwp-type-pager\" data-name=\"partner_resources_pagination\" data-type=\"pager\"><\/div>\n<\/div>\n<\/div><\/div><\/div><\/div><\/div>","protected":false},"excerpt":{"rendered":"<p>Encuentra recursos disponibles s\u00f3lo para los socios del portal AMBERAdvocate.org. Utiliza las herramientas siguientes para buscar por palabras clave, o filtra por regi\u00f3n, estado o tema de la AATTAP. Si tienes un recurso que te gustar\u00eda compartir con otros socios aqu\u00ed (visible s\u00f3lo al iniciar sesi\u00f3n en el portal), utiliza esto Formulario de env\u00edo de [&hellip;]<\/p>\n","protected":false},"author":10,"featured_media":24148,"parent":30324,"menu_order":0,"comment_status":"closed","ping_status":"closed","template":"","meta":{"_bbp_topic_count":0,"_bbp_reply_count":0,"_bbp_total_topic_count":0,"_bbp_total_reply_count":0,"_bbp_voice_count":0,"_bbp_anonymous_reply_count":0,"_bbp_topic_count_hidden":0,"_bbp_reply_count_hidden":0,"_bbp_forum_subforum_count":0,"_analytify_skip_tracking":false,"footnotes":""},"class_list":["post-30327","page","type-page","status-publish","has-post-thumbnail","hentry"],"meta_box":{"aa_theme_enable_blocks_editor":"","aa_theme_featured_img_position":""},"publishpress_future_workflow_manual_trigger":{"enabledWorkflows":[]},"_links":{"self":[{"href":"https:\/\/amberadvocate.org\/es\/wp-json\/wp\/v2\/pages\/30327","targetHints":{"allow":["GET"]}}],"collection":[{"href":"https:\/\/amberadvocate.org\/es\/wp-json\/wp\/v2\/pages"}],"about":[{"href":"https:\/\/amberadvocate.org\/es\/wp-json\/wp\/v2\/types\/page"}],"author":[{"embeddable":true,"href":"https:\/\/amberadvocate.org\/es\/wp-json\/wp\/v2\/users\/10"}],"replies":[{"embeddable":true,"href":"https:\/\/amberadvocate.org\/es\/wp-json\/wp\/v2\/comments?post=30327"}],"version-history":[{"count":0,"href":"https:\/\/amberadvocate.org\/es\/wp-json\/wp\/v2\/pages\/30327\/revisions"}],"up":[{"embeddable":true,"href":"https:\/\/amberadvocate.org\/es\/wp-json\/wp\/v2\/pages\/30324"}],"wp:featuredmedia":[{"embeddable":true,"href":"https:\/\/amberadvocate.org\/es\/wp-json\/wp\/v2\/media\/24148"}],"wp:attachment":[{"href":"https:\/\/amberadvocate.org\/es\/wp-json\/wp\/v2\/media?parent=30327"}],"curies":[{"name":"wp","href":"https:\/\/api.w.org\/{rel}","templated":true}]}}