{"id":30326,"date":"2024-03-17T03:47:54","date_gmt":"2024-03-17T08:47:54","guid":{"rendered":"https:\/\/amberadvocate.org\/red-de-alerta-amber\/alerta-amber-en-accion\/"},"modified":"2026-01-26T19:16:12","modified_gmt":"2026-01-27T01:16:12","slug":"alerta-amber-en-accion","status":"publish","type":"page","link":"https:\/\/amberadvocate.org\/es\/revista\/alerta-amber-en-accion\/","title":{"rendered":"Alerta AMBER en acci\u00f3n"},"content":{"rendered":"<div id=\"pl-30326\"  class=\"panel-layout\" ><div id=\"pg-30326-0\"  class=\"panel-grid panel-no-style\" ><div id=\"pgc-30326-0-0\"  class=\"panel-grid-cell\" ><div id=\"panel-30326-0-0-0\" class=\"so-panel widget widget_sow-editor panel-first-child panel-last-child\" data-index=\"0\" ><div\n\t\t\t\n\t\t\tclass=\"so-widget-sow-editor so-widget-sow-editor-base\"\n\t\t\t\n\t\t>\n<div class=\"siteorigin-widget-tinymce textwidget\">\n\t<div class=\"facetwp-template\" data-name=\"amber_alert_in_action\">    <div class=\"aa-issue-articles-container\">\n  \n    \n    <div class=\"loop-container\">\n      <div class=\"loop-image-section\"><img decoding=\"async\" src=\"https:\/\/amberadvocate.org\/wp-content\/uploads\/2026\/03\/Endres-featured-300x198.jpg\" alt=\"La llamada de lo salvaje\"><\/div>      <div class=\"loop-container-contents\">\n        <h2 class=\"loop-card-title\">La llamada de lo salvaje<\/h2>\n        <p>El teniente Benjamin Endres, de los Alaska State Troopers, se dedica a salvar vidas en uno de los terrenos m\u00e1s exigentes de este pa\u00eds.<\/p>        <a href=\"https:\/\/amberadvocate.org\/es\/?articles=la-llamada-de-lo-salvaje\" class=\"btn small\">Leer m\u00e1s<\/a>      <\/div>\n    <\/div>\n\n  \n    \n    <div class=\"loop-container\">\n      <div class=\"loop-image-section\"><img decoding=\"async\" src=\"https:\/\/amberadvocate.org\/wp-content\/uploads\/2025\/10\/AMBER-Alert-TikTok-300x244.jpg\" alt=\"El legado de Amber: Cronolog\u00eda\"><\/div>      <div class=\"loop-container-contents\">\n        <h2 class=\"loop-card-title\">El legado de Amber: Cronolog\u00eda<\/h2>\n        <p>El programa AMBER Alert moviliza a las comunidades para encontrar a ni\u00f1os secuestrados. Al difundir detalles urgentes a trav\u00e9s de la televisi\u00f3n, la radio, las se\u00f1ales de las autopistas y los tel\u00e9fonos m\u00f3viles, el sistema aprovecha el poder p\u00fablico para traerlos a casa de forma segura. Miles de ni\u00f1os han sido rescatados gracias a este sistema. Esta cronolog\u00eda destaca los acontecimientos significativos de las \u00faltimas tres d\u00e9cadas.   <\/p>        <a href=\"https:\/\/amberadvocate.org\/es\/?articles=el-legado-de-amber-cronologia\" class=\"btn small\">Leer m\u00e1s<\/a>      <\/div>\n    <\/div>\n\n  \n    \n    <div class=\"loop-container\">\n      <div class=\"loop-image-section\"><img decoding=\"async\" src=\"https:\/\/amberadvocate.org\/wp-content\/uploads\/2025\/11\/Amber-Hagerman-with-brother-Ricky-300x228.jpeg\" alt=\"Lecciones generales del caso de Amber Hagerman\"><\/div>      <div class=\"loop-container-contents\">\n        <h2 class=\"loop-card-title\">Lecciones generales del caso de Amber Hagerman<\/h2>\n        <p>Treinta a\u00f1os despu\u00e9s de su secuestro y asesinato, el \nlegado de Amber Hagerman es el sistema de Alerta AMBER, que ha salvado miles de vidas j\u00f3venes gracias a la planificaci\u00f3n anticipada, el trabajo en equipo, el uso de recursos, la participaci\u00f3n de los medios de comunicaci\u00f3n y m\u00e1s de los organismos encargados de hacer cumplir la ley.<\/p>        <a href=\"https:\/\/amberadvocate.org\/es\/?articles=lecciones-generales-del-caso-de-amber-hagerman\" class=\"btn small\">Leer m\u00e1s<\/a>      <\/div>\n    <\/div>\n\n  \n    \n    <div class=\"loop-container\">\n      <div class=\"loop-image-section\"><img decoding=\"async\" src=\"https:\/\/amberadvocate.org\/wp-content\/uploads\/2025\/09\/CART-Cert-3-1-300x168.jpg\" alt=\"Reinicio inteligente de CART\"><\/div>      <div class=\"loop-container-contents\">\n        <h2 class=\"loop-card-title\">Reinicio inteligente de CART<\/h2>\n        <p>La capacitaci\u00f3n del equipo de respuesta a la sustracci\u00f3n de menores vuelve a lo b\u00e1sico para obtener una f\u00f3rmula ganadora.<\/p>        <a href=\"https:\/\/amberadvocate.org\/es\/?articles=reinicio-inteligente-de-cart\" class=\"btn small\">Leer m\u00e1s<\/a>      <\/div>\n    <\/div>\n\n  \n    \n    <div class=\"loop-container\">\n      <div class=\"loop-image-section\"><img decoding=\"async\" src=\"https:\/\/amberadvocate.org\/wp-content\/uploads\/2025\/09\/Staff-photo-illustration-300x300.jpg\" alt=\"Un rescate conmovedor\"><\/div>      <div class=\"loop-container-contents\">\n        <h2 class=\"loop-card-title\">Un rescate conmovedor<\/h2>\n        <p>Cuando se emiti\u00f3 una Alerta AMBER para un beb\u00e9 que ten\u00eda programada una cirug\u00eda card\u00edaca al d\u00eda siguiente, el p\u00fablico se moviliz\u00f3 para ayudar a localizar al ni\u00f1o de forma segura.<\/p>        <a href=\"https:\/\/amberadvocate.org\/es\/?articles=un-rescate-conmovedor\" class=\"btn small\">Leer m\u00e1s<\/a>      <\/div>\n    <\/div>\n\n  \n    \n    <div class=\"loop-container\">\n      <div class=\"loop-image-section\"><img decoding=\"async\" src=\"https:\/\/amberadvocate.org\/wp-content\/uploads\/2025\/07\/Capital-Region-Missing-Child-Rescue-Operation-79-300x194.jpg\" alt=\"Misi\u00f3n: rescate\"><\/div>      <div class=\"loop-container-contents\">\n        <h2 class=\"loop-card-title\">Misi\u00f3n: rescate<\/h2>\n        <p>Una innovadora operaci\u00f3n de rescate en el norte del estado de Nueva York localiza a m\u00e1s de 60 ni\u00f1os desaparecidos y demuestra el poder de las agencias que se unen por un objetivo com\u00fan.<\/p>        <a href=\"https:\/\/amberadvocate.org\/es\/?articles=mision-rescate\" class=\"btn small\">Leer m\u00e1s<\/a>      <\/div>\n    <\/div>\n\n  \n    \n    <div class=\"loop-container\">\n      <div class=\"loop-image-section\"><img decoding=\"async\" src=\"https:\/\/amberadvocate.org\/wp-content\/uploads\/2025\/08\/JR-featured-image-300x225.png\" alt=\"Alerta AMBER en territorio indio: en el punto de mira\"><\/div>      <div class=\"loop-container-contents\">\n        <h2 class=\"loop-card-title\">Alerta AMBER en territorio indio: en el punto de mira<\/h2>\n        <p>Ayuda, unidad y esperanza: Un nuevo proyecto de v\u00eddeo sobre la alerta AMBER en territorio indio cuenta con l\u00edderes de protecci\u00f3n infantil de tribus estadounidenses que solicitan una mayor formaci\u00f3n y colaboraci\u00f3n para ayudar a salvar vidas.<\/p>        <a href=\"https:\/\/amberadvocate.org\/es\/?articles=alerta-amber-en-territorio-indio-en-el-punto-de-mira\" class=\"btn small\">Leer m\u00e1s<\/a>      <\/div>\n    <\/div>\n\n  \n    \n    <div class=\"loop-container\">\n      <div class=\"loop-image-section\"><img decoding=\"async\" src=\"https:\/\/amberadvocate.org\/wp-content\/uploads\/2025\/07\/OKeefe-First-48-1-copy-300x172.png\" alt=\"A fondo por los ni\u00f1os desaparecidos\"><\/div>      <div class=\"loop-container-contents\">\n        <h2 class=\"loop-card-title\">A fondo por los ni\u00f1os desaparecidos<\/h2>\n        <p>El teniente Chris O\u2019Keefe, del Departamento de Polic\u00eda de Tulsa, Oklahoma (TPD), tiene varias apariciones especiales en la serie de televisi\u00f3n de cr\u00edmenes reales \u201cThe First 48\u201d. Pero fuera de la pantalla, la b\u00fasqueda en la vida real de malos actores e inocentes v\u00edctimas ha sido su vocaci\u00f3n durante varias d\u00e9cadas.  <\/p>        <a href=\"https:\/\/amberadvocate.org\/es\/?articles=a-fondo-por-los-ninos-desaparecidos\" class=\"btn small\">Leer m\u00e1s<\/a>      <\/div>\n    <\/div>\n\n  \n    \n    <div class=\"loop-container\">\n      <div class=\"loop-image-section\"><img decoding=\"async\" src=\"https:\/\/amberadvocate.org\/wp-content\/uploads\/2025\/04\/Ethan-Stately-illo-new-RP-e1744575763375-300x226.jpg\" alt=\"Triunfo en medio de la tragedia\"><\/div>      <div class=\"loop-container-contents\">\n        <h2 class=\"loop-card-title\">Triunfo en medio de la tragedia<\/h2>\n        <p>La primera Alerta AMBER Tribal de Minnesota subraya el papel vital que desempe\u00f1an las asociaciones de las fuerzas del orden y el p\u00fablico para ayudar a recuperar a los ni\u00f1os desaparecidos; en este caso, un ni\u00f1o peque\u00f1o que, tr\u00e1gicamente, perdi\u00f3 a sus dos hermanos.<\/p>        <a href=\"https:\/\/amberadvocate.org\/es\/?articles=triunfo-en-medio-de-la-tragedia\" class=\"btn small\">Leer m\u00e1s<\/a>      <\/div>\n    <\/div>\n\n  \n    \n    <div class=\"loop-container\">\n      <div class=\"loop-image-section\"><img decoding=\"async\" src=\"https:\/\/amberadvocate.org\/wp-content\/uploads\/2025\/04\/Smitherman-TBI-web-image-300x223.png\" alt=\"5 minutos con la AAC del TBI\"><\/div>      <div class=\"loop-container-contents\">\n        <h2 class=\"loop-card-title\">5 minutos con la AAC del TBI<\/h2>\n        <p>Hace cinco a\u00f1os, en esta primavera, les presentamos a Shelly Smitherman, veterana de las fuerzas del orden de Tennessee. Estamos volviendo a ponernos en contacto con ella para ver cu\u00e1nto ha cambiado desde entonces. <\/p>        <a href=\"https:\/\/amberadvocate.org\/es\/?articles=5-minutos-con-la-aac-del-tbi\" class=\"btn small\">Leer m\u00e1s<\/a>      <\/div>\n    <\/div>\n\n    <\/div><!-- aa-issue-articles-container -->\n\n\n\n<\/div>\n<div class=\"facetwp-facet facetwp-facet-partner_pagination facetwp-type-pager\" data-name=\"partner_pagination\" data-type=\"pager\"><\/div>\n<\/div>\n<\/div><\/div><\/div><\/div><\/div>","protected":false},"excerpt":{"rendered":"<p>La llamada de lo salvaje El teniente Benjamin Endres, de los Alaska State Troopers, se dedica a salvar vidas en uno de los terrenos m\u00e1s exigentes de este pa\u00eds. Leer m\u00e1s El legado de Amber: Cronolog\u00eda El programa AMBER Alert moviliza a las comunidades para encontrar a ni\u00f1os secuestrados. Al difundir detalles urgentes a trav\u00e9s [&hellip;]<\/p>\n","protected":false},"author":10,"featured_media":24169,"parent":30333,"menu_order":0,"comment_status":"closed","ping_status":"closed","template":"","meta":{"_bbp_topic_count":0,"_bbp_reply_count":0,"_bbp_total_topic_count":0,"_bbp_total_reply_count":0,"_bbp_voice_count":0,"_bbp_anonymous_reply_count":0,"_bbp_topic_count_hidden":0,"_bbp_reply_count_hidden":0,"_bbp_forum_subforum_count":0,"_analytify_skip_tracking":false,"footnotes":""},"class_list":["post-30326","page","type-page","status-publish","has-post-thumbnail","hentry"],"meta_box":{"aa_theme_enable_blocks_editor":"","aa_theme_featured_img_position":""},"publishpress_future_workflow_manual_trigger":{"enabledWorkflows":[]},"_links":{"self":[{"href":"https:\/\/amberadvocate.org\/es\/wp-json\/wp\/v2\/pages\/30326","targetHints":{"allow":["GET"]}}],"collection":[{"href":"https:\/\/amberadvocate.org\/es\/wp-json\/wp\/v2\/pages"}],"about":[{"href":"https:\/\/amberadvocate.org\/es\/wp-json\/wp\/v2\/types\/page"}],"author":[{"embeddable":true,"href":"https:\/\/amberadvocate.org\/es\/wp-json\/wp\/v2\/users\/10"}],"replies":[{"embeddable":true,"href":"https:\/\/amberadvocate.org\/es\/wp-json\/wp\/v2\/comments?post=30326"}],"version-history":[{"count":0,"href":"https:\/\/amberadvocate.org\/es\/wp-json\/wp\/v2\/pages\/30326\/revisions"}],"up":[{"embeddable":true,"href":"https:\/\/amberadvocate.org\/es\/wp-json\/wp\/v2\/pages\/30333"}],"wp:featuredmedia":[{"embeddable":true,"href":"https:\/\/amberadvocate.org\/es\/wp-json\/wp\/v2\/media\/24169"}],"wp:attachment":[{"href":"https:\/\/amberadvocate.org\/es\/wp-json\/wp\/v2\/media?parent=30326"}],"curies":[{"name":"wp","href":"https:\/\/api.w.org\/{rel}","templated":true}]}}