{"id":30310,"date":"2024-06-10T10:18:35","date_gmt":"2024-06-10T15:18:35","guid":{"rendered":"https:\/\/amberadvocate.org\/formulario-de-inscripcion-para-vendedores-del-simposio\/"},"modified":"2025-11-01T14:38:29","modified_gmt":"2025-11-01T19:38:29","slug":"formulario-de-inscripcion-para-vendedores-del-simposio","status":"publish","type":"page","link":"https:\/\/amberadvocate.org\/es\/formulario-de-inscripcion-para-vendedores-del-simposio\/","title":{"rendered":"Formulario de inscripci\u00f3n para vendedores del Simposio"},"content":{"rendered":"<div id=\"pl-30310\"  class=\"panel-layout\" ><div id=\"pg-30310-0\"  class=\"panel-grid panel-no-style\" ><div id=\"pgc-30310-0-0\"  class=\"panel-grid-cell\" ><div id=\"panel-30310-0-0-0\" class=\"so-panel widget widget_sow-editor panel-first-child panel-last-child\" data-index=\"0\" ><div\n\t\t\t\n\t\t\tclass=\"so-widget-sow-editor so-widget-sow-editor-base\"\n\t\t\t\n\t\t>\n<div class=\"siteorigin-widget-tinymce textwidget\">\n\t<div class=\"frm_forms  with_frm_style frm_style_formidable-style\" id=\"frm_form_23_container\" data-token=\"29c9294483795c6b7821ec00f7b62664\">\n<form enctype=\"multipart\/form-data\" method=\"post\" class=\"frm-show-form  frm_pro_form \" id=\"form_vendor-registration-form-2025\" data-token=\"29c9294483795c6b7821ec00f7b62664\">\n<div class=\"frm_form_fields \">\n<fieldset>\n<legend class=\"frm_screen_reader\">2025 Symposium Vendor Registration Form<\/legend>\r\n<h3 class=\"frm_form_title\">2025 Symposium Vendor Registration Form<\/h3>\r\n<div class=\"frm_description\"><p>For use with the 2025 AMBER Alert and AMBER Alert in Indian Country Symposium<br \/>\nFebruary 25-26, 2025, Washington D.C. <\/p>\n<\/div><div class=\"frm_fields_container\">\n<input type=\"hidden\" name=\"frm_action\" value=\"create\" \/>\n<input type=\"hidden\" name=\"form_id\" value=\"23\" \/>\n<input type=\"hidden\" name=\"frm_hide_fields_23\" id=\"frm_hide_fields_23\" value=\"\" \/>\n<input type=\"hidden\" name=\"form_key\" value=\"vendor-registration-form-2025\" \/>\n<input type=\"hidden\" name=\"item_meta[0]\" value=\"\" \/>\n<input type=\"hidden\" id=\"frm_submit_entry_23\" name=\"frm_submit_entry_23\" value=\"7a558978b7\" \/><input type=\"hidden\" name=\"_wp_http_referer\" value=\"\/es\/wp-json\/wp\/v2\/pages\/30310\" \/><div id=\"frm_field_500_container\" class=\"frm_form_field form-field  frm_required_field frm_top_container frm12\">\r\n    <label for=\"field_qh4icy\" id=\"field_qh4icy_label\" class=\"frm_primary_label\">Nombre de la organizaci\u00f3n\r\n        <span class=\"frm_required\" aria-hidden=\"true\">*<\/span>\r\n    <\/label>\r\n    <input  type=\"text\" id=\"field_qh4icy\" name=\"item_meta[500]\" value=\"\"  data-reqmsg=\"Este campo no puede estar vac\u00edo.\" aria-required=\"true\" data-invmsg=\"El nombre no es v\u00e1lido\" aria-invalid=\"false\"   \/>\r\n    \r\n    \r\n<\/div>\n<div id=\"frm_field_501_container\" class=\"frm_form_field form-field  frm_required_field frm_top_container frm12\">\r\n    <label for=\"field_ocfup1\" id=\"field_ocfup1_label\" class=\"frm_primary_label\">Ubicaci\u00f3n de la organizaci\u00f3n (ciudad, estado)\r\n        <span class=\"frm_required\" aria-hidden=\"true\">*<\/span>\r\n    <\/label>\r\n    <input  type=\"text\" id=\"field_ocfup1\" name=\"item_meta[501]\" value=\"\"  data-reqmsg=\"Este campo no puede estar vac\u00edo.\" aria-required=\"true\" data-invmsg=\"El \u00faltimo no es v\u00e1lido\" aria-invalid=\"false\"   \/>\r\n    \r\n    \r\n<\/div>\n<div id=\"frm_field_502_container\" class=\"frm_form_field form-field  frm_required_field frm_top_container\">\r\n    <label for=\"field_qriw02\" id=\"field_qriw02_label\" class=\"frm_primary_label\">Sitio web\/URL de la organizaci\u00f3n\r\n        <span class=\"frm_required\" aria-hidden=\"true\">*<\/span>\r\n    <\/label>\r\n    <input type=\"url\" id=\"field_qriw02\" name=\"item_meta[502]\" value=\"\"  data-reqmsg=\"Este campo no puede estar vac\u00edo.\" aria-required=\"true\" data-invmsg=\"El sitio web\/URL no es v\u00e1lido\" aria-invalid=\"false\"  \/>\r\n    \r\n    \r\n<\/div>\n<div id=\"frm_field_503_container\" class=\"frm_form_field form-field  frm_required_field frm_top_container frm_full\">\r\n    <label for=\"field_9jv0r1\" id=\"field_9jv0r1_label\" class=\"frm_primary_label\">Por favor, proporciona una breve descripci\u00f3n de tu organizaci\u00f3n:\r\n        <span class=\"frm_required\" aria-hidden=\"true\">*<\/span>\r\n    <\/label>\r\n    <textarea name=\"item_meta[503]\" id=\"field_9jv0r1\" rows=\"5\"  data-reqmsg=\"Este campo no puede estar vac\u00edo.\" aria-required=\"true\" data-invmsg=\"El mensaje no es v\u00e1lido\" aria-invalid=\"false\"  ><\/textarea>\r\n    \r\n    \r\n<\/div>\n<div id=\"frm_field_504_container\" class=\"frm_form_field form-field  frm_required_field frm_top_container frm12 frm_first\">\r\n    <label for=\"field_e6lis6\" id=\"field_e6lis6_label\" class=\"frm_primary_label\">Nombre completo del contacto principal:\r\n        <span class=\"frm_required\" aria-hidden=\"true\">*<\/span>\r\n    <\/label>\r\n    <input  type=\"text\" id=\"field_e6lis6\" name=\"item_meta[504]\" value=\"\"  data-reqmsg=\"Este campo no puede estar vac\u00edo.\" aria-required=\"true\" data-invmsg=\"El asunto no es v\u00e1lido\" aria-invalid=\"false\"   \/>\r\n    \r\n    \r\n<\/div>\n<div id=\"frm_field_505_container\" class=\"frm_form_field form-field  frm_required_field frm_top_container frm_full\">\r\n    <label for=\"field_29yf4d\" id=\"field_29yf4d_label\" class=\"frm_primary_label\">Direcci\u00f3n de correo electr\u00f3nico del contacto principal:\r\n        <span class=\"frm_required\" aria-hidden=\"true\">*<\/span>\r\n    <\/label>\r\n    <input type=\"email\" id=\"field_29yf4d\" name=\"item_meta[505]\" value=\"\"  data-reqmsg=\"Este campo no puede estar vac\u00edo.\" aria-required=\"true\" data-invmsg=\"Introduce una direcci\u00f3n de correo electr\u00f3nico v\u00e1lida\" aria-invalid=\"false\"  \/>\r\n    \r\n    \r\n<\/div>\n<div id=\"frm_field_506_container\" class=\"frm_form_field form-field  frm_required_field frm_top_container\">\r\n    <label for=\"field_mpxs62\" id=\"field_mpxs62_label\" class=\"frm_primary_label\">N\u00famero de tel\u00e9fono m\u00f3vil del contacto principal: (xxx-xxx-xxxx)\r\n        <span class=\"frm_required\" aria-hidden=\"true\">*<\/span>\r\n    <\/label>\r\n    <input type=\"tel\" id=\"field_mpxs62\" name=\"item_meta[506]\" value=\"\"  data-reqmsg=\"Este campo no puede estar vac\u00edo.\" aria-required=\"true\" data-invmsg=\"El tel\u00e9fono no es v\u00e1lido\" aria-invalid=\"false\" pattern=\"((\\+\\d{1,3}(-|.| )?\\(?\\d\\)?(-| |.)?\\d{1,5})|(\\(?\\d{2,6}\\)?))(-|.| )?(\\d{3,4})(-|.| )?(\\d{4})(( x| ext)\\d{1,5}){0,1}$\"  \/>\r\n    \r\n    \r\n<\/div>\n<div id=\"frm_field_523_container\" class=\"frm_form_field form-field  frm_required_field frm_top_container frm12 frm_first\">\r\n    <label for=\"field_owikl\" id=\"field_owikl_label\" class=\"frm_primary_label\">Nombre completo del contacto secundario\/de reserva (si procede):\r\n        <span class=\"frm_required\" aria-hidden=\"true\">*<\/span>\r\n    <\/label>\r\n    <input  type=\"text\" id=\"field_owikl\" name=\"item_meta[523]\" value=\"\"  data-reqmsg=\"Este campo no puede estar vac\u00edo.\" aria-required=\"true\" data-invmsg=\"El asunto no es v\u00e1lido\" aria-invalid=\"false\"   \/>\r\n    \r\n    \r\n<\/div>\n<div id=\"frm_field_524_container\" class=\"frm_form_field form-field  frm_required_field frm_top_container frm_full\">\r\n    <label for=\"field_o8b4u\" id=\"field_o8b4u_label\" class=\"frm_primary_label\">Direcci\u00f3n de correo electr\u00f3nico del contacto secundario\/de reserva (si procede):\r\n        <span class=\"frm_required\" aria-hidden=\"true\">*<\/span>\r\n    <\/label>\r\n    <input type=\"email\" id=\"field_o8b4u\" name=\"item_meta[524]\" value=\"\"  data-reqmsg=\"Este campo no puede estar vac\u00edo.\" aria-required=\"true\" data-invmsg=\"Introduce una direcci\u00f3n de correo electr\u00f3nico v\u00e1lida\" aria-invalid=\"false\"  \/>\r\n    \r\n    \r\n<\/div>\n<div id=\"frm_field_507_container\" class=\"frm_form_field form-field  frm_required_field frm_top_container\">\r\n    <label for=\"field_78pwu2\" id=\"field_78pwu2_label\" class=\"frm_primary_label\">N\u00famero de tel\u00e9fono m\u00f3vil del contacto secundario\/de reserva (si procede): (xxx-xxx-xxxx)\r\n        <span class=\"frm_required\" aria-hidden=\"true\">*<\/span>\r\n    <\/label>\r\n    <input type=\"tel\" id=\"field_78pwu2\" name=\"item_meta[507]\" value=\"\"  data-reqmsg=\"Este campo no puede estar vac\u00edo.\" aria-required=\"true\" data-invmsg=\"El tel\u00e9fono no es v\u00e1lido\" aria-invalid=\"false\" pattern=\"((\\+\\d{1,3}(-|.| )?\\(?\\d\\)?(-| |.)?\\d{1,5})|(\\(?\\d{2,6}\\)?))(-|.| )?(\\d{3,4})(-|.| )?(\\d{4})(( x| ext)\\d{1,5}){0,1}$\"  \/>\r\n    \r\n    \r\n<\/div>\n<div id=\"frm_field_508_container\" class=\"frm_form_field form-field  frm_required_field frm_top_container frm_full\">\r\n    <label for=\"field_m18r62\" id=\"field_m18r62_label\" class=\"frm_primary_label\">Por favor, proporciona una breve descripci\u00f3n del espacio y\/o disposici\u00f3n necesarios para tu stand\/exposici\u00f3n (incluidas las necesidades de electricidad\/enchufes):\r\n        <span class=\"frm_required\" aria-hidden=\"true\">*<\/span>\r\n    <\/label>\r\n    <textarea name=\"item_meta[508]\" id=\"field_m18r62\" rows=\"5\"  data-reqmsg=\"Este campo no puede estar vac\u00edo.\" aria-required=\"true\" data-invmsg=\"El mensaje no es v\u00e1lido\" aria-invalid=\"false\"  ><\/textarea>\r\n    \r\n    \r\n<\/div>\n<div id=\"frm_field_509_container\" class=\"frm_form_field form-field  frm_top_container vertical_radio\">\r\n    <div  id=\"field_yqtry2_label\" class=\"frm_primary_label\">Si tu organizaci\u00f3n est\u00e1 dispuesta a patrocinar los refrigerios de los descansos, indica a continuaci\u00f3n los que te gustar\u00eda proporcionar.\nSi aceptas proporcionar alguno de los elementos que se indican a continuaci\u00f3n, un miembro de nuestro equipo se pondr\u00e1 en contacto contigo para darte m\u00e1s detalles. \r\n        <span class=\"frm_required\" aria-hidden=\"true\"><\/span>\r\n    <\/div>\r\n    <div class=\"frm_opt_container\" aria-labelledby=\"field_yqtry2_label\" role=\"group\">\t\t<div class=\"frm_checkbox\" id=\"frm_checkbox_509-0\">\t\t\t<label  for=\"field_yqtry2-0\">\n\t\t\t<input type=\"checkbox\" name=\"item_meta[509][]\" id=\"field_yqtry2-0\" value=\"Morning beverages (coffee, tea)\"  data-invmsg=\"Si tu organizaci\u00f3n est\u00e1 dispuesta a patrocinar los refrigerios de los descansos, indica a continuaci\u00f3n los que te gustar\u00eda proporcionar.\nSi aceptas proporcionar alguno de los elementos que se indican a continuaci\u00f3n, un miembro de nuestro equipo se pondr\u00e1 en contacto contigo para darte m\u00e1s detalles.  no es v\u00e1lido\"   \/> Morning beverages (coffee, tea)<\/label><\/div>\n\t\t<div class=\"frm_checkbox\" id=\"frm_checkbox_509-1\">\t\t\t<label  for=\"field_yqtry2-1\">\n\t\t\t<input type=\"checkbox\" name=\"item_meta[509][]\" id=\"field_yqtry2-1\" value=\"Morning snacks (muffins, pastries, fruit, etc.)\"  data-invmsg=\"Si tu organizaci\u00f3n est\u00e1 dispuesta a patrocinar los refrigerios de los descansos, indica a continuaci\u00f3n los que te gustar\u00eda proporcionar.\nSi aceptas proporcionar alguno de los elementos que se indican a continuaci\u00f3n, un miembro de nuestro equipo se pondr\u00e1 en contacto contigo para darte m\u00e1s detalles.  no es v\u00e1lido\"   \/> Morning snacks (muffins, pastries, fruit, etc.)<\/label><\/div>\n\t\t<div class=\"frm_checkbox\" id=\"frm_checkbox_509-2\">\t\t\t<label  for=\"field_yqtry2-2\">\n\t\t\t<input type=\"checkbox\" name=\"item_meta[509][]\" id=\"field_yqtry2-2\" value=\"Afternoon beverages (coffee, soft drinks)\"  data-invmsg=\"Si tu organizaci\u00f3n est\u00e1 dispuesta a patrocinar los refrigerios de los descansos, indica a continuaci\u00f3n los que te gustar\u00eda proporcionar.\nSi aceptas proporcionar alguno de los elementos que se indican a continuaci\u00f3n, un miembro de nuestro equipo se pondr\u00e1 en contacto contigo para darte m\u00e1s detalles.  no es v\u00e1lido\"   \/> Afternoon beverages (coffee, soft drinks)<\/label><\/div>\n\t\t<div class=\"frm_checkbox\" id=\"frm_checkbox_509-3\">\t\t\t<label  for=\"field_yqtry2-3\">\n\t\t\t<input type=\"checkbox\" name=\"item_meta[509][]\" id=\"field_yqtry2-3\" value=\"Afternoon snacks (cookies, crackers\/chips, etc.)\"  data-invmsg=\"Si tu organizaci\u00f3n est\u00e1 dispuesta a patrocinar los refrigerios de los descansos, indica a continuaci\u00f3n los que te gustar\u00eda proporcionar.\nSi aceptas proporcionar alguno de los elementos que se indican a continuaci\u00f3n, un miembro de nuestro equipo se pondr\u00e1 en contacto contigo para darte m\u00e1s detalles.  no es v\u00e1lido\"   \/> Afternoon snacks (cookies, crackers\/chips, etc.)<\/label><\/div>\n\t\t<div class=\"frm_checkbox\" id=\"frm_checkbox_509-4\">\t\t\t<label  for=\"field_yqtry2-4\">\n\t\t\t<input type=\"checkbox\" name=\"item_meta[509][]\" id=\"field_yqtry2-4\" value=\"None; we are not able to sponsor items for this event\"  data-invmsg=\"Si tu organizaci\u00f3n est\u00e1 dispuesta a patrocinar los refrigerios de los descansos, indica a continuaci\u00f3n los que te gustar\u00eda proporcionar.\nSi aceptas proporcionar alguno de los elementos que se indican a continuaci\u00f3n, un miembro de nuestro equipo se pondr\u00e1 en contacto contigo para darte m\u00e1s detalles.  no es v\u00e1lido\"   \/> None; we are not able to sponsor items for this event<\/label><\/div>\n<\/div>\r\n    \r\n    \r\n<\/div>\n<div id=\"frm_field_510_container\" class=\"frm_form_field form-field \">\r\n\t<div class=\"frm_submit\">\r\n\r\n<button class=\"frm_button_submit frm_final_submit\" type=\"submit\"   formnovalidate=\"formnovalidate\">Enviar formulario<\/button>\r\n\r\n<\/div>\r\n<\/div>\n\t<input type=\"hidden\" name=\"item_key\" value=\"\" \/>\n\t\t\t<div id=\"frm_field_613_container\">\n\t\t\t<label for=\"field_fq11u\" >\n\t\t\t\tSi eres humano, deja este campo en blanco.\t\t\t<\/label>\n\t\t\t<input  id=\"field_fq11u\" type=\"text\" class=\"frm_form_field form-field frm_verify\" name=\"item_meta[613]\" value=\"\"  \/>\n\t\t<\/div>\n\t\t<input name=\"frm_state\" type=\"hidden\" value=\"m7QicUyE4h8vX\/OgdGpOAxdwiWDMrByPR+oLB35RngoP38snZXk0sc1qC+KBMmC5\" \/><\/div>\n<\/fieldset>\n<\/div>\n\n<p style=\"display: none !important;\" class=\"akismet-fields-container\" data-prefix=\"ak_\"><label>&#916;<textarea name=\"ak_hp_textarea\" cols=\"45\" rows=\"8\" maxlength=\"100\"><\/textarea><\/label><input type=\"hidden\" id=\"ak_js_1\" name=\"ak_js\" value=\"105\"\/><script>document.getElementById( \"ak_js_1\" ).setAttribute( \"value\", ( new Date() ).getTime() );<\/script><\/p><\/form>\n<\/div>\n\n<\/div>\n<\/div><\/div><\/div><\/div><\/div>","protected":false},"excerpt":{"rendered":"<p>2025 Symposium Vendor Registration Form 2025 Symposium Vendor Registration Form For use with the 2025 AMBER Alert and AMBER Alert in Indian Country Symposium February 25-26, 2025, Washington D.C. Nombre de la organizaci\u00f3n * Ubicaci\u00f3n de la organizaci\u00f3n (ciudad, estado) * Sitio web\/URL de la organizaci\u00f3n * Por favor, proporciona una breve descripci\u00f3n de tu [&hellip;]<\/p>\n","protected":false},"author":532,"featured_media":0,"parent":0,"menu_order":0,"comment_status":"closed","ping_status":"closed","template":"","meta":{"_bbp_topic_count":0,"_bbp_reply_count":0,"_bbp_total_topic_count":0,"_bbp_total_reply_count":0,"_bbp_voice_count":0,"_bbp_anonymous_reply_count":0,"_bbp_topic_count_hidden":0,"_bbp_reply_count_hidden":0,"_bbp_forum_subforum_count":0,"_analytify_skip_tracking":false,"footnotes":""},"class_list":["post-30310","page","type-page","status-publish","hentry"],"meta_box":{"aa_theme_enable_blocks_editor":"","aa_theme_featured_img_position":""},"publishpress_future_workflow_manual_trigger":{"enabledWorkflows":[]},"_links":{"self":[{"href":"https:\/\/amberadvocate.org\/es\/wp-json\/wp\/v2\/pages\/30310","targetHints":{"allow":["GET"]}}],"collection":[{"href":"https:\/\/amberadvocate.org\/es\/wp-json\/wp\/v2\/pages"}],"about":[{"href":"https:\/\/amberadvocate.org\/es\/wp-json\/wp\/v2\/types\/page"}],"author":[{"embeddable":true,"href":"https:\/\/amberadvocate.org\/es\/wp-json\/wp\/v2\/users\/532"}],"replies":[{"embeddable":true,"href":"https:\/\/amberadvocate.org\/es\/wp-json\/wp\/v2\/comments?post=30310"}],"version-history":[{"count":0,"href":"https:\/\/amberadvocate.org\/es\/wp-json\/wp\/v2\/pages\/30310\/revisions"}],"wp:attachment":[{"href":"https:\/\/amberadvocate.org\/es\/wp-json\/wp\/v2\/media?parent=30310"}],"curies":[{"name":"wp","href":"https:\/\/api.w.org\/{rel}","templated":true}]}}