{"id":30116,"date":"2024-01-17T03:04:58","date_gmt":"2024-01-17T09:04:58","guid":{"rendered":"https:\/\/amberadvocate.org\/cart-home\/"},"modified":"2026-01-26T18:33:28","modified_gmt":"2026-01-27T00:33:28","slug":"cart-home","status":"publish","type":"page","link":"https:\/\/amberadvocate.org\/es\/cart-home\/","title":{"rendered":"CARRO"},"content":{"rendered":"<div id=\"pl-30116\"  class=\"panel-layout\" ><div id=\"pg-30116-0\"  class=\"panel-grid panel-no-style\" ><div id=\"pgc-30116-0-0\"  class=\"panel-grid-cell\" ><div id=\"panel-30116-0-0-0\" class=\"so-panel widget widget_title-widget panel-first-child\" data-index=\"0\" ><div\n\t\t\t\n\t\t\tclass=\"so-widget-title-widget so-widget-title-widget-default-d75171398898-30116\"\n\t\t\t\n\t\t>\n<!-- AA Title Widget debug: name=AA Widget ID_187218014065c12a3fa6cd3156073157: title | title=\"The Child Abduction Response Team (CART) Program:\" -->\n\r\n<div class=\"aa-title-widget-container\">\r\n\t<div class=\"aa-title-widget-title\">\r\n\t\t<h2 class=\"default center-align\">El Programa del Equipo de Respuesta a la Sustracci\u00f3n de Menores (CART):<\/h2>\t<\/div>\r\n\t<div class=\"aa-title-widget-subtitle subhead default center-align\">\r\n\t\t\t<\/div>\r\n<\/div>\r\n\t\t\t\r\n\r\n<\/div><\/div><div id=\"panel-30116-0-0-1\" class=\"so-panel widget widget_sow-editor panel-last-child\" data-index=\"1\" ><div\n\t\t\t\n\t\t\tclass=\"so-widget-sow-editor so-widget-sow-editor-base\"\n\t\t\t\n\t\t>\n<div class=\"siteorigin-widget-tinymce textwidget\">\n\t<p style=\"text-align: left;\"><strong>E<\/strong><b>xplora <\/b><span style=\"font-weight: 400;\">CART Desarrollo e implantaci\u00f3n, <strong>r<\/strong><\/span><b>eg\u00edstrate en<\/b><span style=\"font-weight: 400;\"> para la pr\u00f3xima formaci\u00f3n CART, <strong>r<\/strong><\/span><b>equest<\/b><span style=\"font-weight: 400;\"> formaci\u00f3n CART para impartirla en tu organismo o jurisdicci\u00f3n, <strong>f<\/strong><\/span><b>ind<\/b><span style=\"font-weight: 400;\"> recursos CART, y <strong>un<\/strong><\/span><b>Solicitar <\/b>la certificaci\u00f3n CART <span style=\"font-weight: 400;\"> o recertificaci\u00f3n. <\/span><span>Si tienes m\u00e1s preguntas o necesidades relacionadas con el CART, env\u00edanos un correo electr\u00f3nico a <\/span><a href=\"mailto:askamber@fvtc.edu\"><span>askamber@fvtc.edu<\/span><\/a><span>e incluye en el asunto \"Consulta sobre CART\".<\/span><\/p>\n<\/div>\n<\/div><\/div><\/div><\/div><div id=\"pg-30116-1\"  class=\"panel-grid panel-no-style\" ><div id=\"pgc-30116-1-0\"  class=\"panel-grid-cell panel-grid-cell-empty\" ><\/div><div id=\"pgc-30116-1-1\"  class=\"panel-grid-cell panel-grid-cell-mobile-last\" ><div id=\"panel-30116-1-1-0\" class=\"so-panel widget widget_sow-editor panel-first-child panel-last-child\" data-index=\"2\" ><div\n\t\t\t\n\t\t\tclass=\"so-widget-sow-editor so-widget-sow-editor-base\"\n\t\t\t\n\t\t>\n<div class=\"siteorigin-widget-tinymce textwidget\">\n\t<div style=\"padding: 56.25% 0 0 0; position: relative;\"><iframe style=\"position: absolute; top: 0; left: 0; width: 100%; height: 100%;\" src=\"https:\/\/player.vimeo.com\/video\/259004071?h=9130d6f4eb&amp;title=0&amp;byline=0&amp;portrait=0\" frameborder=\"0\" allowfullscreen=\"allowfullscreen\"><\/iframe><\/div>\n<p><script src=\"https:\/\/player.vimeo.com\/api\/player.js\"><\/script><\/p>\n<\/div>\n<\/div><\/div><\/div><div id=\"pgc-30116-1-2\"  class=\"panel-grid-cell panel-grid-cell-empty\" ><\/div><\/div><div id=\"pg-30116-2\"  class=\"panel-grid panel-has-style\" ><div class=\"siteorigin-panels-stretch panel-row-style panel-row-style-for-30116-2\" data-stretch-type=\"full-width-stretch\" ><div id=\"pgc-30116-2-0\"  class=\"panel-grid-cell\" ><div id=\"panel-30116-2-0-0\" class=\"so-panel widget widget_split-section-widget panel-first-child\" data-index=\"3\" ><div class=\"panel-widget-style panel-widget-style-for-30116-2-0-0\" ><div\n\t\t\t\n\t\t\tclass=\"so-widget-split-section-widget so-widget-split-section-widget-default-d75171398898-30116\"\n\t\t\t\n\t\t>\n<div class=\"aa-split-widget-container blue image-on-left\">\n\t<div class=\"aa-split-widget-img\"  style=\"background-image:url('https:\/\/amberadvocate.org\/wp-content\/uploads\/2024\/05\/CART-Search-Rescue.jpg');\"><\/div>\n\t<div class=\"aa-split-widget-content\">\n\t\t\n\t\t\t<div class=\"aa-split-widget-title section-title\"><h2>Acerca de CART<\/h2><\/div>\n\t\t\n\t\t\n\t\t\t\t<div class=\"aa-split-widget-desc\"><p><span style=\"color: #ffcc00;\"><strong>QU\u00c9:<\/strong><\/span> Los Equipos de Respuesta a la Sustracci\u00f3n de Menores (CART) son un compuesto multiinstitucional, a menudo multijurisdiccional, de profesionales de la comunidad formados y equipados para responder en la b\u00fasqueda y recuperaci\u00f3n de un menor sustra\u00eddo o en peligro.<\/p>\n<p><span style=\"color: #ffcc00;\"><strong>POR QU\u00c9:<\/strong><\/span> El objetivo de un programa CART es garantizar una respuesta comunitaria r\u00e1pida y completa ante una sustracci\u00f3n de menores.<\/p>\n<p><span style=\"color: #ffcc00;\"><strong>C\u00d3MO:<\/strong><\/span> La estrategia CART incorpora tres elementos.<\/p>\n<ul>\n<li>Personas formadas con funciones y asignaciones establecidas.<\/li>\n<li>Listados listos para el despliegue de recursos y equipos de ayuda a la llamada, coordinaci\u00f3n, b\u00fasqueda y rescate.<\/li>\n<li>Una red de recursos comunitarios no tradicionales a los que el equipo pueda recurrir para ayudar en la investigaci\u00f3n.<\/li>\n<\/ul>\n<p>Al igual que las Alertas AMBER, los CART son un recurso de alto efecto multiplicador de la fuerza que los organismos pueden emplear en un incidente de secuestro o en situaciones en las que un menor est\u00e1 desaparecido y se cree que est\u00e1 en peligro inminente.<\/p>\n<\/div>\n\t\t\t\t\n\t\t\t\t<div class=\"aa-split-widget-btn\"><a href=\"https:\/\/amberadvocate.org\/cart\/resources\/\" class=\"btn small\">Consulta nuestros recursos CART para saber m\u00e1s<\/a><\/div>\n\t\t\n\t<\/div>\n<\/div><\/div><\/div><\/div><div id=\"panel-30116-2-0-1\" class=\"so-panel widget widget_split-section-widget\" data-index=\"4\" ><div class=\"panel-widget-style panel-widget-style-for-30116-2-0-1\" ><div\n\t\t\t\n\t\t\tclass=\"so-widget-split-section-widget so-widget-split-section-widget-default-d75171398898-30116\"\n\t\t\t\n\t\t>\n<div class=\"aa-split-widget-container blue image-on-right\">\n\t<div class=\"aa-split-widget-img\"  style=\"background-image:url('https:\/\/amberadvocate.org\/wp-content\/uploads\/2024\/05\/investigative-resources.jpg');\"><\/div>\n\t<div class=\"aa-split-widget-content\">\n\t\t\n\t\t\t<div class=\"aa-split-widget-title section-title\"><h2>Formaci\u00f3n CART<\/h2><\/div>\n\t\t\n\t\t\n\t\t\t\t<div class=\"aa-split-widget-desc\"><p><strong>Ofrecemos tres magn\u00edficas formas de obtener formaci\u00f3n CART.<\/strong><\/p>\n<ul>\n<li>Inscr\u00edbete en una pr\u00f3xima clase con plazas libres.<\/li>\n<li>Solicita uno de nuestros cursos de formaci\u00f3n CART para impartirlo en tu agencia\/en tu zona.<\/li>\n<li>Formaci\u00f3n CART completa en l\u00ednea y a tu ritmo: s\u00f3lo tienes que registrarte y acceder a tus cursos bajo demanda.<\/li>\n<\/ul>\n<\/div>\n\t\t\t\t\n\t\t\t\t<div class=\"aa-split-widget-btn\"><a href=\"https:\/\/amberadvocate.org\/cart\/training\/#\" class=\"btn small\">Visita la p\u00e1gina de Formaci\u00f3n CART para saber m\u00e1s<\/a><\/div>\n\t\t\n\t<\/div>\n<\/div><\/div><\/div><\/div><div id=\"panel-30116-2-0-2\" class=\"so-panel widget widget_split-section-widget panel-last-child\" data-index=\"5\" ><div class=\"panel-widget-style panel-widget-style-for-30116-2-0-2\" ><div\n\t\t\t\n\t\t\tclass=\"so-widget-split-section-widget so-widget-split-section-widget-default-d75171398898-30116\"\n\t\t\t\n\t\t>\n<div class=\"aa-split-widget-container blue image-on-left\">\n\t<div class=\"aa-split-widget-img\"  style=\"background-image:url('https:\/\/amberadvocate.org\/wp-content\/uploads\/2024\/05\/COMMAND-POST7.jpg');\"><\/div>\n\t<div class=\"aa-split-widget-content\">\n\t\t\n\t\t\t<div class=\"aa-split-widget-title section-title\"><h2>Certificaci\u00f3n CART: Solicita la Certificaci\u00f3n del USDOJ, o Recertifica a tu Equipo<\/h2><\/div>\n\t\t\n\t\t\n\t\t\t\t<div class=\"aa-split-widget-desc\">Ent\u00e9rate de c\u00f3mo el Programa de Certificaci\u00f3n CART de la AATTAP ayuda a las jurisdicciones locales, tribales y estatales a llevar sus esfuerzos de implantaci\u00f3n de CART al siguiente nivel, demostrando la capacidad de su equipo para desplegarse r\u00e1pida y eficazmente, trabajar en equipo con recursos especializados y mantener la documentaci\u00f3n y el equipo cr\u00edticos en respuesta a un incidente de desaparici\u00f3n o sustracci\u00f3n de menores en peligro.<\/div>\n\t\t\t\t\n\t\t\t\t<div class=\"aa-split-widget-btn\"><a href=\"https:\/\/amberadvocate.org\/cart\/certification\/#\" class=\"btn small\">Visita la p\u00e1gina de Certificaci\u00f3n CART para saber m\u00e1s<\/a><\/div>\n\t\t\n\t<\/div>\n<\/div><\/div><\/div><\/div><\/div><\/div><\/div><\/div>","protected":false},"excerpt":{"rendered":"<p>Explora CART Desarrollo e implantaci\u00f3n, reg\u00edstrate en para la pr\u00f3xima formaci\u00f3n CART, request formaci\u00f3n CART para impartirla en tu organismo o jurisdicci\u00f3n, find recursos CART, y unSolicitar la certificaci\u00f3n CART o recertificaci\u00f3n. Si tienes m\u00e1s preguntas o necesidades relacionadas con el CART, env\u00edanos un correo electr\u00f3nico a askamber@fvtc.edue incluye en el asunto \u00abConsulta sobre CART\u00bb.<\/p>\n","protected":false},"author":10,"featured_media":24106,"parent":0,"menu_order":0,"comment_status":"closed","ping_status":"closed","template":"","meta":{"_bbp_topic_count":0,"_bbp_reply_count":0,"_bbp_total_topic_count":0,"_bbp_total_reply_count":0,"_bbp_voice_count":0,"_bbp_anonymous_reply_count":0,"_bbp_topic_count_hidden":0,"_bbp_reply_count_hidden":0,"_bbp_forum_subforum_count":0,"_analytify_skip_tracking":false,"footnotes":"[Spanish] "},"class_list":["post-30116","page","type-page","status-publish","has-post-thumbnail","hentry"],"meta_box":{"aa_theme_enable_blocks_editor":"0","aa_theme_featured_img_position":"bottom"},"publishpress_future_workflow_manual_trigger":{"enabledWorkflows":[]},"_links":{"self":[{"href":"https:\/\/amberadvocate.org\/es\/wp-json\/wp\/v2\/pages\/30116","targetHints":{"allow":["GET"]}}],"collection":[{"href":"https:\/\/amberadvocate.org\/es\/wp-json\/wp\/v2\/pages"}],"about":[{"href":"https:\/\/amberadvocate.org\/es\/wp-json\/wp\/v2\/types\/page"}],"author":[{"embeddable":true,"href":"https:\/\/amberadvocate.org\/es\/wp-json\/wp\/v2\/users\/10"}],"replies":[{"embeddable":true,"href":"https:\/\/amberadvocate.org\/es\/wp-json\/wp\/v2\/comments?post=30116"}],"version-history":[{"count":0,"href":"https:\/\/amberadvocate.org\/es\/wp-json\/wp\/v2\/pages\/30116\/revisions"}],"wp:featuredmedia":[{"embeddable":true,"href":"https:\/\/amberadvocate.org\/es\/wp-json\/wp\/v2\/media\/24106"}],"wp:attachment":[{"href":"https:\/\/amberadvocate.org\/es\/wp-json\/wp\/v2\/media?parent=30116"}],"curies":[{"name":"wp","href":"https:\/\/api.w.org\/{rel}","templated":true}]}}