{"id":29567,"date":"2019-03-06T19:38:43","date_gmt":"2019-03-07T01:38:43","guid":{"rendered":"https:\/\/amberadvocate.org\/listas-de-control-de-la-investigacion\/"},"modified":"2026-01-26T18:54:23","modified_gmt":"2026-01-27T00:54:23","slug":"listas-de-control-de-la-investigacion","status":"publish","type":"page","link":"https:\/\/amberadvocate.org\/es\/recursos-de-la-alerta-amber\/listas-de-control-de-la-investigacion\/","title":{"rendered":"Listas de control de la investigaci\u00f3n"},"content":{"rendered":"<div id=\"pl-29567\"  class=\"panel-layout\" ><div id=\"pg-29567-0\"  class=\"panel-grid panel-no-style\" ><div id=\"pgc-29567-0-0\"  class=\"panel-grid-cell\" ><div id=\"panel-29567-0-0-0\" class=\"so-panel widget widget_sow-editor panel-first-child panel-last-child\" data-index=\"0\" ><div\n\t\t\t\n\t\t\tclass=\"so-widget-sow-editor so-widget-sow-editor-base\"\n\t\t\t\n\t\t>\n<div class=\"siteorigin-widget-tinymce textwidget\">\n\t<p>Esta herramienta para las fuerzas de seguridad fue desarrollada para el Departamento de Justicia de EEUU, Oficina de Programas de Justicia (OJP), por el Programa de Formaci\u00f3n y Asistencia T\u00e9cnica de la Alerta AMBER (AATTAP), en colaboraci\u00f3n con el Centro Nacional para Menores Desaparecidos y Explotados (NCMEC) y la Oficina de Servicios de Justicia de la Oficina de Asuntos Ind\u00edgenas (BIA). Estas listas de comprobaci\u00f3n est\u00e1n dise\u00f1adas para servir de recurso a los primeros intervinientes y a los investigadores sobre el terreno. La informaci\u00f3n b\u00e1sica se basa en la Gu\u00eda del NCMEC para la Investigaci\u00f3n de Casos y la Lista de Comprobaci\u00f3n de la Investigaci\u00f3n, con aportaciones de investigadores experimentados de las fuerzas de seguridad (incluidas las fuerzas de seguridad tribales y los asesores culturales).<\/p>\n<p>Este recurso ha sido financiado por la OJP y elaborado en virtud del Acuerdo de Cooperaci\u00f3n n\u00famero 2017-MC-FX-K003. Los puntos de vista u opiniones expresados en este documento son los de los autores y no representan necesariamente la posici\u00f3n o las pol\u00edticas oficiales de la OJP o del Departamento de Justicia de EEUU.<\/p>\n<p>Si buscas <strong>Protocolos de Admisi\u00f3n y Herramientas Operativas de Primera Respuesta en Telecomunicaciones, <a href=\"https:\/\/amberadvocate.org\/resources\/amber-alert-resources\/?_public_resources_sub_category_select=best-practices%2Ctelecommunications-first-responders\">haz clic aqu\u00ed<\/a>.<\/strong><\/p>\n<\/div>\n<\/div><\/div><\/div><\/div><div id=\"pg-29567-1\"  class=\"panel-grid panel-no-style\" ><div id=\"pgc-29567-1-0\"  class=\"panel-grid-cell\" ><div id=\"panel-29567-1-0-0\" class=\"so-panel widget widget_aa-card-widget panel-first-child panel-last-child\" data-index=\"1\" ><div\n\t\t\t\n\t\t\tclass=\"so-widget-aa-card-widget so-widget-aa-card-widget-default-d75171398898-29567\"\n\t\t\t\n\t\t>\n      <style>\n      #aa-card-widget-69f12dc9e4cf4 {\n        grid-template-columns: repeat(3, 1fr) !important;\n      }\n      @media only screen and (max-width: 1000px) {\n        #aa-card-widget-69f12dc9e4cf4 {\n          grid-template-columns: repeat(2, 1fr) !important;\n        }\n      }\n      @media only screen and (max-width: 700px) {\n        #aa-card-widget-69f12dc9e4cf4 {\n          grid-template-columns: repeat(1, 1fr) !important;\n        }\n      }\n    <\/style>\n  \n<div id=\"aa-card-widget-69f12dc9e4cf4\" class=\"aa-card-widget aa-card-container\">\n\n      <!-- AA CARD WIDGET ITEM 1 -->\n  <div class=\"aa-card align-left\" role=\"article\" aria-labelledby=\"card-title-1\">\n          <div class=\"aa-card-header\">\n        <div class=\"aa-card-img\" style=\"background-image:url('https:\/\/amberadvocate.org\/wp-content\/uploads\/2024\/05\/ALTERNATE-stock_squad_lights-1.jpg'); background-position: center center;\" aria-hidden=\"true\">\n          <!-- <img decoding=\"async\" src=\"\" alt=\"PATRULLA PRIMERA RESPUESTA\">         -->\n                  <\/div> \n      <\/div>\n          <div class=\"aa-card-body \">\n              <h4 id=\"card-title-1\" class=\"aa-card-title\">PATRULLA PRIMERA RESPUESTA<\/h4>\n                  <div class=\"aa-card-copy-and-btn-stretch-height-wrapper\">    \n        <p><!-- always load this p tag -->\n          Proporciona a los agentes de patrulla informaci\u00f3n para apoyar una respuesta precisa y eficaz a las denuncias de ni\u00f1os desaparecidos o secuestrados en peligro, y ayuda con los pasos esenciales para comunicar la informaci\u00f3n a los investigadores que llegan.        <\/p>\n                  <div class=\"aa-card-btn-wrapper\">\n            <a class=\"btn sm orange\" href=\"https:\/\/amberadvocate.org\/resources\/investigative-checklists\/patrol-first-responder-checklist\/\" target=\"_blank\" rel=\"noopener noreferrer\" aria-label=\"PATRULLA PRIMERA RESPUESTA \u2014 opens in a new tab\"  >\n              Comenzar la lista de verificaci\u00f3n  \n            <\/a>\n          <\/div>\n              <\/div> <!-- end aa-card-copy-and-btn-stretch-height-wrapper -->\n    <\/div><!-- end aa-card-body -->\n    <div class=\"aa-card-footer\">\n    <\/div> <!-- end aa-card-footer -->\n  <\/div>\n  <!-- END AA CARD WIDGET ITEM 1 -->\n      <!-- AA CARD WIDGET ITEM 2 -->\n  <div class=\"aa-card align-left\" role=\"article\" aria-labelledby=\"card-title-2\">\n          <div class=\"aa-card-header\">\n        <div class=\"aa-card-img\" style=\"background-image:url('https:\/\/amberadvocate.org\/wp-content\/uploads\/2024\/05\/UCAC_Thumbnail-1536x1024-1.jpg'); background-position: center center;\" aria-hidden=\"true\">\n          <!-- <img decoding=\"async\" src=\"\" alt=\"OFICIAL DE INVESTIGACI\u00d3N\">         -->\n                  <\/div> \n      <\/div>\n          <div class=\"aa-card-body \">\n              <h4 id=\"card-title-2\" class=\"aa-card-title\">OFICIAL DE INVESTIGACI\u00d3N<\/h4>\n                  <div class=\"aa-card-copy-and-btn-stretch-height-wrapper\">    \n        <p><!-- always load this p tag -->\n          Las consideraciones sobre comunicaci\u00f3n y documentaci\u00f3n son fundamentales para responder eficazmente a las denuncias de menores desaparecidos o sustra\u00eddos en peligro, tanto en la transici\u00f3n de los primeros agentes de patrulla que responden como en el trabajo de investigaci\u00f3n en curso.        <\/p>\n                  <div class=\"aa-card-btn-wrapper\">\n            <a class=\"btn sm orange\" href=\"https:\/\/amberadvocate.org\/resources\/investigative-checklists\/investigative-officer-checklist\/\" target=\"_blank\" rel=\"noopener noreferrer\" aria-label=\"OFICIAL DE INVESTIGACI\u00d3N \u2014 opens in a new tab\"  >\n              Comenzar la lista de verificaci\u00f3n  \n            <\/a>\n          <\/div>\n              <\/div> <!-- end aa-card-copy-and-btn-stretch-height-wrapper -->\n    <\/div><!-- end aa-card-body -->\n    <div class=\"aa-card-footer\">\n    <\/div> <!-- end aa-card-footer -->\n  <\/div>\n  <!-- END AA CARD WIDGET ITEM 2 -->\n      <!-- AA CARD WIDGET ITEM 3 -->\n  <div class=\"aa-card align-left\" role=\"article\" aria-labelledby=\"card-title-3\">\n          <div class=\"aa-card-header\">\n        <div class=\"aa-card-img\" style=\"background-image:url('https:\/\/amberadvocate.org\/wp-content\/uploads\/2024\/05\/document-handoff-1.jpg'); background-position: center center;\" aria-hidden=\"true\">\n          <!-- <img decoding=\"async\" src=\"\" alt=\"OFICIAL SUPERVISOR\">         -->\n                  <\/div> \n      <\/div>\n          <div class=\"aa-card-body \">\n              <h4 id=\"card-title-3\" class=\"aa-card-title\">OFICIAL SUPERVISOR<\/h4>\n                  <div class=\"aa-card-copy-and-btn-stretch-height-wrapper\">    \n        <p><!-- always load this p tag -->\n          Ofrece orientaci\u00f3n para el trabajo de coordinaci\u00f3n general que llevan a cabo los supervisores de las fuerzas de seguridad al alinear las operaciones de patrulla e investigaci\u00f3n en casos de menores desaparecidos o sustra\u00eddos en peligro.        <\/p>\n                  <div class=\"aa-card-btn-wrapper\">\n            <a class=\"btn sm orange\" href=\"https:\/\/amberadvocate.org\/resources\/investigative-checklists\/supervisory-officer-checklist\/\" target=\"_blank\" rel=\"noopener noreferrer\" aria-label=\"OFICIAL SUPERVISOR \u2014 opens in a new tab\"  >\n              Comenzar la lista de verificaci\u00f3n  \n            <\/a>\n          <\/div>\n              <\/div> <!-- end aa-card-copy-and-btn-stretch-height-wrapper -->\n    <\/div><!-- end aa-card-body -->\n    <div class=\"aa-card-footer\">\n    <\/div> <!-- end aa-card-footer -->\n  <\/div>\n  <!-- END AA CARD WIDGET ITEM 3 -->\n  \n<\/div><\/div><\/div><\/div><\/div><div id=\"pg-29567-2\"  class=\"panel-grid panel-has-style\" ><div class=\"siteorigin-panels-stretch panel-row-style panel-row-style-for-29567-2\" data-stretch-type=\"full-width-stretch\" ><div id=\"pgc-29567-2-0\"  class=\"panel-grid-cell\" ><div id=\"panel-29567-2-0-0\" class=\"so-panel widget widget_split-section-widget panel-first-child panel-last-child\" data-index=\"2\" ><div\n\t\t\t\n\t\t\tclass=\"so-widget-split-section-widget so-widget-split-section-widget-default-d75171398898-29567\"\n\t\t\t\n\t\t>\n<div class=\"aa-split-widget-container black image-on-left\">\n\t<div class=\"aa-split-widget-img\"  style=\"background-image:url('https:\/\/amberadvocate.org\/wp-content\/uploads\/2024\/05\/desk-phone-1.jpg');\"><\/div>\n\t<div class=\"aa-split-widget-content\">\n\t\t\n\t\t\t<div class=\"aa-split-widget-title section-title\"><h2>CONTACTOS ESTATALES DE ALERTA AMBER<\/h2><\/div>\n\t\t\n\t\t\n\t\t\t\t\n\t\t\t\t<div class=\"aa-split-widget-btn\"><a href=\"https:\/\/amberadvocate.org\/amber-alert-network\/meet-our-partners\/\" class=\"btn small\">Encuentre los contactos estatales de alerta AMBER <\/a><\/div>\n\t\t\n\t<\/div>\n<\/div><\/div><\/div><\/div><\/div><\/div><\/div>","protected":false},"excerpt":{"rendered":"<p>Esta herramienta para las fuerzas de seguridad fue desarrollada para el Departamento de Justicia de EEUU, Oficina de Programas de Justicia (OJP), por el Programa de Formaci\u00f3n y Asistencia T\u00e9cnica de la Alerta AMBER (AATTAP), en colaboraci\u00f3n con el Centro Nacional para Menores Desaparecidos y Explotados (NCMEC) y la Oficina de Servicios de Justicia de [&hellip;]<\/p>\n","protected":false},"author":10,"featured_media":23817,"parent":30329,"menu_order":0,"comment_status":"closed","ping_status":"closed","template":"","meta":{"_bbp_topic_count":0,"_bbp_reply_count":0,"_bbp_total_topic_count":0,"_bbp_total_reply_count":0,"_bbp_voice_count":0,"_bbp_anonymous_reply_count":0,"_bbp_topic_count_hidden":0,"_bbp_reply_count_hidden":0,"_bbp_forum_subforum_count":0,"_analytify_skip_tracking":false,"footnotes":""},"class_list":["post-29567","page","type-page","status-publish","has-post-thumbnail","hentry"],"meta_box":{"aa_theme_enable_blocks_editor":"","aa_theme_featured_img_position":""},"publishpress_future_workflow_manual_trigger":{"enabledWorkflows":[]},"_links":{"self":[{"href":"https:\/\/amberadvocate.org\/es\/wp-json\/wp\/v2\/pages\/29567","targetHints":{"allow":["GET"]}}],"collection":[{"href":"https:\/\/amberadvocate.org\/es\/wp-json\/wp\/v2\/pages"}],"about":[{"href":"https:\/\/amberadvocate.org\/es\/wp-json\/wp\/v2\/types\/page"}],"author":[{"embeddable":true,"href":"https:\/\/amberadvocate.org\/es\/wp-json\/wp\/v2\/users\/10"}],"replies":[{"embeddable":true,"href":"https:\/\/amberadvocate.org\/es\/wp-json\/wp\/v2\/comments?post=29567"}],"version-history":[{"count":0,"href":"https:\/\/amberadvocate.org\/es\/wp-json\/wp\/v2\/pages\/29567\/revisions"}],"up":[{"embeddable":true,"href":"https:\/\/amberadvocate.org\/es\/wp-json\/wp\/v2\/pages\/30329"}],"wp:featuredmedia":[{"embeddable":true,"href":"https:\/\/amberadvocate.org\/es\/wp-json\/wp\/v2\/media\/23817"}],"wp:attachment":[{"href":"https:\/\/amberadvocate.org\/es\/wp-json\/wp\/v2\/media?parent=29567"}],"curies":[{"name":"wp","href":"https:\/\/api.w.org\/{rel}","templated":true}]}}