{"id":29566,"date":"2017-11-08T19:13:01","date_gmt":"2017-11-09T01:13:01","guid":{"rendered":"https:\/\/amberadvocate.org\/condiciones-de-uso-y-politica-de-privacidad\/"},"modified":"2025-12-02T09:50:39","modified_gmt":"2025-12-02T15:50:39","slug":"condiciones-de-uso-y-politica-de-privacidad","status":"publish","type":"page","link":"https:\/\/amberadvocate.org\/es\/condiciones-de-uso-y-politica-de-privacidad\/","title":{"rendered":"Condiciones de uso y Pol\u00edtica de privacidad"},"content":{"rendered":"<h2><strong>Aviso de financiaci\u00f3n federal y descargo de responsabilidad federal<\/strong><\/h2>\n<p>El sitio web https:\/\/amberadvocate.org (en adelante, sitio web amberadvocate.org), desarrollado y administrado por el Programa de Capacitaci\u00f3n y Asistencia T\u00e9cnica de Alerta AMBER (en adelante, AATTAP), est\u00e1 financiado a trav\u00e9s de una subvenci\u00f3n del Departamento de Justicia de los Estados Unidos, la Oficina de Programas de Justicia y su Oficina de Justicia Juvenil y Prevenci\u00f3n de la Delincuencia (en adelante, USDOJ-OJP-OJJDP). Ni el Departamento de Justicia de los Estados Unidos ni ninguno de sus componentes operan, controlan, son responsables ni necesariamente respaldan este sitio web (incluidos, entre otros, su contenido, infraestructura t\u00e9cnica y pol\u00edticas, y cualquier servicio o herramienta proporcionada). <\/p>\n<h2><strong>Pol\u00edtica de privacidad<\/strong><\/h2>\n<p>Tu privacidad es una prioridad para AATTAP. La informaci\u00f3n que proporciona a trav\u00e9s del sitio web amberadvocate.org tiene como objetivo ayudarnos a ofrecerle servicios y recursos personalizados.<\/p>\n<p>La AATTAP no vende ni intercambia informaci\u00f3n de contacto de usuarios o miembros con nadie con fines de captaci\u00f3n. Terceros solo tienen acceso a nuestras listas cuando prestan un servicio que mejora nuestra informaci\u00f3n o servicio para usted (p. ej., para verificar direcciones con directorios p\u00fablicos).<\/p>\n<p>El sitio web amberadvocate.org no recopila ninguna informaci\u00f3n personal sobre usted a menos que proporcione dicha informaci\u00f3n voluntariamente (p. ej., rellenando un formulario, enviando un correo electr\u00f3nico o completando una transacci\u00f3n en l\u00ednea).<\/p>\n<p>Nuestro uso de la informaci\u00f3n se rige en algunos casos por (y cumple con) las leyes federales y estatales de Wisconsin sobre privacidad y libertad de informaci\u00f3n, incluida la Ley de Derechos Educativos y Privacidad de la Familia (FERPA).<\/p>\n<h2><strong>T\u00e9rminos<\/strong><\/h2>\n<h3>ACUERDO ENTRE EL USUARIO Y AATTAP<\/h3>\n<p>El sitio web amberadvocate.org se compone de varias p\u00e1ginas web operadas por AATTAP. El sitio web amberadvocate.org se le ofrece a condici\u00f3n de que acepte sin modificaciones los t\u00e9rminos, condiciones y avisos aqu\u00ed contenidos. El uso que haga del sitio web amberadvocate.org constituye su aceptaci\u00f3n de todos esos t\u00e9rminos, condiciones y avisos.  <\/p>\n<h3>MODIFICACI\u00d3N DE ESTAS CONDICIONES DE USO<\/h3>\n<p>AATTAP se reserva el derecho a cambiar los t\u00e9rminos, condiciones y avisos bajo los cuales se ofrece el sitio web amberadvocate.org, incluidos, entre otros, los cargos asociados con el uso del sitio web amberadvocate.org.<\/p>\n<h3>ENLACES A SITIOS DE TERCEROS<\/h3>\n<p>El sitio web amberadvocate.org puede contener enlaces a otros sitios web (\u00absitios enlazados\u00bb). Los sitios enlazados no est\u00e1n bajo el control de AATTAP, y AATTAP no es responsable de los contenidos de ning\u00fan sitio enlazado, incluyendo, sin limitaci\u00f3n, cualquier enlace contenido en un sitio enlazado, o cualquier cambio o actualizaci\u00f3n de un sitio enlazado.  La AATTAP no es responsable de la difusi\u00f3n por Internet ni de ninguna otra forma de transmisi\u00f3n recibida de cualquier sitio enlazado. AATTAP te proporciona estos enlaces \u00fanicamente para tu comodidad, y la inclusi\u00f3n de cualquier enlace no implica la aprobaci\u00f3n por parte de AATTAP del sitio ni asociaci\u00f3n alguna con sus operadores.<\/p>\n<h3>NING\u00daN USO ILEGAL O PROHIBIDO<\/h3>\n<p>Como condici\u00f3n para el uso que haga del sitio web amberadvocate.org, garantiza a AATTAP que no utilizar\u00e1 el sitio web amberadvocate.org para ning\u00fan prop\u00f3sito que sea ilegal o est\u00e9 prohibido por estos t\u00e9rminos, condiciones y avisos. No puede utilizar el sitio web amberadvocate.org de ninguna manera que pueda da\u00f1ar, deshabilitar, sobrecargar o deteriorar el sitio web amberadvocate.org o interferir con el uso y disfrute del sitio web amberadvocate.org por parte de terceros. No puede obtener ni intentar obtener ning\u00fan material o informaci\u00f3n por ning\u00fan medio que no se haya puesto a disposici\u00f3n o proporcionado intencionadamente a trav\u00e9s del sitio web amberadvocate.org.  <\/p>\n<h3>USO DE LOS SERVICIOS DE COMUNICACI\u00d3N<\/h3>\n<p>El sitio web amberadvocate.org e puede contener servicios de tabl\u00f3n de anuncios, \u00e1reas de chat, grupos de noticias, foros, comunidades, p\u00e1ginas web personales, calendarios y\/o otras facilidades de mensajer\u00eda o comunicaci\u00f3n, dise\u00f1adas para permitirte comunicarte con el p\u00fablico en general o con un grupo (conjuntamente, \u00abServicios de Comunicaci\u00f3n\u00bb), por lo que aceptas usar los Servicios de Comunicaci\u00f3n s\u00f3lo para enviar y recibir mensajes y material apropiado y relativo al Servicio de Comunicaci\u00f3n en particular. A modo de ejemplo, y no como limitaci\u00f3n, aceptas que al utilizar un Servicio de Comunicaci\u00f3n, no lo har\u00e1s:<\/p>\n<ul>\n<li>Difamar, abusar, acosar, acechar, amenazar o violar de otro modo los derechos legales (como los derechos de privacidad y publicidad) de otros.<\/li>\n<li>Publicar, anunciar, cargar, distribuir o diseminar cualquier tema, nombre, material o informaci\u00f3n inapropiado, profano, difamatorio, infractor, obsceno, indecente o ilegal.<\/li>\n<li>Cargar archivos que contengan software u otro material protegido por las leyes de propiedad intelectual (o por los derechos de privacidad o publicidad) a menos que posea o controle los derechos correspondientes o haya recibido todos los consentimientos necesarios.<\/li>\n<li>Cargar archivos que contengan virus, archivos corruptos o cualquier otro software o programa similar que pueda da\u00f1ar el funcionamiento del ordenador de otra persona.<\/li>\n<li>Anunciar u ofrecer la venta o compra de bienes o servicios para cualquier fin comercial, a menos que dicho Servicio de Comunicaci\u00f3n permita espec\u00edficamente tales mensajes.<\/li>\n<li>Realizar o reenviar encuestas, concursos, esquemas piramidales o cartas en cadena.<\/li>\n<li>Descargar cualquier archivo publicado por otro usuario de un Servicio de Comunicaci\u00f3n que sepas, o razonablemente debieras saber, que no puede distribuirse legalmente de esa manera.<\/li>\n<li>Falsificar o eliminar cualquier atribuci\u00f3n de autor, avisos legales o de otro tipo, o designaciones o etiquetas de propiedad del origen o la fuente del software u otro material contenido en un archivo que se carga.<\/li>\n<li>Restringir o inhibir a cualquier otro usuario del uso y disfrute de los Servicios de Comunicaci\u00f3n.<\/li>\n<li>Violar cualquier c\u00f3digo de conducta u otras directrices que puedan ser aplicables a cualquier Servicio de Comunicaci\u00f3n en particular.<\/li>\n<li>Recoger o recopilar de cualquier otro modo informaci\u00f3n sobre otras personas, incluidas direcciones de correo electr\u00f3nico, sin su consentimiento.<\/li>\n<li>Violar cualquier ley o normativa aplicable.<\/li>\n<\/ul>\n<p>La AATTAP se reserva el derecho a revisar los materiales publicados en un Servicio de Comunicaci\u00f3n y a eliminar cualquier material a su entera discreci\u00f3n. AATTAP se reserva el derecho a interrumpir tu acceso a cualquiera o a todos los Servicios de Comunicaci\u00f3n en cualquier momento sin previo aviso y por cualquier motivo.<\/p>\n<p>AATTAP se reserva el derecho en todo momento a divulgar cualquier informaci\u00f3n que sea necesaria para satisfacer cualquier ley, reglamento, proceso legal o solicitud gubernamental aplicable, o a editar, negarse a publicar o eliminar cualquier informaci\u00f3n o material, en su totalidad o en parte, a la entera discreci\u00f3n de AATTAP.<\/p>\n<p>Ten siempre cuidado al dar cualquier informaci\u00f3n de identificaci\u00f3n personal sobre ti o tus hijos en cualquier Servicio de Comunicaci\u00f3n. AATTAP no controla ni respalda el contenido, los mensajes o la informaci\u00f3n que se encuentra en ning\u00fan Servicio de Comunicaci\u00f3n y, por lo tanto, AATTAP niega espec\u00edficamente cualquier responsabilidad con respecto a los Servicios de Comunicaci\u00f3n y cualquier acci\u00f3n que resulte de su participaci\u00f3n en cualquier Servicio de Comunicaci\u00f3n. Los gestores y los host no son portavoces autorizados de AATTAP, y a sus parecer no reflejan necesariamente el parecer de AATTAP.<\/p>\n<p>Los materiales cargados en un Servicio de Comunicaci\u00f3n pueden estar sujetos a limitaciones publicadas sobre el uso, la reproducci\u00f3n o la difusi\u00f3n. Eres responsable de respetar dichas limitaciones si descargas los materiales.<\/p>\n<h3>MATERIALES PROPORCIONADOS A AATTAP O PUBLICADOS EN CUALQUIER SITIO WEB DE AATTAP<\/h3>\n<p>AATTAP no reclama la propiedad de los materiales que proporciona a trav\u00e9s del sitio web amberadvocate.org o AATTAP directamente (incluidos los comentarios y las sugerencias) o que publica, carga, introduce o env\u00eda a cualquier sitio web de AATTAP o a sus servicios asociados (en conjunto, \u00abEnv\u00edos\u00bb). No obstante, al enviar, cargar, introducir, suministrar o entregar tus Env\u00edos, concedes permiso a AATTAP, a sus socios afiliados y a los sublicenciatarios necesarios para que utilicen tus Env\u00edos en relaci\u00f3n con el funcionamiento de sus negocios en Internet, lo que incluye, entre otros, los derechos a: copiar, distribuir, transmitir, mostrar p\u00fablicamente, representar p\u00fablicamente, reproducir, editar, traducir y dar nuevo formato a tus Env\u00edos; y a publicar tu nombre en relaci\u00f3n con tus Env\u00edos.<\/p>\n<p>No se pagar\u00e1 ninguna compensaci\u00f3n con respecto al uso de tu Env\u00edo, seg\u00fan lo dispuesto en el presente documento. AATTAP no tiene obligaci\u00f3n de enviar ni de utilizar ninguna de las Contribuciones que proporciones, y puede eliminarlas en cualquier momento a su entera discreci\u00f3n.<\/p>\n<p>Al publicar, cargar, introducir, proporcionar o enviar su Env\u00edo, garantiza y declara que posee o controla de otro modo todos los derechos de su Env\u00edo tal como se describe en esta secci\u00f3n, incluyendo, sin limitaci\u00f3n, todos los derechos necesarios para que usted proporcione, publique, cargue, introduzca o env\u00ede el Env\u00edo.<\/p>\n<h3>EXENCI\u00d3N DE RESPONSABILIDAD<\/h3>\n<p>LA INFORMACI\u00d3N, EL SOFTWARE, LOS PRODUCTOS Y LOS SERVICIOS INCLUIDOS O DISPONIBLES A TRAV\u00c9S DEL SITIO WEB AMBERADVOCATE.ORG PUEDEN CONTENER IMPRECISIONES O ERRORES TIPOGR\u00c1FICOS. PERI\u00d3DICAMENTE SE A\u00d1ADEN CAMBIOS A LA INFORMACI\u00d3N AQU\u00cd CONTENIDA. AATTAP Y\/O SUS PROVEEDORES PUEDEN INTRODUCIR EN CUALQUIER MOMENTO MEJORAS Y\/O CAMBIOS EN EL SITIO WEB AMBERADVOCATE.ORG. LA ASESOR\u00cdA RECIBIDA A TRAV\u00c9S DEL SITIO WEB AMBERADVOCATE.ORG NO DEBE UTILIZARSE PARA DECISIONES PERSONALES, M\u00c9DICAS, LEGALES O FINANCIERAS, Y DEBE CONSULTAR A UN PROFESIONAL ADECUADO PARA OBTENER ASESORAMIENTO ESPEC\u00cdFICO ADAPTADO A SU SITUACI\u00d3N.<\/p>\n<p>AATTAP Y\/O SUS PROVEEDORES NO REALIZAN NINGUNA DECLARACI\u00d3N SOBRE LA IDONEIDAD, FIABILIDAD, DISPONIBILIDAD, PUNTUALIDAD Y EXACTITUD DE LA INFORMACI\u00d3N, EL SOFTWARE, LOS PRODUCTOS, LOS SERVICIOS Y LOS GR\u00c1FICOS RELACIONADOS QUE CONTIENE EL SITIO WEB AMBERADVOCATE.ORG PARA NING\u00daN PROP\u00d3SITO. EN LA MEDIDA M\u00c1XIMA PERMITIDA POR LA LEY APLICABLE, TODA ESA INFORMACI\u00d3N, SOFTWARE, PRODUCTOS, SERVICIOS Y GR\u00c1FICOS RELACIONADOS SE PROPORCIONAN \u00abTAL CUAL\u00bb SIN GARANT\u00cdA NI CONDICI\u00d3N DE NING\u00daN TIPO. AATTAP Y\/O SUS PROVEEDORES POR LA PRESENTE RENUNCIAN A TODAS LAS GARANT\u00cdAS Y CONDICIONES CON RESPECTO A ESTA INFORMACI\u00d3N, SOFTWARE, PRODUCTOS, SERVICIOS Y GR\u00c1FICOS RELACIONADOS, INCLUYENDO TODAS LAS GARANT\u00cdAS O CONDICIONES IMPL\u00cdCITAS DE COMERCIABILIDAD, IDONEIDAD PARA UN PROP\u00d3SITO PARTICULAR, T\u00cdTULO Y NO INFRACCI\u00d3N.  <\/p>\n<p>EN LA MEDIDA EN QUE LO PERMITA LA LEGISLACI\u00d3N APLICABLE, AATTAP Y\/O SUS PROVEEDORES NO SER\u00c1N RESPONSABLES EN NING\u00daN CASO DE DA\u00d1OS DIRECTOS, INDIRECTOS, PUNITIVOS, ACCIDENTALES, ESPECIALES, CONSECUENCIALES O DA\u00d1OS DE CUALQUIER TIPO INCLUIDOS, SIN LIMITACI\u00d3N, LOS DA\u00d1OS POR P\u00c9RDIDA DE USO, DE DATOS O DE BENEFICIOS, DERIVADOS DE, O RELACIONADOS DE ALG\u00daN MODO CON, EL USO O RENDIMIENTO DEL SITIO WEB AMBERADVOCATE.ORG, CON EL RETRASO O INCAPACIDAD DE USO DEL SITIO WEB AMBERADVOCATE.ORG O SUS SERVICIOS RELACIONADOS, LA PRESTACI\u00d3N O FALTA DE PRESTACI\u00d3N DE SERVICIOS, O DE CUALQUIER INFORMACI\u00d3N, SOFTWARE, PRODUCTO, SERVICIO Y GR\u00c1FICO RELACIONADO OBTENIDO A TRAV\u00c9S DEL SITIO WEB AMBERADVOCATE.ORG, O DE CUALQUIER OTRO MODO DERIVADO DEL USO DEL SITIO WEB AMBERADVOCATE.ORG, YA SEA POR CONTRATO, AGRAVIO, NEGLIGENCIA, RESPONSABILIDAD OBJETIVA O DE OTRO MODO, INCLUSO SI AATTAP O CUALQUIERA DE SUS PROVEEDORES HA SIDO ADVERTIDO DE LA POSIBILIDAD DE DA\u00d1OS. DEBIDO A QUE ALGUNOS ESTADOS\/JURISDICCIONES NO PERMITEN LA EXCLUSI\u00d3N O LIMITACI\u00d3N DE RESPONSABILIDAD POR DA\u00d1OS CONSECUENCIALES O INCIDENTALES, ES POSIBLE QUE LA LIMITACI\u00d3N ANTERIOR NO SE APLIQUE EN TU CASO. SI NO EST\u00c1S SATISFECHO CON ALGUNA PARTE DEL SITIO WEB AMBERADVOCATE.ORG, O CON ALGUNA DE ESTAS CONDICIONES DE USO, TU \u00daNICA Y EXCLUSIVA SOLUCI\u00d3N ES DEJAR DE UTILIZAR EL SITIO WEB AMBERADVOCATE.ORG.<\/p>\n<h3>CONTACTO DE SERVICIO<\/h3>\n<p>Contacto <a href=\"mailto:askamber@fvtc.edu\" target=\"_blank\" rel=\"noopener noreferrer\">Contacto askamber@fvtc.edu<\/a><\/p>\n<h3>RESCISI\u00d3N\/RESTRICCI\u00d3N DE ACCESO<\/h3>\n<p>AATTAP se reserva el derecho, a su entera discreci\u00f3n, de cancelar su acceso al sitio web amberadvocate.org y a los servicios relacionados o a cualquier parte de los mismos en cualquier momento, sin previo aviso. En la medida m\u00e1xima permitida por la ley, este acuerdo se rige por las leyes del estado de Wisconsin y de los Estados Unidos, seg\u00fan corresponda, y por la presente usted consiente la jurisdicci\u00f3n y competencia exclusivas de los tribunales de esos estados en todas las disputas que surjan de o est\u00e9n relacionadas con el uso del sitio web amberadvocate.org. El uso del sitio web amberadvocate.org no est\u00e1 autorizado en ninguna jurisdicci\u00f3n que no d\u00e9 efecto a todas las disposiciones de estos t\u00e9rminos y condiciones, incluyendo, sin limitaci\u00f3n, este p\u00e1rrafo. Usted acepta que no existe ninguna empresa conjunta, asociaci\u00f3n, relaci\u00f3n laboral o de agencia entre usted y Fox Valley Technical College como resultado de este acuerdo o del uso del sitio web de Fox Valley Technical College. El cumplimiento de este acuerdo por parte de AATTAP est\u00e1 sujeto a las leyes y procesos legales existentes, y nada de lo contenido en este acuerdo menoscaba el derecho de AATTAP a cumplir con las solicitudes o requisitos gubernamentales, judiciales y de las fuerzas del orden relacionados con su uso del sitio web amberadvocate.org o la informaci\u00f3n proporcionada a AATTAP o recopilada por este con respecto a dicho uso.     Si se determina que alguna parte de este acuerdo es inv\u00e1lida o inaplicable en virtud de la legislaci\u00f3n aplicable, incluidas, entre otras, las exenciones de garant\u00eda y las limitaciones de responsabilidad establecidas anteriormente, la disposici\u00f3n inv\u00e1lida o inaplicable se considerar\u00e1 sustituida por una disposici\u00f3n v\u00e1lida y aplicable que se acerque lo m\u00e1ximo posible a la intenci\u00f3n de la disposici\u00f3n original, y el resto del acuerdo seguir\u00e1 en vigor. A menos que se especifique lo contrario en el presente documento, este acuerdo constituye el acuerdo completo entre el usuario y AATTAP con respecto al sitio web amberadvocate.org, y sustituye a todas las comunicaciones y propuestas anteriores o contempor\u00e1neas, ya sean electr\u00f3nicas, orales o escritas, entre el usuario y AATTAP con respecto al sitio web amberadvocate.org. Una versi\u00f3n impresa de este acuerdo y de cualquier notificaci\u00f3n realizada en formato electr\u00f3nico ser\u00e1 admisible en procedimientos judiciales o administrativos basados en este acuerdo o relacionados con \u00e9l en la misma medida y con sujeci\u00f3n a las mismas condiciones que otros documentos y registros comerciales generados y conservados originalmente en formato impreso. Es deseo expreso de las partes que este acuerdo y todos los documentos relacionados se redacten en ingl\u00e9s.<\/p>\n<h3>AVISOS DE COPYRIGHT Y MARCAS REGISTRADAS<\/h3>\n<p>Todos los contenidos del sitio web amberadvocate.org son: Copyright 2017 AATTAP y\/o sus proveedores. Todos los derechos reservados.<\/p>\n<h3>MARCAS<\/h3>\n<p>Los nombres de empresas y productos reales aqu\u00ed mencionados pueden ser marcas registradas de sus respectivos propietarios.<\/p>\n<p>Los ejemplos de empresas, organizaciones, productos, personas y acontecimientos aqu\u00ed descritos son ficticios. No se pretende ni debe inferirse ninguna asociaci\u00f3n con ninguna empresa, organizaci\u00f3n, producto, persona o acontecimiento reales.<\/p>\n<p>Quedan reservados todos los derechos no concedidos expresamente en el presente documento.<\/p>\n<h3>AVISOS Y PROCEDIMIENTO PARA PRESENTAR RECLAMACIONES POR INFRACCI\u00d3N DE DERECHOS DE AUTOR<\/h3>\n<p>De conformidad con el T\u00edtulo 17, C\u00f3digo de los Estados Unidos, Secci\u00f3n 512(c) (2), las notificaciones de infracci\u00f3n de derechos de autor reclamada en virtud de la ley de derechos de autor de los Estados Unidos deben enviarse al Agente Designado del Proveedor de Servicios. TODAS LAS CONSULTAS NO RELACIONADAS CON EL SIGUIENTE PROCEDIMIENTO NO RECIBIR\u00c1N RESPUESTA. V\u00e9ase Aviso y procedimiento para presentar reclamaciones por infracci\u00f3n de derechos de autor.<\/p>\n<h2><strong>Acci\u00f3n afirmativa e igualdad de oportunidades en el empleo<\/strong><\/h2>\n<h3><strong>Notificaci\u00f3n de cumplimiento<\/strong><\/h3>\n<p>La AATTAP no discrimina por motivos de raza, color, nacionalidad, sexo, discapacidad o edad en sus programas o actividades.<\/p>\n<h3><strong>Usuarios con discapacidad<\/strong><\/h3>\n<p>La AATTAP y el sitio web amberadvocate.org cumplen plenamente la Ley de Estadounidenses con Discapacidades de 1990 (ADA), el art\u00edculo 504 de la Ley de Rehabilitaci\u00f3n de 1973 y sus modificaciones, que proh\u00edben la discriminaci\u00f3n por motivos de discapacidad en la admisi\u00f3n, el acceso o la participaci\u00f3n en programas o actividades. Para obtener m\u00e1s informaci\u00f3n o solicitar adaptaciones, ponte en contacto con la AATTAP en <a href=\"mailto:askamber@fvtc.edu\" target=\"_blank\" rel=\"noopener noreferrer\">askamber@fvtc.edu,<\/a> o llamando al 877-712-6237 (voz). Si necesitas TTY, llama al 920-735-2569 y pide ayuda para comunicarte con el personal del programa de Formaci\u00f3n y Asistencia T\u00e9cnica sobre la Alerta AMBER del Centro Nacional de Formaci\u00f3n en Justicia Penal del Fox Valley Technical College.<\/p>\n<p>&nbsp;<\/p>\n","protected":false},"excerpt":{"rendered":"<p>Aviso de financiaci\u00f3n federal y descargo de responsabilidad federal El sitio web https:\/\/amberadvocate.org (en adelante, sitio web amberadvocate.org), desarrollado y administrado por el Programa de Capacitaci\u00f3n y Asistencia T\u00e9cnica de Alerta AMBER (en adelante, AATTAP), est\u00e1 financiado a trav\u00e9s de una subvenci\u00f3n del Departamento de Justicia de los Estados Unidos, la Oficina de Programas de [&hellip;]<\/p>\n","protected":false},"author":10,"featured_media":0,"parent":0,"menu_order":0,"comment_status":"closed","ping_status":"closed","template":"","meta":{"_bbp_topic_count":0,"_bbp_reply_count":0,"_bbp_total_topic_count":0,"_bbp_total_reply_count":0,"_bbp_voice_count":0,"_bbp_anonymous_reply_count":0,"_bbp_topic_count_hidden":0,"_bbp_reply_count_hidden":0,"_bbp_forum_subforum_count":0,"_analytify_skip_tracking":false,"footnotes":""},"class_list":["post-29566","page","type-page","status-publish","hentry"],"meta_box":{"aa_theme_enable_blocks_editor":"","aa_theme_featured_img_position":""},"publishpress_future_workflow_manual_trigger":{"enabledWorkflows":[]},"_links":{"self":[{"href":"https:\/\/amberadvocate.org\/es\/wp-json\/wp\/v2\/pages\/29566","targetHints":{"allow":["GET"]}}],"collection":[{"href":"https:\/\/amberadvocate.org\/es\/wp-json\/wp\/v2\/pages"}],"about":[{"href":"https:\/\/amberadvocate.org\/es\/wp-json\/wp\/v2\/types\/page"}],"author":[{"embeddable":true,"href":"https:\/\/amberadvocate.org\/es\/wp-json\/wp\/v2\/users\/10"}],"replies":[{"embeddable":true,"href":"https:\/\/amberadvocate.org\/es\/wp-json\/wp\/v2\/comments?post=29566"}],"version-history":[{"count":0,"href":"https:\/\/amberadvocate.org\/es\/wp-json\/wp\/v2\/pages\/29566\/revisions"}],"wp:attachment":[{"href":"https:\/\/amberadvocate.org\/es\/wp-json\/wp\/v2\/media?parent=29566"}],"curies":[{"name":"wp","href":"https:\/\/api.w.org\/{rel}","templated":true}]}}