{"id":29563,"date":"2017-08-11T20:35:19","date_gmt":"2017-08-12T01:35:19","guid":{"rendered":"https:\/\/amberadvocate.org\/red-de-alerta-amber\/conoce-a-nuestros-socios\/"},"modified":"2026-01-26T19:17:05","modified_gmt":"2026-01-27T01:17:05","slug":"conoce-a-nuestros-socios","status":"publish","type":"page","link":"https:\/\/amberadvocate.org\/es\/conoce-a-nuestros-socios\/","title":{"rendered":"Red de Alerta AMBER"},"content":{"rendered":"<div id=\"pl-29563\"  class=\"panel-layout\" ><div id=\"pg-29563-0\"  class=\"panel-grid panel-no-style\" ><div id=\"pgc-29563-0-0\"  class=\"panel-grid-cell\" ><div id=\"panel-29563-0-0-0\" class=\"so-panel widget widget_sow-editor panel-first-child panel-last-child\" data-index=\"0\" ><div\n\t\t\t\n\t\t\tclass=\"so-widget-sow-editor so-widget-sow-editor-base\"\n\t\t\t\n\t\t>\n<div class=\"siteorigin-widget-tinymce textwidget\">\n\t<h2 style=\"text-align: left;\">Seleccione un estado a continuaci\u00f3n para ver la informaci\u00f3n sobre el socio de la Alerta AMBER de ese estado.<\/h2>\n<p style=\"text-align: left;\">Para obtener m\u00e1s informaci\u00f3n sobre los enlaces regionales, visite la p\u00e1gina <a href=\"https:\/\/amberadvocate.org\/es\/acerca-de-la-alerta-amber\/\">sobre nosotros<\/a>.<\/p>\n<\/div>\n<\/div><\/div><\/div><div id=\"pgc-29563-0-1\"  class=\"panel-grid-cell\" ><div id=\"panel-29563-0-1-0\" class=\"so-panel widget widget_sow-editor panel-first-child panel-last-child\" data-index=\"1\" ><div\n\t\t\t\n\t\t\tclass=\"so-widget-sow-editor so-widget-sow-editor-base\"\n\t\t\t\n\t\t>\n<div class=\"siteorigin-widget-tinymce textwidget\">\n\t<label for=\"stateSelect\">\n    Seleccione un estado o territorio<\/label>\n\n<select id=\"stateSelect\" name=\"state\">\n<option value=\"\">\n    Seleccione un estado o territorio<\/option>\n  <option value=\"alabama\">Alabama<\/option>\n  <option value=\"alaska\">Alaska<\/option>\n  <option value=\"american-samoa\">American Samoa<\/option>\n  <option value=\"arizona\">Arizona<\/option>\n  <option value=\"arkansas\">Arkansas<\/option>\n  <option value=\"california\">California<\/option>\n  <option value=\"colorado\">Colorado<\/option>\n  <option value=\"connecticut\">Connecticut<\/option>\n  <option value=\"delaware\">Delaware<\/option>\n  <option value=\"district-of-columbia\">District of Columbia<\/option>\n  <option value=\"florida\">Florida<\/option>\n  <option value=\"georgia\">Georgia<\/option>\n  <option value=\"guam\">Guam<\/option>\n  <option value=\"hawaii\">Hawaii<\/option>\n  <option value=\"idaho\">Idaho<\/option>\n  <option value=\"illinois\">Illinois<\/option>\n  <option value=\"indiana\">Indiana<\/option>\n  <option value=\"iowa\">Iowa<\/option>\n  <option value=\"kansas\">Kansas<\/option>\n  <option value=\"kentucky\">Kentucky<\/option>\n  <option value=\"louisiana\">Louisiana<\/option>\n  <option value=\"maine\">Maine<\/option>\n  <option value=\"maryland\">Maryland<\/option>\n  <option value=\"massachusetts\">Massachusetts<\/option>\n  <option value=\"michigan\">Michigan<\/option>\n  <option value=\"minnesota\">Minnesota<\/option>\n  <option value=\"mississippi\">Mississippi<\/option>\n  <option value=\"missouri\">Missouri<\/option>\n  <option value=\"montana\">Montana<\/option>\n  <option value=\"nebraska\">Nebraska<\/option>\n  <option value=\"nevada\">Nevada<\/option>\n  <option value=\"new-hampshire\">New Hampshire<\/option>\n  <option value=\"new-jersey\">New Jersey<\/option>\n  <option value=\"new-mexico\">New Mexico<\/option>\n  <option value=\"new-york\">New York<\/option>\n  <option value=\"north-carolina\">North Carolina<\/option>\n  <option value=\"north-dakota\">North Dakota<\/option>\n  <option value=\"northern-mariana-islands\">Northern Mariana Islands<\/option>\n  <option value=\"ohio\">Ohio<\/option>\n  <option value=\"oklahoma\">Oklahoma<\/option>\n  <option value=\"oregon\">Oregon<\/option>\n  <option value=\"pennsylvania\">Pennsylvania<\/option>\n  <option value=\"puerto-rico\">Puerto Rico<\/option>\n  <option value=\"rhode-island\">Rhode Island<\/option>\n  <option value=\"south-carolina\">South Carolina<\/option>\n  <option value=\"south-dakota\">South Dakota<\/option>\n  <option value=\"tennessee\">Tennessee<\/option>\n  <option value=\"texas\">Texas<\/option>\n  <option value=\"utah\">Utah<\/option>\n  <option value=\"vermont\">Vermont<\/option>\n  <option value=\"u-s-virgin-islands\">U. S. Virgin Islands<\/option>\n  <option value=\"virginia\">Virginia<\/option>\n  <option value=\"washington\">Washington<\/option>\n  <option value=\"west-virginia\">West Virginia<\/option>\n  <option value=\"wisconsin\">Wisconsin<\/option>\n  <option value=\"wyoming\">Wyoming<\/option>\n<\/select>\n \n<\/div>\n<\/div><\/div><\/div><div id=\"pgc-29563-0-2\"  class=\"panel-grid-cell\" ><div id=\"panel-29563-0-2-0\" class=\"so-panel widget widget_sow-editor panel-first-child panel-last-child\" data-index=\"2\" ><div\n\t\t\t\n\t\t\tclass=\"so-widget-sow-editor so-widget-sow-editor-base\"\n\t\t\t\n\t\t>\n<div class=\"siteorigin-widget-tinymce textwidget\">\n\t    <div class=\"map-key\">\n        <div class=\"map-key-row\">\n            <div class=\"map-key-color region1\"><\/div>\n            <div class=\"map-key-title\">Regi\u00f3n 1<\/div>\n        <\/div>\n        <div class=\"map-key-row\">\n            <div class=\"map-key-color region2\"><\/div>\n            <div class=\"map-key-title\">Regi\u00f3n 2<\/div>\n        <\/div>\n        <div class=\"map-key-row\">\n            <div class=\"map-key-color region3\"><\/div>\n            <div class=\"map-key-title\">Regi\u00f3n 3<\/div>\n        <\/div>\n        <div class=\"map-key-row\">\n            <div class=\"map-key-color region4\"><\/div>\n            <div class=\"map-key-title\">Regi\u00f3n 4<\/div>\n        <\/div>\n        <div class=\"map-key-row\">\n            <div class=\"map-key-color region5\"><\/div>\n            <div class=\"map-key-title\">Regi\u00f3n 5<\/div>\n        <\/div>\n        <div class=\"map-key-row\">\n            <div class=\"map-key-color region6\"><\/div>\n            <div class=\"map-key-title\">Regi\u00f3n 6<\/div>\n        <\/div>\n    <\/div>\n\n<\/div>\n<\/div><\/div><\/div><\/div><\/div>","protected":false},"excerpt":{"rendered":"<p>Selecciona un estado a continuaci\u00f3n para ver la informaci\u00f3n sobre el Socio de la Alerta AMBER de ese estado Para saber m\u00e1s sobre los enlaces regionales, visita la p\u00e1gina sobre nosotros.<\/p>\n","protected":false},"author":10,"featured_media":23614,"parent":0,"menu_order":0,"comment_status":"closed","ping_status":"closed","template":"page-templates\/page-meet-our-partners.php","meta":{"_bbp_topic_count":0,"_bbp_reply_count":0,"_bbp_total_topic_count":0,"_bbp_total_reply_count":0,"_bbp_voice_count":0,"_bbp_anonymous_reply_count":0,"_bbp_topic_count_hidden":0,"_bbp_reply_count_hidden":0,"_bbp_forum_subforum_count":0,"_analytify_skip_tracking":false,"footnotes":""},"class_list":["post-29563","page","type-page","status-publish","has-post-thumbnail","hentry"],"meta_box":{"aa_theme_enable_blocks_editor":"","aa_theme_featured_img_position":""},"publishpress_future_workflow_manual_trigger":{"enabledWorkflows":[]},"_links":{"self":[{"href":"https:\/\/amberadvocate.org\/es\/wp-json\/wp\/v2\/pages\/29563","targetHints":{"allow":["GET"]}}],"collection":[{"href":"https:\/\/amberadvocate.org\/es\/wp-json\/wp\/v2\/pages"}],"about":[{"href":"https:\/\/amberadvocate.org\/es\/wp-json\/wp\/v2\/types\/page"}],"author":[{"embeddable":true,"href":"https:\/\/amberadvocate.org\/es\/wp-json\/wp\/v2\/users\/10"}],"replies":[{"embeddable":true,"href":"https:\/\/amberadvocate.org\/es\/wp-json\/wp\/v2\/comments?post=29563"}],"version-history":[{"count":0,"href":"https:\/\/amberadvocate.org\/es\/wp-json\/wp\/v2\/pages\/29563\/revisions"}],"wp:featuredmedia":[{"embeddable":true,"href":"https:\/\/amberadvocate.org\/es\/wp-json\/wp\/v2\/media\/23614"}],"wp:attachment":[{"href":"https:\/\/amberadvocate.org\/es\/wp-json\/wp\/v2\/media?parent=29563"}],"curies":[{"name":"wp","href":"https:\/\/api.w.org\/{rel}","templated":true}]}}