{"id":29559,"date":"2017-09-01T16:40:59","date_gmt":"2017-09-01T21:40:59","guid":{"rendered":"https:\/\/amberadvocate.org\/presentar-un-documento\/"},"modified":"2025-11-01T14:04:54","modified_gmt":"2025-11-01T19:04:54","slug":"presentar-un-documento","status":"publish","type":"page","link":"https:\/\/amberadvocate.org\/es\/portal-de-socios\/presentar-un-documento\/","title":{"rendered":"Presentar un documento"},"content":{"rendered":"<div class=\"frm_forms  with_frm_style frm_style_formidable-style\" id=\"frm_form_6_container\" >\n<form enctype=\"multipart\/form-data\" method=\"post\" class=\"frm-show-form  frm_pro_form \" id=\"form_isss9\" >\n<div class=\"frm_form_fields \">\n<fieldset>\n<legend class=\"frm_hidden\">Submit a Document<\/legend>\r\n\r\n<div class=\"frm_fields_container\">\n<input type=\"hidden\" name=\"frm_action\" value=\"create\" \/>\n<input type=\"hidden\" name=\"form_id\" value=\"6\" \/>\n<input type=\"hidden\" name=\"frm_hide_fields_6\" id=\"frm_hide_fields_6\" value=\"\" \/>\n<input type=\"hidden\" name=\"form_key\" value=\"isss9\" \/>\n<input type=\"hidden\" name=\"item_meta[0]\" value=\"\" \/>\n<input type=\"hidden\" id=\"frm_submit_entry_6\" name=\"frm_submit_entry_6\" value=\"f7a93511ef\" \/><input type=\"hidden\" name=\"_wp_http_referer\" value=\"\/es\/wp-json\/wp\/v2\/pages\/29559\" \/><div id=\"frm_field_70_container\" class=\"frm_form_field form-field  frm_top_container\">\r\n    <label for=\"field_g34hp\" class=\"frm_primary_label\">Nombre\r\n        <span class=\"frm_required\"><\/span>\r\n    <\/label>\r\n    <input  type=\"text\" id=\"field_g34hp\" name=\"item_meta[70]\" value=\"\"  data-invmsg=\"Nombre no es v\u00e1lido\" aria-invalid=\"false\"   \/>\r\n    \r\n    \r\n<\/div>\n<div id=\"frm_field_71_container\" class=\"frm_form_field form-field  frm_top_container\">\r\n    <label for=\"field_ue4c8\" class=\"frm_primary_label\">Email Address\r\n        <span class=\"frm_required\"><\/span>\r\n    <\/label>\r\n    <input type=\"email\" id=\"field_ue4c8\" name=\"item_meta[71]\" value=\"\"  data-invmsg=\"Email Address is invalid\" aria-invalid=\"false\"  \/>\r\n    \r\n    \r\n<\/div>\n<div id=\"frm_field_72_container\" class=\"frm_form_field form-field  frm_top_container\">\r\n    <label for=\"field_pe6gd\" class=\"frm_primary_label\">Phone Number\r\n        <span class=\"frm_required\"><\/span>\r\n    <\/label>\r\n    <input  type=\"text\" id=\"field_pe6gd\" name=\"item_meta[72]\" value=\"\"  data-invmsg=\"Phone Number no es v\u00e1lido\" aria-invalid=\"false\"   \/>\r\n    \r\n    \r\n<\/div>\n<div id=\"frm_field_77_container\" class=\"frm_form_field form-field  frm_top_container\">\r\n    <label for=\"field_p9rtp\" class=\"frm_primary_label\">State\r\n        <span class=\"frm_required\"><\/span>\r\n    <\/label>\r\n    \t\t<select name=\"item_meta[77]\" id=\"field_p9rtp\"  data-frmval=\"AMBER Alert Staff\/Associates\" data-invmsg=\"State no es v\u00e1lido\" aria-invalid=\"false\"  >\n\t\t<option  value=\"AMBER Alert Staff\/Associates\" selected='selected'>AMBER Alert Staff\/Associates<\/option><option  value=\"Internation Centre for Missing and Exploited Children\">Internation Centre for Missing and Exploited Children<\/option><option  value=\"National Criminal Justice Training Center Staff\/Associates\">National Criminal Justice Training Center Staff\/Associates<\/option><option  value=\"National Center for Missing and Exploited Children\">National Center for Missing and Exploited Children<\/option><option  value=\"US Department of Justice Officials\/Staff\">US Department of Justice Officials\/Staff<\/option><option  value=\"Alabama\">Alabama<\/option><option  value=\"Alaska\">Alaska<\/option><option  value=\"American Samoa\">American Samoa<\/option><option  value=\"Arizona\">Arizona<\/option><option  value=\"Arkansas\">Arkansas<\/option><option  value=\"California\">California<\/option><option  value=\"Colorado\">Colorado<\/option><option  value=\"Connecticut\">Connecticut<\/option><option  value=\"Delaware\">Delaware<\/option><option  value=\"District of Columbia\">District of Columbia<\/option><option  value=\"Federated States of Micronesia\">Federated States of Micronesia<\/option><option  value=\"Florida\">Florida<\/option><option  value=\"Georgia\">Georgia<\/option><option  value=\"Guam\">Guam<\/option><option  value=\"Hawaii\">Hawaii<\/option><option  value=\"Idaho\">Idaho<\/option><option  value=\"Illinois\">Illinois<\/option><option  value=\"Indiana\">Indiana<\/option><option  value=\"Iowa\">Iowa<\/option><option  value=\"Kansas\">Kansas<\/option><option  value=\"Kentucky\">Kentucky<\/option><option  value=\"Louisiana\">Louisiana<\/option><option  value=\"Maine\">Maine<\/option><option  value=\"Marshall Islands\">Marshall Islands<\/option><option  value=\"Maryland\">Maryland<\/option><option  value=\"Massachusetts\">Massachusetts<\/option><option  value=\"Michigan\">Michigan<\/option><option  value=\"Minnesota\">Minnesota<\/option><option  value=\"Mississippi\">Mississippi<\/option><option  value=\"Missouri\">Missouri<\/option><option  value=\"Montana\">Montana<\/option><option  value=\"Nebraska\">Nebraska<\/option><option  value=\"Nevada\">Nevada<\/option><option  value=\"New Hampshire\">New Hampshire<\/option><option  value=\"New Jersey\">New Jersey<\/option><option  value=\"New Mexico\">New Mexico<\/option><option  value=\"New York\">New York<\/option><option  value=\"North Carolina\">North Carolina<\/option><option  value=\"North Dakota\">North Dakota<\/option><option  value=\"Northern Mariana Islands\">Northern Mariana Islands<\/option><option  value=\"Ohio\">Ohio<\/option><option  value=\"Oklahoma\">Oklahoma<\/option><option  value=\"Oregon\">Oregon<\/option><option  value=\"Palau\">Palau<\/option><option  value=\"Pennsylvania\">Pennsylvania<\/option><option  value=\"Puerto Rico\">Puerto Rico<\/option><option  value=\"Rhode Island\">Rhode Island<\/option><option  value=\"South Carolina\">South Carolina<\/option><option  value=\"South Dakota\">South Dakota<\/option><option  value=\"Tennessee\">Tennessee<\/option><option  value=\"Texas\">Texas<\/option><option  value=\"Utah\">Utah<\/option><option  value=\"Vermont\">Vermont<\/option><option  value=\"Virgin Islands\">Virgin Islands<\/option><option  value=\"Virginia\">Virginia<\/option><option  value=\"Washington\">Washington<\/option><option  value=\"West Virginia\">West Virginia<\/option><option  value=\"Wisconsin\">Wisconsin<\/option><option  value=\"Wyoming\">Wyoming<\/option><option  value=\"Alberta\">Alberta<\/option><option  value=\"British Columbia\">British Columbia<\/option><option  value=\"Manitoba\">Manitoba<\/option><option  value=\"New Brunswick\">New Brunswick<\/option><option  value=\"Newfoundland and Labrador\">Newfoundland and Labrador<\/option><option  value=\"Nova Scotia\">Nova Scotia<\/option><option  value=\"Northwest Territories\">Northwest Territories<\/option><option  value=\"Nunavut\">Nunavut<\/option><option  value=\"Ontario\">Ontario<\/option><option  value=\"Prince Edward Island\">Prince Edward Island<\/option><option  value=\"Quebec\">Quebec<\/option><option  value=\"Saskatchewan\">Saskatchewan<\/option><option  value=\"Yukon\">Yukon<\/option><option  value=\"Aguascalientes\">Aguascalientes<\/option><option  value=\"Baja California\">Baja California<\/option><option  value=\"Baja California Sur\">Baja California Sur<\/option><option  value=\"Campeche\">Campeche<\/option><option  value=\"Chiapas\">Chiapas<\/option><option  value=\"Chihuahua\">Chihuahua<\/option><option  value=\"Coahuila\">Coahuila<\/option><option  value=\"Colima\">Colima<\/option><option  value=\"Mexico City\">Mexico City<\/option><option  value=\"Durango\">Durango<\/option><option  value=\"Guanajuato\">Guanajuato<\/option><option  value=\"Guerrero\">Guerrero<\/option><option  value=\"Hidalgo\">Hidalgo<\/option><option  value=\"Jalisco\">Jalisco<\/option><option  value=\"M\u00e9xico\">M\u00e9xico<\/option><option  value=\"Michoac\u00e1n\">Michoac\u00e1n<\/option><option  value=\"Morelos\">Morelos<\/option><option  value=\"Nayarit\">Nayarit<\/option><option  value=\"Nuevo Le\u00f3n\">Nuevo Le\u00f3n<\/option><option  value=\"Oaxaca\">Oaxaca<\/option><option  value=\"Puebla\">Puebla<\/option><option  value=\"Quer\u00e9taro\">Quer\u00e9taro<\/option><option  value=\"Quintana Roo\">Quintana Roo<\/option><option  value=\"San Luis Potos\u00ed\">San Luis Potos\u00ed<\/option><option  value=\"Sinaloa\">Sinaloa<\/option><option  value=\"Sonora\">Sonora<\/option><option  value=\"Tabasco\">Tabasco<\/option><option  value=\"Tamaulipas\">Tamaulipas<\/option><option  value=\"Tlaxcala\">Tlaxcala<\/option><option  value=\"Veracruz\">Veracruz<\/option><option  value=\"Yucat\u00e1n\">Yucat\u00e1n<\/option><option  value=\"Zacatecas\">Zacatecas<\/option>\t<\/select>\n\t\r\n    \r\n    \r\n<\/div>\n<div id=\"frm_field_74_container\" class=\"frm_form_field form-field  frm_top_container\">\r\n    <label for=\"field_rny6a\" class=\"frm_primary_label\">Additional Details\r\n        <span class=\"frm_required\"><\/span>\r\n    <\/label>\r\n    <textarea name=\"item_meta[74]\" id=\"field_rny6a\" rows=\"5\"  data-invmsg=\"Additional Details no es v\u00e1lido\" aria-invalid=\"false\"  ><\/textarea>\r\n    \r\n    \r\n<\/div>\n<div id=\"frm_field_75_container\" class=\"frm_form_field form-field  frm_top_container\">\r\n    <label for=\"field_4bhbf\" class=\"frm_primary_label\">File Upload\r\n        <span class=\"frm_required\"><\/span>\r\n    <\/label>\r\n    <input type=\"hidden\"  data-invmsg=\"File Upload is invalid\" aria-invalid=\"false\"   name=\"item_meta[75]\"  value=\"\" data-frmfile=\"75\" \/>\n\n<div class=\"frm_dropzone frm_single_upload frm_clearfix\" id=\"file75_dropzone\" role=\"group\" >\n\t<div class=\"fallback\">\n\t\t<input type=\"file\" name=\"file75\" id=\"field_4bhbf\"\n\t\t\t data-invmsg=\"File Upload is invalid\" aria-invalid=\"false\"  \t\t\t\/>\n\t\t\t\t<div class=\"frm_clearfix \"><\/div>\n\t<\/div>\n\t<div class=\"dz-message needsclick\">\n\t\t\t\t<svg  viewBox=\"0 0 18 18\" class=\"frmsvg frm-svg-icon\">\n\t<path viewBox=\"0 0 18 18\" fill-rule=\"evenodd\" clip-rule=\"evenodd\" d=\"M8.2 4v8a.8.8 0 001.5 0V4l2.1 2.2A.7.7 0 1013 5L9.5 1.7a.7.7 0 00-1.1 0L5.1 5.2a.8.8 0 001 1l2.1-2zm7.6 4.3c.4 0 .7.3.7.7v6.8c0 .4-.3.7-.8.7H2.3a.8.8 0 01-.8-.8V9A.8.8 0 013 9v6h12V9c0-.4.3-.8.8-.8z\"><\/path>\n<\/svg>\t\t<span class=\"frm_upload_text\"><button type=\"button\" aria-label=\"File Upload. Arrastra un archivo aqu\u00ed o haz clic para cargar. Tama\u00f1o m\u00e1ximo del archivo: 52.43MB\">Arrastra un archivo aqu\u00ed o haz clic para cargar<\/button><\/span>\n\t\t<span class=\"frm_compact_text\"><button type=\"button\" aria-label=\"File Upload. Seleccionar Archivo. Tama\u00f1o m\u00e1ximo del archivo: 52.43MB\">Seleccionar Archivo<\/button><\/span>\n\t\t<div class=\"frm_small_text\">\n\t\t\t<p>Tama\u00f1o m\u00e1ximo del archivo: 52.43MB<\/p>\n\t\t<\/div>\n\t<\/div>\n<\/div>\n\t\r\n    \r\n    \r\n<\/div>\n<div id=\"frm_field_76_container\" class=\"frm_form_field form-field  frm_none_container\">\r\n    <label for=\"g-recaptcha-response\" class=\"frm_primary_label\">reCAPTCHA\r\n        <span class=\"frm_required\"><\/span>\r\n    <\/label>\r\n    <div  id=\"field_csmvq\" class=\"g-recaptcha\" data-sitekey=\"6LcARpAbAAAAAFR97rEo9hRKPghJ6slI_plTz0_Z\" data-size=\"invisible\" data-theme=\"light\" data-callback=\"frmAfterRecaptcha\"><\/div>\r\n    \r\n    \r\n<\/div>\n<div id=\"frm_field_601_container\" class=\"frm_form_field form-field \">\r\n\t<div class=\"frm_submit\">\r\n\r\n<button class=\"frm_button_submit frm_final_submit\" type=\"submit\"   formnovalidate=\"formnovalidate\">Env\u00eda<\/button>\r\n\r\n<\/div>\r\n<\/div>\n\t<input type=\"hidden\" name=\"item_key\" value=\"\" \/>\n\t\t\t<div id=\"frm_field_613_container\">\n\t\t\t<label for=\"field_y0o33\" >\n\t\t\t\tSi eres humano, deja este campo en blanco.\t\t\t<\/label>\n\t\t\t<input  id=\"field_y0o33\" type=\"text\" class=\"frm_form_field form-field frm_verify\" name=\"item_meta[613]\" value=\"\"  \/>\n\t\t<\/div>\n\t\t<input name=\"frm_state\" type=\"hidden\" value=\"oAzmwEWpeORaNQ6P8wNajE93tS4\/UCVUuo\/jLYh9N7nlCuZMFbrj6zUqs5Nr1RTt\" \/><\/div>\n<\/fieldset>\n<\/div>\n\n<p style=\"display: none !important;\" class=\"akismet-fields-container\" data-prefix=\"ak_\"><label>&#916;<textarea name=\"ak_hp_textarea\" cols=\"45\" rows=\"8\" maxlength=\"100\"><\/textarea><\/label><input type=\"hidden\" id=\"ak_js_1\" name=\"ak_js\" value=\"46\"\/><script>document.getElementById( \"ak_js_1\" ).setAttribute( \"value\", ( new Date() ).getTime() );<\/script><\/p><\/form>\n<\/div>\n\n","protected":false},"excerpt":{"rendered":"","protected":false},"author":10,"featured_media":0,"parent":30324,"menu_order":0,"comment_status":"open","ping_status":"open","template":"","meta":{"_bbp_topic_count":0,"_bbp_reply_count":0,"_bbp_total_topic_count":0,"_bbp_total_reply_count":0,"_bbp_voice_count":0,"_bbp_anonymous_reply_count":0,"_bbp_topic_count_hidden":0,"_bbp_reply_count_hidden":0,"_bbp_forum_subforum_count":0,"_analytify_skip_tracking":false,"footnotes":""},"class_list":["post-29559","page","type-page","status-publish","hentry"],"meta_box":{"aa_theme_enable_blocks_editor":"","aa_theme_featured_img_position":""},"publishpress_future_workflow_manual_trigger":{"enabledWorkflows":[]},"_links":{"self":[{"href":"https:\/\/amberadvocate.org\/es\/wp-json\/wp\/v2\/pages\/29559","targetHints":{"allow":["GET"]}}],"collection":[{"href":"https:\/\/amberadvocate.org\/es\/wp-json\/wp\/v2\/pages"}],"about":[{"href":"https:\/\/amberadvocate.org\/es\/wp-json\/wp\/v2\/types\/page"}],"author":[{"embeddable":true,"href":"https:\/\/amberadvocate.org\/es\/wp-json\/wp\/v2\/users\/10"}],"replies":[{"embeddable":true,"href":"https:\/\/amberadvocate.org\/es\/wp-json\/wp\/v2\/comments?post=29559"}],"version-history":[{"count":0,"href":"https:\/\/amberadvocate.org\/es\/wp-json\/wp\/v2\/pages\/29559\/revisions"}],"up":[{"embeddable":true,"href":"https:\/\/amberadvocate.org\/es\/wp-json\/wp\/v2\/pages\/30324"}],"wp:attachment":[{"href":"https:\/\/amberadvocate.org\/es\/wp-json\/wp\/v2\/media?parent=29559"}],"curies":[{"name":"wp","href":"https:\/\/api.w.org\/{rel}","templated":true}]}}